{"id":856,"date":"2021-11-04T10:33:00","date_gmt":"2021-11-04T10:33:00","guid":{"rendered":"https:\/\/tpag.ch\/?page_id=856"},"modified":"2023-09-12T06:42:25","modified_gmt":"2023-09-12T06:42:25","slug":"emplois","status":"publish","type":"page","link":"https:\/\/tpag.ch\/fr\/entreprise\/emplois\/","title":{"rendered":"Emplois"},"content":{"rendered":"<section class=\"l-section wpb_row height_custom\"><div class=\"l-section-h i-cf\"><div class=\"g-cols vc_row via_flex valign_top type_default stacking_default\"><div class=\"vc_col-sm-12 wpb_column vc_column_container\"><div class=\"vc_column-inner\"><div class=\"wpb_wrapper\"><div class=\"w-image align_none\"><div class=\"w-image-h\"><img decoding=\"async\" width=\"1200\" height=\"600\" src=\"https:\/\/tpag.ch\/wp-content\/uploads\/2019\/10\/tp-stellen.jpg\" class=\"attachment-full size-full\" alt=\"\" loading=\"lazy\" srcset=\"https:\/\/tpag.ch\/wp-content\/uploads\/2019\/10\/tp-stellen.jpg 1200w, https:\/\/tpag.ch\/wp-content\/uploads\/2019\/10\/tp-stellen-300x150.jpg 300w, https:\/\/tpag.ch\/wp-content\/uploads\/2019\/10\/tp-stellen-1024x512.jpg 1024w, https:\/\/tpag.ch\/wp-content\/uploads\/2019\/10\/tp-stellen-100x50.jpg 100w\" sizes=\"auto, (max-width: 1200px) 100vw, 1200px\" \/><\/div><\/div><\/div><\/div><\/div><\/div><\/div><\/section><section class=\"l-section wpb_row height_custom\"><div class=\"l-section-h i-cf\"><div class=\"g-cols vc_row via_flex valign_top type_default stacking_default\"><div class=\"vc_col-sm-12 wpb_column vc_column_container\"><div class=\"vc_column-inner\"><div class=\"wpb_wrapper\"><div class=\"wpb_text_column\"><div class=\"wpb_wrapper\"><h1>Demandes d\u2019emploi<\/h1>\n<p>Vous pouvez nous adresser votre candidature spontan\u00e9e ou vos demandes de renseignements sans engagement.<br \/>\nPossibilit\u00e9 d\u2019apprentissage de planificateur en chauffage \/ ventilation \/ sanitaire sur demande.<\/p>\n<\/div><\/div><\/div><\/div><\/div><\/div><\/div><\/section><section class=\"l-section wpb_row height_custom\"><div class=\"l-section-h i-cf\"><div class=\"g-cols vc_row via_flex valign_top type_default stacking_default\"><div class=\"vc_col-sm-3 wpb_column vc_column_container\"><div class=\"vc_column-inner\"><div class=\"wpb_wrapper\"><div class=\"wpb_text_column slogan2\"><div class=\"wpb_wrapper\"><p>Des conditions de travail progressives<\/p>\n<\/div><\/div><\/div><\/div><\/div><div class=\"vc_col-sm-9 wpb_column vc_column_container\"><div class=\"vc_column-inner\"><div class=\"wpb_wrapper\"><div class=\"wpb_text_column us_custom_e716c567\"><div class=\"wpb_wrapper\"><h2>Nous proposons<\/h2>\n<ul>\n<li>un environnement cr\u00e9atif et constructif<\/li>\n<li>des projets stimulants et int\u00e9ressants<\/li>\n<li>de l\u2019ind\u00e9pendance<\/li>\n<li>des possibilit\u00e9s de d\u00e9veloppement et des conditions de travail progressives<\/li>\n<li>l\u2019utilisation des comp\u00e9tences linguistiques en fran\u00e7ais dans un bureau bilingue<\/li>\n<\/ul>\n<\/div><\/div><\/div><\/div><\/div><\/div><\/div><\/section><section class=\"l-section wpb_row height_custom\"><div class=\"l-section-h i-cf\"><div class=\"g-cols vc_row via_flex valign_top type_default stacking_default\"><div class=\"vc_col-sm-3 wpb_column vc_column_container\"><div class=\"vc_column-inner\"><div class=\"wpb_wrapper\"><div class=\"wpb_text_column slogan2\"><div class=\"wpb_wrapper\"><p>Connaissances et travail en \u00e9quipe<\/p>\n<\/div><\/div><\/div><\/div><\/div><div class=\"vc_col-sm-9 wpb_column vc_column_container\"><div class=\"vc_column-inner\"><div class=\"wpb_wrapper\"><div class=\"wpb_text_column us_custom_e716c567\"><div class=\"wpb_wrapper\"><h2>Nous attendons<\/h2>\n<ul>\n<li>de solides connaissances techniques<\/li>\n<li>la capacit\u00e9 \u00e0 travailler en \u00e9quipe<\/li>\n<li>de la flexibilit\u00e9<\/li>\n<li>de l\u2019initiative<\/li>\n<li>des connaissances de l\u2019informatique et du DAO<\/li>\n<\/ul>\n<\/div><\/div><\/div><\/div><\/div><\/div><\/div><\/section>\n","protected":false},"excerpt":{"rendered":"Demandes d\u2019emploi Vous pouvez nous adresser votre candidature spontan\u00e9e ou vos demandes de renseignements sans engagement. Possibilit\u00e9 d\u2019apprentissage de planificateur en chauffage \/ ventilation \/ sanitaire sur demande. Des conditions de travail progressives Nous proposons un environnement cr\u00e9atif et constructif des projets stimulants et int\u00e9ressants de l\u2019ind\u00e9pendance des possibilit\u00e9s de d\u00e9veloppement et des conditions de...","protected":false},"author":1,"featured_media":0,"parent":751,"menu_order":0,"comment_status":"closed","ping_status":"closed","template":"","meta":{"footnotes":""},"class_list":["post-856","page","type-page","status-publish","hentry"],"yoast_head":"<!-- This site is optimized with the Yoast SEO plugin v25.6 - https:\/\/yoast.com\/wordpress\/plugins\/seo\/ -->\n<title>Emplois - tp<\/title>\n<meta name=\"robots\" content=\"index, follow, max-snippet:-1, max-image-preview:large, max-video-preview:-1\" \/>\n<link rel=\"canonical\" href=\"https:\/\/tpag.ch\/fr\/entreprise\/emplois\/\" \/>\n<meta property=\"og:locale\" content=\"fr_FR\" \/>\n<meta property=\"og:type\" content=\"article\" \/>\n<meta property=\"og:title\" content=\"Emplois - tp\" \/>\n<meta property=\"og:url\" content=\"https:\/\/tpag.ch\/fr\/entreprise\/emplois\/\" \/>\n<meta property=\"og:site_name\" content=\"tp\" \/>\n<meta property=\"article:modified_time\" content=\"2023-09-12T06:42:25+00:00\" \/>\n<meta name=\"twitter:card\" content=\"summary_large_image\" \/>\n<meta name=\"twitter:label1\" content=\"Dur\u00e9e de lecture estim\u00e9e\" \/>\n\t<meta name=\"twitter:data1\" content=\"1 minute\" \/>\n<script type=\"application\/ld+json\" class=\"yoast-schema-graph\">{\"@context\":\"https:\/\/schema.org\",\"@graph\":[{\"@type\":\"WebPage\",\"@id\":\"https:\/\/tpag.ch\/fr\/entreprise\/emplois\/\",\"url\":\"https:\/\/tpag.ch\/fr\/entreprise\/emplois\/\",\"name\":\"Emplois - tp\",\"isPartOf\":{\"@id\":\"https:\/\/tpag.ch\/#website\"},\"datePublished\":\"2021-11-04T10:33:00+00:00\",\"dateModified\":\"2023-09-12T06:42:25+00:00\",\"breadcrumb\":{\"@id\":\"https:\/\/tpag.ch\/fr\/entreprise\/emplois\/#breadcrumb\"},\"inLanguage\":\"fr-FR\",\"potentialAction\":[{\"@type\":\"ReadAction\",\"target\":[\"https:\/\/tpag.ch\/fr\/entreprise\/emplois\/\"]}]},{\"@type\":\"BreadcrumbList\",\"@id\":\"https:\/\/tpag.ch\/fr\/entreprise\/emplois\/#breadcrumb\",\"itemListElement\":[{\"@type\":\"ListItem\",\"position\":1,\"name\":\"Home\",\"item\":\"https:\/\/tpag.ch\/fr\/\"},{\"@type\":\"ListItem\",\"position\":2,\"name\":\"Entreprise\",\"item\":\"https:\/\/tpag.ch\/fr\/entreprise\/\"},{\"@type\":\"ListItem\",\"position\":3,\"name\":\"Emplois\"}]},{\"@type\":\"WebSite\",\"@id\":\"https:\/\/tpag.ch\/#website\",\"url\":\"https:\/\/tpag.ch\/\",\"name\":\"tp\",\"description\":\"AG f\u00fcr technische Planungen\",\"potentialAction\":[{\"@type\":\"SearchAction\",\"target\":{\"@type\":\"EntryPoint\",\"urlTemplate\":\"https:\/\/tpag.ch\/?s={search_term_string}\"},\"query-input\":{\"@type\":\"PropertyValueSpecification\",\"valueRequired\":true,\"valueName\":\"search_term_string\"}}],\"inLanguage\":\"fr-FR\"}]}<\/script>\n<!-- \/ Yoast SEO plugin. -->","yoast_head_json":{"title":"Emplois - tp","robots":{"index":"index","follow":"follow","max-snippet":"max-snippet:-1","max-image-preview":"max-image-preview:large","max-video-preview":"max-video-preview:-1"},"canonical":"https:\/\/tpag.ch\/fr\/entreprise\/emplois\/","og_locale":"fr_FR","og_type":"article","og_title":"Emplois - tp","og_url":"https:\/\/tpag.ch\/fr\/entreprise\/emplois\/","og_site_name":"tp","article_modified_time":"2023-09-12T06:42:25+00:00","twitter_card":"summary_large_image","twitter_misc":{"Dur\u00e9e de lecture estim\u00e9e":"1 minute"},"schema":{"@context":"https:\/\/schema.org","@graph":[{"@type":"WebPage","@id":"https:\/\/tpag.ch\/fr\/entreprise\/emplois\/","url":"https:\/\/tpag.ch\/fr\/entreprise\/emplois\/","name":"Emplois - tp","isPartOf":{"@id":"https:\/\/tpag.ch\/#website"},"datePublished":"2021-11-04T10:33:00+00:00","dateModified":"2023-09-12T06:42:25+00:00","breadcrumb":{"@id":"https:\/\/tpag.ch\/fr\/entreprise\/emplois\/#breadcrumb"},"inLanguage":"fr-FR","potentialAction":[{"@type":"ReadAction","target":["https:\/\/tpag.ch\/fr\/entreprise\/emplois\/"]}]},{"@type":"BreadcrumbList","@id":"https:\/\/tpag.ch\/fr\/entreprise\/emplois\/#breadcrumb","itemListElement":[{"@type":"ListItem","position":1,"name":"Home","item":"https:\/\/tpag.ch\/fr\/"},{"@type":"ListItem","position":2,"name":"Entreprise","item":"https:\/\/tpag.ch\/fr\/entreprise\/"},{"@type":"ListItem","position":3,"name":"Emplois"}]},{"@type":"WebSite","@id":"https:\/\/tpag.ch\/#website","url":"https:\/\/tpag.ch\/","name":"tp","description":"AG f\u00fcr technische Planungen","potentialAction":[{"@type":"SearchAction","target":{"@type":"EntryPoint","urlTemplate":"https:\/\/tpag.ch\/?s={search_term_string}"},"query-input":{"@type":"PropertyValueSpecification","valueRequired":true,"valueName":"search_term_string"}}],"inLanguage":"fr-FR"}]}},"_links":{"self":[{"href":"https:\/\/tpag.ch\/fr\/wp-json\/wp\/v2\/pages\/856","targetHints":{"allow":["GET"]}}],"collection":[{"href":"https:\/\/tpag.ch\/fr\/wp-json\/wp\/v2\/pages"}],"about":[{"href":"https:\/\/tpag.ch\/fr\/wp-json\/wp\/v2\/types\/page"}],"author":[{"embeddable":true,"href":"https:\/\/tpag.ch\/fr\/wp-json\/wp\/v2\/users\/1"}],"replies":[{"embeddable":true,"href":"https:\/\/tpag.ch\/fr\/wp-json\/wp\/v2\/comments?post=856"}],"version-history":[{"count":5,"href":"https:\/\/tpag.ch\/fr\/wp-json\/wp\/v2\/pages\/856\/revisions"}],"predecessor-version":[{"id":950,"href":"https:\/\/tpag.ch\/fr\/wp-json\/wp\/v2\/pages\/856\/revisions\/950"}],"up":[{"embeddable":true,"href":"https:\/\/tpag.ch\/fr\/wp-json\/wp\/v2\/pages\/751"}],"wp:attachment":[{"href":"https:\/\/tpag.ch\/fr\/wp-json\/wp\/v2\/media?parent=856"}],"curies":[{"name":"wp","href":"https:\/\/api.w.org\/{rel}","templated":true}]}}