{"id":783,"date":"2019-11-05T09:10:26","date_gmt":"2019-11-05T09:10:26","guid":{"rendered":"https:\/\/tpag.ch\/?page_id=783"},"modified":"2025-07-10T09:31:21","modified_gmt":"2025-07-10T09:31:21","slug":"musees-eglises-culture","status":"publish","type":"page","link":"https:\/\/tpag.ch\/fr\/references\/musees-eglises-culture\/","title":{"rendered":"Mus\u00e9es \/ Eglises \/ Culture"},"content":{"rendered":"<section class=\"l-section wpb_row height_custom\"><div class=\"l-section-h i-cf\"><div class=\"g-cols vc_row via_flex valign_top type_default stacking_default\"><div class=\"vc_col-sm-12 wpb_column vc_column_container\"><div class=\"vc_column-inner\"><div class=\"wpb_wrapper\"><div class=\"wpb_text_column\"><div class=\"wpb_wrapper\"><h1>Mus\u00e9es \/ Eglises \/ Culture<\/h1>\n<\/div><\/div><div class=\"ult-spacer spacer-69e227793fb23\" data-id=\"69e227793fb23\" data-height=\"30\" data-height-mobile=\"30\" data-height-tab=\"30\" data-height-tab-portrait=\"\" data-height-mobile-landscape=\"\" style=\"clear:both;display:block;\"><\/div><div class=\"g-cols wpb_row via_flex valign_top type_default stacking_default\"><div class=\"vc_col-sm-4 wpb_column vc_column_container\"><div class=\"vc_column-inner\"><div class=\"wpb_wrapper\"><div class=\"w-image us_custom_e716c567 align_none\"><div class=\"w-image-h\"><img decoding=\"async\" width=\"1024\" height=\"1024\" src=\"https:\/\/tpag.ch\/wp-content\/uploads\/2019\/09\/tp_15_Bruderklaus_Kirche_Biel.jpg\" class=\"attachment-large size-large\" alt=\"\" loading=\"lazy\" srcset=\"https:\/\/tpag.ch\/wp-content\/uploads\/2019\/09\/tp_15_Bruderklaus_Kirche_Biel.jpg 1024w, https:\/\/tpag.ch\/wp-content\/uploads\/2019\/09\/tp_15_Bruderklaus_Kirche_Biel-150x150.jpg 150w, https:\/\/tpag.ch\/wp-content\/uploads\/2019\/09\/tp_15_Bruderklaus_Kirche_Biel-300x300.jpg 300w, https:\/\/tpag.ch\/wp-content\/uploads\/2019\/09\/tp_15_Bruderklaus_Kirche_Biel-350x350.jpg 350w, https:\/\/tpag.ch\/wp-content\/uploads\/2019\/09\/tp_15_Bruderklaus_Kirche_Biel-600x600.jpg 600w, https:\/\/tpag.ch\/wp-content\/uploads\/2019\/09\/tp_15_Bruderklaus_Kirche_Biel-100x100.jpg 100w\" sizes=\"auto, (max-width: 1024px) 100vw, 1024px\" \/><\/div><\/div><div class=\"ult-spacer spacer-69e2277941339\" data-id=\"69e2277941339\" data-height=\"15\" data-height-mobile=\"15\" data-height-tab=\"15\" data-height-tab-portrait=\"\" data-height-mobile-landscape=\"\" style=\"clear:both;display:block;\"><\/div><div class=\"wpb_text_column\"><div class=\"wpb_wrapper\"><p>2017 | Assainissement de la centrale de chauffe \u00e9glise Bruder Klaus, Bienne<\/p>\n<p>Planification: C<\/p>\n<p>Sp\u00e9cialit\u00e9: Temps de construction tr\u00e8s restreint.<\/p>\n<p>Architecture: Direction des travaux Bureau tp, Bienne<\/p>\n<\/div><\/div><div class=\"ult-spacer spacer-69e2277941556\" data-id=\"69e2277941556\" data-height=\"45\" data-height-mobile=\"45\" data-height-tab=\"45\" data-height-tab-portrait=\"\" data-height-mobile-landscape=\"\" style=\"clear:both;display:block;\"><\/div><\/div><\/div><\/div><div class=\"vc_col-sm-4 wpb_column vc_column_container\"><div class=\"vc_column-inner\"><div class=\"wpb_wrapper\"><div class=\"w-image us_custom_e716c567 align_none\"><div class=\"w-image-h\"><img decoding=\"async\" width=\"1024\" height=\"1024\" src=\"https:\/\/tpag.ch\/wp-content\/uploads\/2019\/09\/tp_15_Kirchgemeindehaus_Nidau.jpg\" class=\"attachment-large size-large\" alt=\"\" loading=\"lazy\" srcset=\"https:\/\/tpag.ch\/wp-content\/uploads\/2019\/09\/tp_15_Kirchgemeindehaus_Nidau.jpg 1024w, https:\/\/tpag.ch\/wp-content\/uploads\/2019\/09\/tp_15_Kirchgemeindehaus_Nidau-150x150.jpg 150w, https:\/\/tpag.ch\/wp-content\/uploads\/2019\/09\/tp_15_Kirchgemeindehaus_Nidau-300x300.jpg 300w, https:\/\/tpag.ch\/wp-content\/uploads\/2019\/09\/tp_15_Kirchgemeindehaus_Nidau-350x350.jpg 350w, https:\/\/tpag.ch\/wp-content\/uploads\/2019\/09\/tp_15_Kirchgemeindehaus_Nidau-600x600.jpg 600w, https:\/\/tpag.ch\/wp-content\/uploads\/2019\/09\/tp_15_Kirchgemeindehaus_Nidau-100x100.jpg 100w\" sizes=\"auto, (max-width: 1024px) 100vw, 1024px\" \/><\/div><\/div><div class=\"ult-spacer spacer-69e2277941df2\" data-id=\"69e2277941df2\" data-height=\"15\" data-height-mobile=\"15\" data-height-tab=\"15\" data-height-tab-portrait=\"\" data-height-mobile-landscape=\"\" style=\"clear:both;display:block;\"><\/div><div class=\"wpb_text_column\"><div class=\"wpb_wrapper\"><p>2015 | Assainissement centre paroissial, Nidau<\/p>\n<p>Planification: CVS<\/p>\n<p>Sp\u00e9cialit\u00e9: Espace d\u2019installation tr\u00e8s restreint, assainissement en exploitation<\/p>\n<p>Architecture: Fahrl\u00e4nder + Rytz Architectes, Bienne<\/p>\n<\/div><\/div><div class=\"ult-spacer spacer-69e227794200a\" data-id=\"69e227794200a\" data-height=\"45\" data-height-mobile=\"45\" data-height-tab=\"45\" data-height-tab-portrait=\"\" data-height-mobile-landscape=\"\" style=\"clear:both;display:block;\"><\/div><\/div><\/div><\/div><div class=\"vc_col-sm-4 wpb_column vc_column_container\"><div class=\"vc_column-inner\"><div class=\"wpb_wrapper\"><div class=\"w-image us_custom_e716c567 align_none\"><div class=\"w-image-h\"><img decoding=\"async\" width=\"1024\" height=\"1024\" src=\"https:\/\/tpag.ch\/wp-content\/uploads\/2019\/09\/tp_15_Eglise_Evangelique_Baptiste_Biel.jpg\" class=\"attachment-large size-large\" alt=\"\" loading=\"lazy\" srcset=\"https:\/\/tpag.ch\/wp-content\/uploads\/2019\/09\/tp_15_Eglise_Evangelique_Baptiste_Biel.jpg 1024w, https:\/\/tpag.ch\/wp-content\/uploads\/2019\/09\/tp_15_Eglise_Evangelique_Baptiste_Biel-150x150.jpg 150w, https:\/\/tpag.ch\/wp-content\/uploads\/2019\/09\/tp_15_Eglise_Evangelique_Baptiste_Biel-300x300.jpg 300w, https:\/\/tpag.ch\/wp-content\/uploads\/2019\/09\/tp_15_Eglise_Evangelique_Baptiste_Biel-350x350.jpg 350w, https:\/\/tpag.ch\/wp-content\/uploads\/2019\/09\/tp_15_Eglise_Evangelique_Baptiste_Biel-600x600.jpg 600w, https:\/\/tpag.ch\/wp-content\/uploads\/2019\/09\/tp_15_Eglise_Evangelique_Baptiste_Biel-100x100.jpg 100w\" sizes=\"auto, (max-width: 1024px) 100vw, 1024px\" \/><\/div><\/div><div class=\"ult-spacer spacer-69e22779428f0\" data-id=\"69e22779428f0\" data-height=\"15\" data-height-mobile=\"15\" data-height-tab=\"15\" data-height-tab-portrait=\"\" data-height-mobile-landscape=\"\" style=\"clear:both;display:block;\"><\/div><div class=\"wpb_text_column\"><div class=\"wpb_wrapper\"><p>2011 | Eglise Evangelique Baptiste, Bienne<\/p>\n<p>Planification: CVS<\/p>\n<p>Sp\u00e9cialit\u00e9: Temps de construction tr\u00e8s restreint.<\/p>\n<p>Architecture: GLS Architectes, Bienne<\/p>\n<\/div><\/div><div class=\"ult-spacer spacer-69e2277942b0f\" data-id=\"69e2277942b0f\" data-height=\"45\" data-height-mobile=\"45\" data-height-tab=\"45\" data-height-tab-portrait=\"\" data-height-mobile-landscape=\"\" style=\"clear:both;display:block;\"><\/div><\/div><\/div><\/div><\/div><div class=\"g-cols wpb_row via_flex valign_top type_default stacking_default\"><div class=\"vc_col-sm-4 wpb_column vc_column_container\"><div class=\"vc_column-inner\"><div class=\"wpb_wrapper\"><div class=\"w-image us_custom_e716c567 align_none\"><div class=\"w-image-h\"><img decoding=\"async\" width=\"1024\" height=\"1024\" src=\"https:\/\/tpag.ch\/wp-content\/uploads\/2019\/09\/tp_15_Hochschule_der_Kuenste_Biel.jpg\" class=\"attachment-large size-large\" alt=\"\" loading=\"lazy\" srcset=\"https:\/\/tpag.ch\/wp-content\/uploads\/2019\/09\/tp_15_Hochschule_der_Kuenste_Biel.jpg 1024w, https:\/\/tpag.ch\/wp-content\/uploads\/2019\/09\/tp_15_Hochschule_der_Kuenste_Biel-150x150.jpg 150w, https:\/\/tpag.ch\/wp-content\/uploads\/2019\/09\/tp_15_Hochschule_der_Kuenste_Biel-300x300.jpg 300w, https:\/\/tpag.ch\/wp-content\/uploads\/2019\/09\/tp_15_Hochschule_der_Kuenste_Biel-350x350.jpg 350w, https:\/\/tpag.ch\/wp-content\/uploads\/2019\/09\/tp_15_Hochschule_der_Kuenste_Biel-600x600.jpg 600w, https:\/\/tpag.ch\/wp-content\/uploads\/2019\/09\/tp_15_Hochschule_der_Kuenste_Biel-100x100.jpg 100w\" sizes=\"auto, (max-width: 1024px) 100vw, 1024px\" \/><\/div><\/div><div class=\"ult-spacer spacer-69e22779436aa\" data-id=\"69e22779436aa\" data-height=\"15\" data-height-mobile=\"15\" data-height-tab=\"15\" data-height-tab-portrait=\"\" data-height-mobile-landscape=\"\" style=\"clear:both;display:block;\"><\/div><div class=\"wpb_text_column\"><div class=\"wpb_wrapper\"><p>2010 | Haute \u00e9cole des arts, Bienne<\/p>\n<p>Planification: CVS<\/p>\n<p>Sp\u00e9cialit\u00e9: B\u00e2timent prot\u00e9g\u00e9 par les monuments historiques, accoustique tr\u00e8s \u00e9lev\u00e9e<\/p>\n<p>Architecture: Urs Aufranc Architectes, Bienne<\/p>\n<\/div><\/div><div class=\"ult-spacer spacer-69e22779438bc\" data-id=\"69e22779438bc\" data-height=\"45\" data-height-mobile=\"45\" data-height-tab=\"45\" data-height-tab-portrait=\"\" data-height-mobile-landscape=\"\" style=\"clear:both;display:block;\"><\/div><\/div><\/div><\/div><div class=\"vc_col-sm-4 wpb_column vc_column_container\"><div class=\"vc_column-inner\"><div class=\"wpb_wrapper\"><div class=\"w-image us_custom_e716c567 align_none\"><div class=\"w-image-h\"><img decoding=\"async\" width=\"1024\" height=\"1024\" src=\"https:\/\/tpag.ch\/wp-content\/uploads\/2019\/09\/tp_15_KuFa_Lyss.jpg\" class=\"attachment-large size-large\" alt=\"\" loading=\"lazy\" srcset=\"https:\/\/tpag.ch\/wp-content\/uploads\/2019\/09\/tp_15_KuFa_Lyss.jpg 1024w, https:\/\/tpag.ch\/wp-content\/uploads\/2019\/09\/tp_15_KuFa_Lyss-150x150.jpg 150w, https:\/\/tpag.ch\/wp-content\/uploads\/2019\/09\/tp_15_KuFa_Lyss-300x300.jpg 300w, https:\/\/tpag.ch\/wp-content\/uploads\/2019\/09\/tp_15_KuFa_Lyss-350x350.jpg 350w, https:\/\/tpag.ch\/wp-content\/uploads\/2019\/09\/tp_15_KuFa_Lyss-600x600.jpg 600w, https:\/\/tpag.ch\/wp-content\/uploads\/2019\/09\/tp_15_KuFa_Lyss-100x100.jpg 100w\" sizes=\"auto, (max-width: 1024px) 100vw, 1024px\" \/><\/div><\/div><div class=\"ult-spacer spacer-69e2277944256\" data-id=\"69e2277944256\" data-height=\"15\" data-height-mobile=\"15\" data-height-tab=\"15\" data-height-tab-portrait=\"\" data-height-mobile-landscape=\"\" style=\"clear:both;display:block;\"><\/div><div class=\"wpb_text_column\"><div class=\"wpb_wrapper\"><p>2009 | Usine culturelle KuFa, Lyss<\/p>\n<p>Planification: CVS<\/p>\n<p>Sp\u00e9cialit\u00e9: C\u00e9rtification Minergie, accoustique tr\u00e8s \u00e9lev\u00e9e, PAC avec l\u2019eau de la nappe pour chauffer et refroidir<\/p>\n<p>Architecture: von Bergen L\u00fcthi Architectes, Bienne<\/p>\n<\/div><\/div><div class=\"ult-spacer spacer-69e227794446b\" data-id=\"69e227794446b\" data-height=\"45\" data-height-mobile=\"45\" data-height-tab=\"45\" data-height-tab-portrait=\"\" data-height-mobile-landscape=\"\" style=\"clear:both;display:block;\"><\/div><\/div><\/div><\/div><div class=\"vc_col-sm-4 wpb_column vc_column_container\"><div class=\"vc_column-inner\"><div class=\"wpb_wrapper\"><div class=\"w-image us_custom_e716c567 align_none\"><div class=\"w-image-h\"><img decoding=\"async\" width=\"1024\" height=\"1024\" src=\"https:\/\/tpag.ch\/wp-content\/uploads\/2019\/09\/tp_15_PasquArt_Biel__.jpg\" class=\"attachment-large size-large\" alt=\"\" loading=\"lazy\" srcset=\"https:\/\/tpag.ch\/wp-content\/uploads\/2019\/09\/tp_15_PasquArt_Biel__.jpg 1024w, https:\/\/tpag.ch\/wp-content\/uploads\/2019\/09\/tp_15_PasquArt_Biel__-150x150.jpg 150w, https:\/\/tpag.ch\/wp-content\/uploads\/2019\/09\/tp_15_PasquArt_Biel__-300x300.jpg 300w, https:\/\/tpag.ch\/wp-content\/uploads\/2019\/09\/tp_15_PasquArt_Biel__-350x350.jpg 350w, https:\/\/tpag.ch\/wp-content\/uploads\/2019\/09\/tp_15_PasquArt_Biel__-600x600.jpg 600w, https:\/\/tpag.ch\/wp-content\/uploads\/2019\/09\/tp_15_PasquArt_Biel__-100x100.jpg 100w\" sizes=\"auto, (max-width: 1024px) 100vw, 1024px\" \/><\/div><\/div><div class=\"ult-spacer spacer-69e2277944ecf\" data-id=\"69e2277944ecf\" data-height=\"15\" data-height-mobile=\"15\" data-height-tab=\"15\" data-height-tab-portrait=\"\" data-height-mobile-landscape=\"\" style=\"clear:both;display:block;\"><\/div><div class=\"wpb_text_column\"><div class=\"wpb_wrapper\"><p>1998 | Mus\u00e9e Centre PasquArt, Bienne<\/p>\n<p>Planification: CVCS<\/p>\n<p>Sp\u00e9cialit\u00e9: Installations \u201echach\u00e9es\u201c, exigences de stabilit\u00e9 de temp\u00e9rature et d\u2019humidit\u00e9<\/p>\n<p>Architecture: Diener + Diener Architectes, Basel<\/p>\n<\/div><\/div><div class=\"ult-spacer spacer-69e22779450e7\" data-id=\"69e22779450e7\" data-height=\"45\" data-height-mobile=\"45\" data-height-tab=\"45\" data-height-tab-portrait=\"\" data-height-mobile-landscape=\"\" style=\"clear:both;display:block;\"><\/div><\/div><\/div><\/div><\/div><\/div><\/div><\/div><\/div><\/div><\/section><section class=\"l-section wpb_row height_custom\"><div class=\"l-section-h i-cf\"><div class=\"g-cols vc_row via_flex valign_top type_default stacking_default\"><div class=\"vc_col-sm-12 wpb_column vc_column_container\"><div class=\"vc_column-inner\"><div class=\"wpb_wrapper\"><div class=\"wpb_text_column\"><div class=\"wpb_wrapper\"><h2>Ouvrages<\/h2>\n<p>Assainissement de la centrale de chauffe, \u00e9glise Bruder Klaus, Bienne<\/p>\n<p>Assainissement centre paroissial, Nidau<\/p>\n<p>Eglise Evangelique Baptiste, Bienne<\/p>\n<p>Eglise catholique romaine, Bienne<\/p>\n<p>Haute \u00e9cole des arts, Bienne<\/p>\n<p>Usine culturelle KuFa, Lyss<\/p>\n<p>Mus\u00e9e Centre PasquArt, Bienne<\/p>\n<\/div><\/div><\/div><\/div><\/div><\/div><\/div><\/section><section class=\"l-section wpb_row height_custom\"><div class=\"l-section-h i-cf\"><div class=\"g-cols vc_row via_flex valign_top type_default stacking_default\"><div class=\"vc_col-sm-12 wpb_column vc_column_container\"><div class=\"vc_column-inner\"><div class=\"wpb_wrapper\"><div class=\"aio-icon-component   icon style_1\"><a class=\"aio-icon-box-link\" href=\"https:\/\/tpag.ch\/fr\/references\/\" title=\"Referenzen\" ><div id=\"Info-box-wrap-4319\" class=\"aio-icon-box left-icon\" style=\"\"  ><div class=\"aio-icon-left\"><div class=\"ult-just-icon-wrapper  \"><div class=\"align-icon\" style=\"text-align:center;\">\n<div class=\"aio-icon-img \" style=\"font-size:100px;display:inline-block;\" >\n\t<img decoding=\"async\" class=\"img-icon\" alt=\"null\" src=\"https:\/\/tpag.ch\/wp-content\/uploads\/2019\/05\/tp-referenzen.jpg\"\/>\n<\/div><\/div><\/div><\/div><div class=\"aio-ibd-block\"><div class=\"aio-icon-description ult-responsive\"  data-ultimate-target='#Info-box-wrap-4319 .aio-icon-description'  data-responsive-json-new='{\"font-size\":\"\",\"line-height\":\"\"}'  style=\"color:#d90000;\">\n<h2>R\u00e9f\u00e9rences <span class=\"invis\">\u2192<\/span><\/h2>\n<\/div> <!-- description --><\/div> <!-- aio-ibd-block --><\/div> <!-- aio-icon-box --><\/a><\/div> <!-- aio-icon-component --><\/div><\/div><\/div><\/div><\/div><\/section>\n","protected":false},"excerpt":{"rendered":"Mus\u00e9es \/ Eglises \/ Culture 2017 | Assainissement de la centrale de chauffe \u00e9glise Bruder Klaus, Bienne Planification: C Sp\u00e9cialit\u00e9: Temps de construction tr\u00e8s restreint. Architecture: Direction des travaux Bureau tp, Bienne 2015 | Assainissement centre paroissial, Nidau Planification: CVS Sp\u00e9cialit\u00e9: Espace d\u2019installation tr\u00e8s restreint, assainissement en exploitation Architecture: Fahrl\u00e4nder + Rytz Architectes, Bienne 2011...","protected":false},"author":1,"featured_media":0,"parent":762,"menu_order":0,"comment_status":"closed","ping_status":"closed","template":"","meta":{"footnotes":""},"class_list":["post-783","page","type-page","status-publish","hentry"],"yoast_head":"<!-- This site is optimized with the Yoast SEO plugin v25.6 - https:\/\/yoast.com\/wordpress\/plugins\/seo\/ -->\n<title>Mus\u00e9es \/ Eglises \/ Culture - tp<\/title>\n<meta name=\"robots\" content=\"index, follow, max-snippet:-1, max-image-preview:large, max-video-preview:-1\" \/>\n<link rel=\"canonical\" href=\"https:\/\/tpag.ch\/referenzen\/museen-kirchen-kultur\/\" \/>\n<meta property=\"og:locale\" content=\"fr_FR\" \/>\n<meta property=\"og:type\" content=\"article\" \/>\n<meta property=\"og:title\" content=\"Mus\u00e9es \/ Eglises \/ Culture - tp\" \/>\n<meta property=\"og:url\" content=\"https:\/\/tpag.ch\/referenzen\/museen-kirchen-kultur\/\" \/>\n<meta property=\"og:site_name\" content=\"tp\" \/>\n<meta property=\"article:modified_time\" content=\"2025-07-10T09:31:21+00:00\" \/>\n<meta name=\"twitter:card\" content=\"summary_large_image\" \/>\n<meta name=\"twitter:label1\" content=\"Dur\u00e9e de lecture estim\u00e9e\" \/>\n\t<meta name=\"twitter:data1\" content=\"2 minutes\" \/>\n<script type=\"application\/ld+json\" class=\"yoast-schema-graph\">{\"@context\":\"https:\/\/schema.org\",\"@graph\":[{\"@type\":\"WebPage\",\"@id\":\"https:\/\/tpag.ch\/referenzen\/museen-kirchen-kultur\/\",\"url\":\"https:\/\/tpag.ch\/referenzen\/museen-kirchen-kultur\/\",\"name\":\"Mus\u00e9es \/ Eglises \/ Culture - tp\",\"isPartOf\":{\"@id\":\"https:\/\/tpag.ch\/#website\"},\"datePublished\":\"2019-11-05T09:10:26+00:00\",\"dateModified\":\"2025-07-10T09:31:21+00:00\",\"breadcrumb\":{\"@id\":\"https:\/\/tpag.ch\/referenzen\/museen-kirchen-kultur\/#breadcrumb\"},\"inLanguage\":\"fr-FR\",\"potentialAction\":[{\"@type\":\"ReadAction\",\"target\":[\"https:\/\/tpag.ch\/referenzen\/museen-kirchen-kultur\/\"]}]},{\"@type\":\"BreadcrumbList\",\"@id\":\"https:\/\/tpag.ch\/referenzen\/museen-kirchen-kultur\/#breadcrumb\",\"itemListElement\":[{\"@type\":\"ListItem\",\"position\":1,\"name\":\"Home\",\"item\":\"https:\/\/tpag.ch\/fr\/\"},{\"@type\":\"ListItem\",\"position\":2,\"name\":\"R\u00e9f\u00e9rences\",\"item\":\"https:\/\/tpag.ch\/referenzen\/\"},{\"@type\":\"ListItem\",\"position\":3,\"name\":\"Mus\u00e9es \/ Eglises \/ Culture\"}]},{\"@type\":\"WebSite\",\"@id\":\"https:\/\/tpag.ch\/#website\",\"url\":\"https:\/\/tpag.ch\/\",\"name\":\"tp\",\"description\":\"AG f\u00fcr technische Planungen\",\"potentialAction\":[{\"@type\":\"SearchAction\",\"target\":{\"@type\":\"EntryPoint\",\"urlTemplate\":\"https:\/\/tpag.ch\/?s={search_term_string}\"},\"query-input\":{\"@type\":\"PropertyValueSpecification\",\"valueRequired\":true,\"valueName\":\"search_term_string\"}}],\"inLanguage\":\"fr-FR\"}]}<\/script>\n<!-- \/ Yoast SEO plugin. -->","yoast_head_json":{"title":"Mus\u00e9es \/ Eglises \/ Culture - tp","robots":{"index":"index","follow":"follow","max-snippet":"max-snippet:-1","max-image-preview":"max-image-preview:large","max-video-preview":"max-video-preview:-1"},"canonical":"https:\/\/tpag.ch\/referenzen\/museen-kirchen-kultur\/","og_locale":"fr_FR","og_type":"article","og_title":"Mus\u00e9es \/ Eglises \/ Culture - tp","og_url":"https:\/\/tpag.ch\/referenzen\/museen-kirchen-kultur\/","og_site_name":"tp","article_modified_time":"2025-07-10T09:31:21+00:00","twitter_card":"summary_large_image","twitter_misc":{"Dur\u00e9e de lecture estim\u00e9e":"2 minutes"},"schema":{"@context":"https:\/\/schema.org","@graph":[{"@type":"WebPage","@id":"https:\/\/tpag.ch\/referenzen\/museen-kirchen-kultur\/","url":"https:\/\/tpag.ch\/referenzen\/museen-kirchen-kultur\/","name":"Mus\u00e9es \/ Eglises \/ Culture - tp","isPartOf":{"@id":"https:\/\/tpag.ch\/#website"},"datePublished":"2019-11-05T09:10:26+00:00","dateModified":"2025-07-10T09:31:21+00:00","breadcrumb":{"@id":"https:\/\/tpag.ch\/referenzen\/museen-kirchen-kultur\/#breadcrumb"},"inLanguage":"fr-FR","potentialAction":[{"@type":"ReadAction","target":["https:\/\/tpag.ch\/referenzen\/museen-kirchen-kultur\/"]}]},{"@type":"BreadcrumbList","@id":"https:\/\/tpag.ch\/referenzen\/museen-kirchen-kultur\/#breadcrumb","itemListElement":[{"@type":"ListItem","position":1,"name":"Home","item":"https:\/\/tpag.ch\/fr\/"},{"@type":"ListItem","position":2,"name":"R\u00e9f\u00e9rences","item":"https:\/\/tpag.ch\/referenzen\/"},{"@type":"ListItem","position":3,"name":"Mus\u00e9es \/ Eglises \/ Culture"}]},{"@type":"WebSite","@id":"https:\/\/tpag.ch\/#website","url":"https:\/\/tpag.ch\/","name":"tp","description":"AG f\u00fcr technische Planungen","potentialAction":[{"@type":"SearchAction","target":{"@type":"EntryPoint","urlTemplate":"https:\/\/tpag.ch\/?s={search_term_string}"},"query-input":{"@type":"PropertyValueSpecification","valueRequired":true,"valueName":"search_term_string"}}],"inLanguage":"fr-FR"}]}},"_links":{"self":[{"href":"https:\/\/tpag.ch\/fr\/wp-json\/wp\/v2\/pages\/783","targetHints":{"allow":["GET"]}}],"collection":[{"href":"https:\/\/tpag.ch\/fr\/wp-json\/wp\/v2\/pages"}],"about":[{"href":"https:\/\/tpag.ch\/fr\/wp-json\/wp\/v2\/types\/page"}],"author":[{"embeddable":true,"href":"https:\/\/tpag.ch\/fr\/wp-json\/wp\/v2\/users\/1"}],"replies":[{"embeddable":true,"href":"https:\/\/tpag.ch\/fr\/wp-json\/wp\/v2\/comments?post=783"}],"version-history":[{"count":2,"href":"https:\/\/tpag.ch\/fr\/wp-json\/wp\/v2\/pages\/783\/revisions"}],"predecessor-version":[{"id":893,"href":"https:\/\/tpag.ch\/fr\/wp-json\/wp\/v2\/pages\/783\/revisions\/893"}],"up":[{"embeddable":true,"href":"https:\/\/tpag.ch\/fr\/wp-json\/wp\/v2\/pages\/762"}],"wp:attachment":[{"href":"https:\/\/tpag.ch\/fr\/wp-json\/wp\/v2\/media?parent=783"}],"curies":[{"name":"wp","href":"https:\/\/api.w.org\/{rel}","templated":true}]}}