{"id":781,"date":"2019-11-05T09:06:18","date_gmt":"2019-11-05T09:06:18","guid":{"rendered":"https:\/\/tpag.ch\/?page_id=781"},"modified":"2025-07-10T09:27:11","modified_gmt":"2025-07-10T09:27:11","slug":"batiments-militaires","status":"publish","type":"page","link":"https:\/\/tpag.ch\/fr\/references\/batiments-militaires\/","title":{"rendered":"B\u00e2timents militaires"},"content":{"rendered":"<section class=\"l-section wpb_row height_custom\"><div class=\"l-section-h i-cf\"><div class=\"g-cols vc_row via_flex valign_top type_default stacking_default\"><div class=\"vc_col-sm-12 wpb_column vc_column_container\"><div class=\"vc_column-inner\"><div class=\"wpb_wrapper\"><div class=\"wpb_text_column\"><div class=\"wpb_wrapper\"><h1>B\u00e2timents militaires<\/h1>\n<\/div><\/div><div class=\"ult-spacer spacer-69e22414c1bb8\" data-id=\"69e22414c1bb8\" data-height=\"30\" data-height-mobile=\"30\" data-height-tab=\"30\" data-height-tab-portrait=\"\" data-height-mobile-landscape=\"\" style=\"clear:both;display:block;\"><\/div><div class=\"g-cols wpb_row via_flex valign_top type_default stacking_default\"><div class=\"vc_col-sm-4 wpb_column vc_column_container\"><div class=\"vc_column-inner\"><div class=\"wpb_wrapper\"><div class=\"w-image us_custom_e716c567 align_none\"><div class=\"w-image-h\"><img decoding=\"async\" width=\"1024\" height=\"1024\" src=\"https:\/\/tpag.ch\/wp-content\/uploads\/2019\/09\/14_Waffenplatz_Bure.jpg\" class=\"attachment-large size-large\" alt=\"\" loading=\"lazy\" srcset=\"https:\/\/tpag.ch\/wp-content\/uploads\/2019\/09\/14_Waffenplatz_Bure.jpg 1024w, https:\/\/tpag.ch\/wp-content\/uploads\/2019\/09\/14_Waffenplatz_Bure-150x150.jpg 150w, https:\/\/tpag.ch\/wp-content\/uploads\/2019\/09\/14_Waffenplatz_Bure-300x300.jpg 300w, https:\/\/tpag.ch\/wp-content\/uploads\/2019\/09\/14_Waffenplatz_Bure-350x350.jpg 350w, https:\/\/tpag.ch\/wp-content\/uploads\/2019\/09\/14_Waffenplatz_Bure-600x600.jpg 600w, https:\/\/tpag.ch\/wp-content\/uploads\/2019\/09\/14_Waffenplatz_Bure-100x100.jpg 100w\" sizes=\"auto, (max-width: 1024px) 100vw, 1024px\" \/><\/div><\/div><div class=\"ult-spacer spacer-69e22414c2a38\" data-id=\"69e22414c2a38\" data-height=\"15\" data-height-mobile=\"15\" data-height-tab=\"15\" data-height-tab-portrait=\"\" data-height-mobile-landscape=\"\" style=\"clear:both;display:block;\"><\/div><div class=\"wpb_text_column\"><div class=\"wpb_wrapper\"><p>2009 | Place d\u2019armes Bure, Assainissement distributeur de chauffe et MCR<\/p>\n<p>Planification: C<\/p>\n<p>Sp\u00e9cialit\u00e9: Centrale de chauffe \u00e0 plaquettes de bois<\/p>\n<p>Architecture: armasuisse, Bern<\/p>\n<\/div><\/div><div class=\"ult-spacer spacer-69e22414c2c6b\" data-id=\"69e22414c2c6b\" data-height=\"45\" data-height-mobile=\"45\" data-height-tab=\"45\" data-height-tab-portrait=\"\" data-height-mobile-landscape=\"\" style=\"clear:both;display:block;\"><\/div><\/div><\/div><\/div><div class=\"vc_col-sm-4 wpb_column vc_column_container\"><div class=\"vc_column-inner\"><div class=\"wpb_wrapper\"><div class=\"w-image us_custom_e716c567 align_none\"><div class=\"w-image-h\"><img decoding=\"async\" width=\"1024\" height=\"1024\" src=\"https:\/\/tpag.ch\/wp-content\/uploads\/2019\/09\/tp_14_TTZ_Kriens_Geb-F.jpg\" class=\"attachment-large size-large\" alt=\"\" loading=\"lazy\" srcset=\"https:\/\/tpag.ch\/wp-content\/uploads\/2019\/09\/tp_14_TTZ_Kriens_Geb-F.jpg 1024w, https:\/\/tpag.ch\/wp-content\/uploads\/2019\/09\/tp_14_TTZ_Kriens_Geb-F-150x150.jpg 150w, https:\/\/tpag.ch\/wp-content\/uploads\/2019\/09\/tp_14_TTZ_Kriens_Geb-F-300x300.jpg 300w, https:\/\/tpag.ch\/wp-content\/uploads\/2019\/09\/tp_14_TTZ_Kriens_Geb-F-350x350.jpg 350w, https:\/\/tpag.ch\/wp-content\/uploads\/2019\/09\/tp_14_TTZ_Kriens_Geb-F-600x600.jpg 600w, https:\/\/tpag.ch\/wp-content\/uploads\/2019\/09\/tp_14_TTZ_Kriens_Geb-F-100x100.jpg 100w\" sizes=\"auto, (max-width: 1024px) 100vw, 1024px\" \/><\/div><\/div><div class=\"ult-spacer spacer-69e22414c33ab\" data-id=\"69e22414c33ab\" data-height=\"15\" data-height-mobile=\"15\" data-height-tab=\"15\" data-height-tab-portrait=\"\" data-height-mobile-landscape=\"\" style=\"clear:both;display:block;\"><\/div><div class=\"wpb_text_column\"><div class=\"wpb_wrapper\"><p>2007 | TTZ Kriens, Simulateur B\u00e2timent F<\/p>\n<p>Planification: CVCS<\/p>\n<p>Sp\u00e9cialit\u00e9: B\u00e2timent de formation des officiers avec grandes charge internes<\/p>\n<p>Architecture: GMT Architectes, Luzern<\/p>\n<\/div><\/div><div class=\"ult-spacer spacer-69e22414c35c6\" data-id=\"69e22414c35c6\" data-height=\"45\" data-height-mobile=\"45\" data-height-tab=\"45\" data-height-tab-portrait=\"\" data-height-mobile-landscape=\"\" style=\"clear:both;display:block;\"><\/div><\/div><\/div><\/div><div class=\"vc_col-sm-4 wpb_column vc_column_container\"><div class=\"vc_column-inner\"><div class=\"wpb_wrapper\"><div class=\"w-image us_custom_e716c567 align_none\"><div class=\"w-image-h\"><img decoding=\"async\" width=\"1024\" height=\"1024\" src=\"https:\/\/tpag.ch\/wp-content\/uploads\/2019\/09\/14_TTZ_Kriens.jpg\" class=\"attachment-large size-large\" alt=\"\" loading=\"lazy\" srcset=\"https:\/\/tpag.ch\/wp-content\/uploads\/2019\/09\/14_TTZ_Kriens.jpg 1024w, https:\/\/tpag.ch\/wp-content\/uploads\/2019\/09\/14_TTZ_Kriens-150x150.jpg 150w, https:\/\/tpag.ch\/wp-content\/uploads\/2019\/09\/14_TTZ_Kriens-300x300.jpg 300w, https:\/\/tpag.ch\/wp-content\/uploads\/2019\/09\/14_TTZ_Kriens-350x350.jpg 350w, https:\/\/tpag.ch\/wp-content\/uploads\/2019\/09\/14_TTZ_Kriens-600x600.jpg 600w, https:\/\/tpag.ch\/wp-content\/uploads\/2019\/09\/14_TTZ_Kriens-100x100.jpg 100w\" sizes=\"auto, (max-width: 1024px) 100vw, 1024px\" \/><\/div><\/div><div class=\"ult-spacer spacer-69e22414c3d57\" data-id=\"69e22414c3d57\" data-height=\"15\" data-height-mobile=\"15\" data-height-tab=\"15\" data-height-tab-portrait=\"\" data-height-mobile-landscape=\"\" style=\"clear:both;display:block;\"><\/div><div class=\"wpb_text_column\"><div class=\"wpb_wrapper\"><p>2006 | TTZ Kriens, cuisine et cantine B\u00e2timent H<\/p>\n<p>Planification: CVS<\/p>\n<p>Sp\u00e9cialit\u00e9: Assainissement en exploitation de la cuisine<\/p>\n<p>Architecture: GMT Architectes, Luzern<\/p>\n<\/div><\/div><div class=\"ult-spacer spacer-69e22414c3f9a\" data-id=\"69e22414c3f9a\" data-height=\"45\" data-height-mobile=\"45\" data-height-tab=\"45\" data-height-tab-portrait=\"\" data-height-mobile-landscape=\"\" style=\"clear:both;display:block;\"><\/div><\/div><\/div><\/div><\/div><div class=\"g-cols wpb_row via_flex valign_top type_default stacking_default\"><div class=\"vc_col-sm-4 wpb_column vc_column_container\"><div class=\"vc_column-inner\"><div class=\"wpb_wrapper\"><div class=\"w-image us_custom_e716c567 align_none\"><div class=\"w-image-h\"><img decoding=\"async\" width=\"1024\" height=\"1024\" src=\"https:\/\/tpag.ch\/wp-content\/uploads\/2019\/09\/tp_14_TTZ_Kriens_Geb-B.jpg\" class=\"attachment-large size-large\" alt=\"\" loading=\"lazy\" srcset=\"https:\/\/tpag.ch\/wp-content\/uploads\/2019\/09\/tp_14_TTZ_Kriens_Geb-B.jpg 1024w, https:\/\/tpag.ch\/wp-content\/uploads\/2019\/09\/tp_14_TTZ_Kriens_Geb-B-150x150.jpg 150w, https:\/\/tpag.ch\/wp-content\/uploads\/2019\/09\/tp_14_TTZ_Kriens_Geb-B-300x300.jpg 300w, https:\/\/tpag.ch\/wp-content\/uploads\/2019\/09\/tp_14_TTZ_Kriens_Geb-B-350x350.jpg 350w, https:\/\/tpag.ch\/wp-content\/uploads\/2019\/09\/tp_14_TTZ_Kriens_Geb-B-600x600.jpg 600w, https:\/\/tpag.ch\/wp-content\/uploads\/2019\/09\/tp_14_TTZ_Kriens_Geb-B-100x100.jpg 100w\" sizes=\"auto, (max-width: 1024px) 100vw, 1024px\" \/><\/div><\/div><div class=\"ult-spacer spacer-69e22414c4890\" data-id=\"69e22414c4890\" data-height=\"15\" data-height-mobile=\"15\" data-height-tab=\"15\" data-height-tab-portrait=\"\" data-height-mobile-landscape=\"\" style=\"clear:both;display:block;\"><\/div><div class=\"wpb_text_column\"><div class=\"wpb_wrapper\"><p>2004 | TTZ Kriens, h\u00e9bergement B\u00e2timent B<\/p>\n<p>Planification: CVS<\/p>\n<p>Sp\u00e9cialit\u00e9: B\u00e2timent prot\u00e9g\u00e9 par les monuments historiques. R\u00e9cup\u00e9ration de chaleur avec pompe \u00e0 chaleur \u00e0 partir des eaux us\u00e9es<\/p>\n<p>Architecture: GMT Architectes, Luzern<\/p>\n<\/div><\/div><div class=\"ult-spacer spacer-69e22414c4aa3\" data-id=\"69e22414c4aa3\" data-height=\"45\" data-height-mobile=\"45\" data-height-tab=\"45\" data-height-tab-portrait=\"\" data-height-mobile-landscape=\"\" style=\"clear:both;display:block;\"><\/div><\/div><\/div><\/div><div class=\"vc_col-sm-4 wpb_column vc_column_container\"><div class=\"vc_column-inner\"><div class=\"wpb_wrapper\"><div class=\"w-image us_custom_e716c567 align_none\"><div class=\"w-image-h\"><img decoding=\"async\" width=\"1024\" height=\"1024\" src=\"https:\/\/tpag.ch\/wp-content\/uploads\/2019\/09\/tp_14_TTZ_Kriens_Geb-B-C.jpg\" class=\"attachment-large size-large\" alt=\"\" loading=\"lazy\" srcset=\"https:\/\/tpag.ch\/wp-content\/uploads\/2019\/09\/tp_14_TTZ_Kriens_Geb-B-C.jpg 1024w, https:\/\/tpag.ch\/wp-content\/uploads\/2019\/09\/tp_14_TTZ_Kriens_Geb-B-C-150x150.jpg 150w, https:\/\/tpag.ch\/wp-content\/uploads\/2019\/09\/tp_14_TTZ_Kriens_Geb-B-C-300x300.jpg 300w, https:\/\/tpag.ch\/wp-content\/uploads\/2019\/09\/tp_14_TTZ_Kriens_Geb-B-C-350x350.jpg 350w, https:\/\/tpag.ch\/wp-content\/uploads\/2019\/09\/tp_14_TTZ_Kriens_Geb-B-C-600x600.jpg 600w, https:\/\/tpag.ch\/wp-content\/uploads\/2019\/09\/tp_14_TTZ_Kriens_Geb-B-C-100x100.jpg 100w\" sizes=\"auto, (max-width: 1024px) 100vw, 1024px\" \/><\/div><\/div><div class=\"ult-spacer spacer-69e22414c51c4\" data-id=\"69e22414c51c4\" data-height=\"15\" data-height-mobile=\"15\" data-height-tab=\"15\" data-height-tab-portrait=\"\" data-height-mobile-landscape=\"\" style=\"clear:both;display:block;\"><\/div><div class=\"wpb_text_column\"><div class=\"wpb_wrapper\"><p>2004 | TTZ Kriens, Locaux IT<\/p>\n<p>Planification: VCS<\/p>\n<p>Sp\u00e9cialit\u00e9: Assainissement en exploitation des locaux IT<\/p>\n<p>Architecture: GMT Architectes, Luzern<\/p>\n<\/div><\/div><div class=\"ult-spacer spacer-69e22414c53be\" data-id=\"69e22414c53be\" data-height=\"45\" data-height-mobile=\"45\" data-height-tab=\"45\" data-height-tab-portrait=\"\" data-height-mobile-landscape=\"\" style=\"clear:both;display:block;\"><\/div><\/div><\/div><\/div><div class=\"vc_col-sm-4 wpb_column vc_column_container\"><div class=\"vc_column-inner\"><div class=\"wpb_wrapper\"><div class=\"w-image us_custom_e716c567 align_none\"><div class=\"w-image-h\"><img decoding=\"async\" width=\"1024\" height=\"1024\" src=\"https:\/\/tpag.ch\/wp-content\/uploads\/2019\/09\/tp_14_WPL-Lyss-Trakt-H__.jpg\" class=\"attachment-large size-large\" alt=\"\" loading=\"lazy\" srcset=\"https:\/\/tpag.ch\/wp-content\/uploads\/2019\/09\/tp_14_WPL-Lyss-Trakt-H__.jpg 1024w, https:\/\/tpag.ch\/wp-content\/uploads\/2019\/09\/tp_14_WPL-Lyss-Trakt-H__-150x150.jpg 150w, https:\/\/tpag.ch\/wp-content\/uploads\/2019\/09\/tp_14_WPL-Lyss-Trakt-H__-300x300.jpg 300w, https:\/\/tpag.ch\/wp-content\/uploads\/2019\/09\/tp_14_WPL-Lyss-Trakt-H__-350x350.jpg 350w, https:\/\/tpag.ch\/wp-content\/uploads\/2019\/09\/tp_14_WPL-Lyss-Trakt-H__-600x600.jpg 600w, https:\/\/tpag.ch\/wp-content\/uploads\/2019\/09\/tp_14_WPL-Lyss-Trakt-H__-100x100.jpg 100w\" sizes=\"auto, (max-width: 1024px) 100vw, 1024px\" \/><\/div><\/div><div class=\"ult-spacer spacer-69e22414c5aab\" data-id=\"69e22414c5aab\" data-height=\"15\" data-height-mobile=\"15\" data-height-tab=\"15\" data-height-tab-portrait=\"\" data-height-mobile-landscape=\"\" style=\"clear:both;display:block;\"><\/div><div class=\"wpb_text_column\"><div class=\"wpb_wrapper\"><p>1985-2002 | Place d\u2019armes Lyss, Assainissement, Nouveaux b\u00e2timents, Agrandissement<\/p>\n<p>Planification: CVCSSp<\/p>\n<p>Sp\u00e9cialit\u00e9: Assainissement en exploitation de divers b\u00e2timents<\/p>\n<p>Architecture: Arni + Moser Architectes, Lyss \/ armasuisse, Bern<\/p>\n<\/div><\/div><div class=\"ult-spacer spacer-69e22414c5d08\" data-id=\"69e22414c5d08\" data-height=\"45\" data-height-mobile=\"45\" data-height-tab=\"45\" data-height-tab-portrait=\"\" data-height-mobile-landscape=\"\" style=\"clear:both;display:block;\"><\/div><\/div><\/div><\/div><\/div><\/div><\/div><\/div><\/div><\/div><\/section><section class=\"l-section wpb_row height_custom\"><div class=\"l-section-h i-cf\"><div class=\"g-cols vc_row via_flex valign_top type_default stacking_default\"><div class=\"vc_col-sm-12 wpb_column vc_column_container\"><div class=\"vc_column-inner\"><div class=\"wpb_wrapper\"><div class=\"wpb_text_column\"><div class=\"wpb_wrapper\"><h2>Ouvrages<\/h2>\n<p>Place d\u2019armes Bure, Assainissement et chauffage \u00e0 copeaux<\/p>\n<p>TTZ Kriens, Simulateur b\u00e2timent F<\/p>\n<p>TTZ Kriens, Cuisine et cantine b\u00e2timent H<\/p>\n<p>Place d\u2019armes, Assainissement installations techniques<\/p>\n<p>TTZ Kriens, H\u00e9bergement b\u00e2timent B<\/p>\n<p>TTZ Kriens, Centrale de chauffe b\u00e2timent H<\/p>\n<p>TTZ Kriens, Transformation locaux IT<\/p>\n<p>Place d\u2019armes Lyss, Assainissement, Nouveaux b\u00e2timents, Agrandissement<\/p>\n<\/div><\/div><\/div><\/div><\/div><\/div><\/div><\/section><section class=\"l-section wpb_row height_custom\"><div class=\"l-section-h i-cf\"><div class=\"g-cols vc_row via_flex valign_top type_default stacking_default\"><div class=\"vc_col-sm-12 wpb_column vc_column_container\"><div class=\"vc_column-inner\"><div class=\"wpb_wrapper\"><div class=\"aio-icon-component   icon style_1\"><a class=\"aio-icon-box-link\" href=\"https:\/\/tpag.ch\/fr\/references\/\" title=\"Referenzen\" ><div id=\"Info-box-wrap-3164\" class=\"aio-icon-box left-icon\" style=\"\"  ><div class=\"aio-icon-left\"><div class=\"ult-just-icon-wrapper  \"><div class=\"align-icon\" style=\"text-align:center;\">\n<div class=\"aio-icon-img \" style=\"font-size:100px;display:inline-block;\" >\n\t<img decoding=\"async\" class=\"img-icon\" alt=\"null\" src=\"https:\/\/tpag.ch\/wp-content\/uploads\/2019\/05\/tp-referenzen.jpg\"\/>\n<\/div><\/div><\/div><\/div><div class=\"aio-ibd-block\"><div class=\"aio-icon-description ult-responsive\"  data-ultimate-target='#Info-box-wrap-3164 .aio-icon-description'  data-responsive-json-new='{\"font-size\":\"\",\"line-height\":\"\"}'  style=\"color:#d90000;\">\n<h2>R\u00e9f\u00e9rences <span class=\"invis\">\u2192<\/span><\/h2>\n<\/div> <!-- description --><\/div> <!-- aio-ibd-block --><\/div> <!-- aio-icon-box --><\/a><\/div> <!-- aio-icon-component --><\/div><\/div><\/div><\/div><\/div><\/section>\n","protected":false},"excerpt":{"rendered":"B\u00e2timents militaires 2009 | Place d\u2019armes Bure, Assainissement distributeur de chauffe et MCR Planification: C Sp\u00e9cialit\u00e9: Centrale de chauffe \u00e0 plaquettes de bois Architecture: armasuisse, Bern 2007 | TTZ Kriens, Simulateur B\u00e2timent F Planification: CVCS Sp\u00e9cialit\u00e9: B\u00e2timent de formation des officiers avec grandes charge internes Architecture: GMT Architectes, Luzern 2006 | TTZ Kriens, cuisine et...","protected":false},"author":1,"featured_media":0,"parent":762,"menu_order":0,"comment_status":"closed","ping_status":"closed","template":"","meta":{"footnotes":""},"class_list":["post-781","page","type-page","status-publish","hentry"],"yoast_head":"<!-- This site is optimized with the Yoast SEO plugin v25.6 - https:\/\/yoast.com\/wordpress\/plugins\/seo\/ -->\n<title>B\u00e2timents militaires - tp<\/title>\n<meta name=\"robots\" content=\"index, follow, max-snippet:-1, max-image-preview:large, max-video-preview:-1\" \/>\n<link rel=\"canonical\" href=\"https:\/\/tpag.ch\/referenzen\/militaerbauten\/\" \/>\n<meta property=\"og:locale\" content=\"fr_FR\" \/>\n<meta property=\"og:type\" content=\"article\" \/>\n<meta property=\"og:title\" content=\"B\u00e2timents militaires - tp\" \/>\n<meta property=\"og:url\" content=\"https:\/\/tpag.ch\/referenzen\/militaerbauten\/\" \/>\n<meta property=\"og:site_name\" content=\"tp\" \/>\n<meta property=\"article:modified_time\" content=\"2025-07-10T09:27:11+00:00\" \/>\n<meta name=\"twitter:card\" content=\"summary_large_image\" \/>\n<meta name=\"twitter:label1\" content=\"Dur\u00e9e de lecture estim\u00e9e\" \/>\n\t<meta name=\"twitter:data1\" content=\"3 minutes\" \/>\n<script type=\"application\/ld+json\" class=\"yoast-schema-graph\">{\"@context\":\"https:\/\/schema.org\",\"@graph\":[{\"@type\":\"WebPage\",\"@id\":\"https:\/\/tpag.ch\/referenzen\/militaerbauten\/\",\"url\":\"https:\/\/tpag.ch\/referenzen\/militaerbauten\/\",\"name\":\"B\u00e2timents militaires - tp\",\"isPartOf\":{\"@id\":\"https:\/\/tpag.ch\/#website\"},\"datePublished\":\"2019-11-05T09:06:18+00:00\",\"dateModified\":\"2025-07-10T09:27:11+00:00\",\"breadcrumb\":{\"@id\":\"https:\/\/tpag.ch\/referenzen\/militaerbauten\/#breadcrumb\"},\"inLanguage\":\"fr-FR\",\"potentialAction\":[{\"@type\":\"ReadAction\",\"target\":[\"https:\/\/tpag.ch\/referenzen\/militaerbauten\/\"]}]},{\"@type\":\"BreadcrumbList\",\"@id\":\"https:\/\/tpag.ch\/referenzen\/militaerbauten\/#breadcrumb\",\"itemListElement\":[{\"@type\":\"ListItem\",\"position\":1,\"name\":\"Home\",\"item\":\"https:\/\/tpag.ch\/fr\/\"},{\"@type\":\"ListItem\",\"position\":2,\"name\":\"R\u00e9f\u00e9rences\",\"item\":\"https:\/\/tpag.ch\/referenzen\/\"},{\"@type\":\"ListItem\",\"position\":3,\"name\":\"B\u00e2timents militaires\"}]},{\"@type\":\"WebSite\",\"@id\":\"https:\/\/tpag.ch\/#website\",\"url\":\"https:\/\/tpag.ch\/\",\"name\":\"tp\",\"description\":\"AG f\u00fcr technische Planungen\",\"potentialAction\":[{\"@type\":\"SearchAction\",\"target\":{\"@type\":\"EntryPoint\",\"urlTemplate\":\"https:\/\/tpag.ch\/?s={search_term_string}\"},\"query-input\":{\"@type\":\"PropertyValueSpecification\",\"valueRequired\":true,\"valueName\":\"search_term_string\"}}],\"inLanguage\":\"fr-FR\"}]}<\/script>\n<!-- \/ Yoast SEO plugin. -->","yoast_head_json":{"title":"B\u00e2timents militaires - tp","robots":{"index":"index","follow":"follow","max-snippet":"max-snippet:-1","max-image-preview":"max-image-preview:large","max-video-preview":"max-video-preview:-1"},"canonical":"https:\/\/tpag.ch\/referenzen\/militaerbauten\/","og_locale":"fr_FR","og_type":"article","og_title":"B\u00e2timents militaires - tp","og_url":"https:\/\/tpag.ch\/referenzen\/militaerbauten\/","og_site_name":"tp","article_modified_time":"2025-07-10T09:27:11+00:00","twitter_card":"summary_large_image","twitter_misc":{"Dur\u00e9e de lecture estim\u00e9e":"3 minutes"},"schema":{"@context":"https:\/\/schema.org","@graph":[{"@type":"WebPage","@id":"https:\/\/tpag.ch\/referenzen\/militaerbauten\/","url":"https:\/\/tpag.ch\/referenzen\/militaerbauten\/","name":"B\u00e2timents militaires - tp","isPartOf":{"@id":"https:\/\/tpag.ch\/#website"},"datePublished":"2019-11-05T09:06:18+00:00","dateModified":"2025-07-10T09:27:11+00:00","breadcrumb":{"@id":"https:\/\/tpag.ch\/referenzen\/militaerbauten\/#breadcrumb"},"inLanguage":"fr-FR","potentialAction":[{"@type":"ReadAction","target":["https:\/\/tpag.ch\/referenzen\/militaerbauten\/"]}]},{"@type":"BreadcrumbList","@id":"https:\/\/tpag.ch\/referenzen\/militaerbauten\/#breadcrumb","itemListElement":[{"@type":"ListItem","position":1,"name":"Home","item":"https:\/\/tpag.ch\/fr\/"},{"@type":"ListItem","position":2,"name":"R\u00e9f\u00e9rences","item":"https:\/\/tpag.ch\/referenzen\/"},{"@type":"ListItem","position":3,"name":"B\u00e2timents militaires"}]},{"@type":"WebSite","@id":"https:\/\/tpag.ch\/#website","url":"https:\/\/tpag.ch\/","name":"tp","description":"AG f\u00fcr technische Planungen","potentialAction":[{"@type":"SearchAction","target":{"@type":"EntryPoint","urlTemplate":"https:\/\/tpag.ch\/?s={search_term_string}"},"query-input":{"@type":"PropertyValueSpecification","valueRequired":true,"valueName":"search_term_string"}}],"inLanguage":"fr-FR"}]}},"_links":{"self":[{"href":"https:\/\/tpag.ch\/fr\/wp-json\/wp\/v2\/pages\/781","targetHints":{"allow":["GET"]}}],"collection":[{"href":"https:\/\/tpag.ch\/fr\/wp-json\/wp\/v2\/pages"}],"about":[{"href":"https:\/\/tpag.ch\/fr\/wp-json\/wp\/v2\/types\/page"}],"author":[{"embeddable":true,"href":"https:\/\/tpag.ch\/fr\/wp-json\/wp\/v2\/users\/1"}],"replies":[{"embeddable":true,"href":"https:\/\/tpag.ch\/fr\/wp-json\/wp\/v2\/comments?post=781"}],"version-history":[{"count":2,"href":"https:\/\/tpag.ch\/fr\/wp-json\/wp\/v2\/pages\/781\/revisions"}],"predecessor-version":[{"id":892,"href":"https:\/\/tpag.ch\/fr\/wp-json\/wp\/v2\/pages\/781\/revisions\/892"}],"up":[{"embeddable":true,"href":"https:\/\/tpag.ch\/fr\/wp-json\/wp\/v2\/pages\/762"}],"wp:attachment":[{"href":"https:\/\/tpag.ch\/fr\/wp-json\/wp\/v2\/media?parent=781"}],"curies":[{"name":"wp","href":"https:\/\/api.w.org\/{rel}","templated":true}]}}