{"id":779,"date":"2019-11-05T09:02:33","date_gmt":"2019-11-05T09:02:33","guid":{"rendered":"https:\/\/tpag.ch\/?page_id=779"},"modified":"2025-07-10T06:46:24","modified_gmt":"2025-07-10T06:46:24","slug":"hotels-restaurants","status":"publish","type":"page","link":"https:\/\/tpag.ch\/fr\/references\/hotels-restaurants\/","title":{"rendered":"H\u00f4tels \/ Restaurants"},"content":{"rendered":"<section class=\"l-section wpb_row height_custom\"><div class=\"l-section-h i-cf\"><div class=\"g-cols vc_row via_flex valign_top type_default stacking_default\"><div class=\"vc_col-sm-12 wpb_column vc_column_container\"><div class=\"vc_column-inner\"><div class=\"wpb_wrapper\"><div class=\"wpb_text_column\"><div class=\"wpb_wrapper\"><h1>H\u00f4tels \/ Restaurants<\/h1>\n<\/div><\/div><div class=\"ult-spacer spacer-69e236dde9cf2\" data-id=\"69e236dde9cf2\" data-height=\"30\" data-height-mobile=\"30\" data-height-tab=\"30\" data-height-tab-portrait=\"\" data-height-mobile-landscape=\"\" style=\"clear:both;display:block;\"><\/div><div class=\"g-cols wpb_row via_flex valign_top type_default stacking_default\"><div class=\"vc_col-sm-4 wpb_column vc_column_container\"><div class=\"vc_column-inner\"><div class=\"wpb_wrapper\"><div class=\"w-image us_custom_e716c567 align_none\"><div class=\"w-image-h\"><img decoding=\"async\" width=\"1024\" height=\"1024\" src=\"https:\/\/tpag.ch\/wp-content\/uploads\/2019\/09\/tp_13_BSG_Biel.jpg\" class=\"attachment-large size-large\" alt=\"\" loading=\"lazy\" srcset=\"https:\/\/tpag.ch\/wp-content\/uploads\/2019\/09\/tp_13_BSG_Biel.jpg 1024w, https:\/\/tpag.ch\/wp-content\/uploads\/2019\/09\/tp_13_BSG_Biel-150x150.jpg 150w, https:\/\/tpag.ch\/wp-content\/uploads\/2019\/09\/tp_13_BSG_Biel-300x300.jpg 300w, https:\/\/tpag.ch\/wp-content\/uploads\/2019\/09\/tp_13_BSG_Biel-350x350.jpg 350w, https:\/\/tpag.ch\/wp-content\/uploads\/2019\/09\/tp_13_BSG_Biel-600x600.jpg 600w, https:\/\/tpag.ch\/wp-content\/uploads\/2019\/09\/tp_13_BSG_Biel-100x100.jpg 100w\" sizes=\"auto, (max-width: 1024px) 100vw, 1024px\" \/><\/div><\/div><div class=\"ult-spacer spacer-69e236ddeacdb\" data-id=\"69e236ddeacdb\" data-height=\"15\" data-height-mobile=\"15\" data-height-tab=\"15\" data-height-tab-portrait=\"\" data-height-mobile-landscape=\"\" style=\"clear:both;display:block;\"><\/div><div class=\"wpb_text_column\"><div class=\"wpb_wrapper\"><p>2002\/2017 | B\u00e2timent BSG et Restaurant Port, Bienne<\/p>\n<p>Planification: CVS<\/p>\n<p>Sp\u00e9cialit\u00e9: B\u00e2timent administratif avec atelier et restaurant pour la compagnie de navigation<\/p>\n<p>Architecture: Zoss Brauen Architectes, Bienne<\/p>\n<\/div><\/div><div class=\"ult-spacer spacer-69e236ddeaf20\" data-id=\"69e236ddeaf20\" data-height=\"45\" data-height-mobile=\"45\" data-height-tab=\"45\" data-height-tab-portrait=\"\" data-height-mobile-landscape=\"\" style=\"clear:both;display:block;\"><\/div><\/div><\/div><\/div><div class=\"vc_col-sm-4 wpb_column vc_column_container\"><div class=\"vc_column-inner\"><div class=\"wpb_wrapper\"><div class=\"w-image us_custom_e716c567 align_none\"><div class=\"w-image-h\"><img decoding=\"async\" width=\"1024\" height=\"1024\" src=\"https:\/\/tpag.ch\/wp-content\/uploads\/2019\/09\/tp_13_Tissot_Arena_Biel_AMAG_Lounge.jpg\" class=\"attachment-large size-large\" alt=\"\" loading=\"lazy\" srcset=\"https:\/\/tpag.ch\/wp-content\/uploads\/2019\/09\/tp_13_Tissot_Arena_Biel_AMAG_Lounge.jpg 1024w, https:\/\/tpag.ch\/wp-content\/uploads\/2019\/09\/tp_13_Tissot_Arena_Biel_AMAG_Lounge-150x150.jpg 150w, https:\/\/tpag.ch\/wp-content\/uploads\/2019\/09\/tp_13_Tissot_Arena_Biel_AMAG_Lounge-300x300.jpg 300w, https:\/\/tpag.ch\/wp-content\/uploads\/2019\/09\/tp_13_Tissot_Arena_Biel_AMAG_Lounge-350x350.jpg 350w, https:\/\/tpag.ch\/wp-content\/uploads\/2019\/09\/tp_13_Tissot_Arena_Biel_AMAG_Lounge-600x600.jpg 600w, https:\/\/tpag.ch\/wp-content\/uploads\/2019\/09\/tp_13_Tissot_Arena_Biel_AMAG_Lounge-100x100.jpg 100w\" sizes=\"auto, (max-width: 1024px) 100vw, 1024px\" \/><\/div><\/div><div class=\"ult-spacer spacer-69e236ddeb7c4\" data-id=\"69e236ddeb7c4\" data-height=\"15\" data-height-mobile=\"15\" data-height-tab=\"15\" data-height-tab-portrait=\"\" data-height-mobile-landscape=\"\" style=\"clear:both;display:block;\"><\/div><div class=\"wpb_text_column\"><div class=\"wpb_wrapper\"><p>2015 | Restaurants Tissot Arena, Bienne<\/p>\n<p>Planification: CVSSp<\/p>\n<p>Sp\u00e9cialit\u00e9: Restaurants avec certification Minergie<\/p>\n<p>Architecture: GLS Architectes, Bienne \/ GD Architectes, Neuch\u00e2tel<\/p>\n<\/div><\/div><div class=\"ult-spacer spacer-69e236ddeb9ee\" data-id=\"69e236ddeb9ee\" data-height=\"45\" data-height-mobile=\"45\" data-height-tab=\"45\" data-height-tab-portrait=\"\" data-height-mobile-landscape=\"\" style=\"clear:both;display:block;\"><\/div><\/div><\/div><\/div><div class=\"vc_col-sm-4 wpb_column vc_column_container\"><div class=\"vc_column-inner\"><div class=\"wpb_wrapper\"><div class=\"w-image us_custom_e716c567 align_none\"><div class=\"w-image-h\"><img decoding=\"async\" width=\"1024\" height=\"1024\" src=\"https:\/\/tpag.ch\/wp-content\/uploads\/2019\/09\/tp_13_Chappeli_Grenchen.jpg\" class=\"attachment-large size-large\" alt=\"\" loading=\"lazy\" srcset=\"https:\/\/tpag.ch\/wp-content\/uploads\/2019\/09\/tp_13_Chappeli_Grenchen.jpg 1024w, https:\/\/tpag.ch\/wp-content\/uploads\/2019\/09\/tp_13_Chappeli_Grenchen-150x150.jpg 150w, https:\/\/tpag.ch\/wp-content\/uploads\/2019\/09\/tp_13_Chappeli_Grenchen-300x300.jpg 300w, https:\/\/tpag.ch\/wp-content\/uploads\/2019\/09\/tp_13_Chappeli_Grenchen-350x350.jpg 350w, https:\/\/tpag.ch\/wp-content\/uploads\/2019\/09\/tp_13_Chappeli_Grenchen-600x600.jpg 600w, https:\/\/tpag.ch\/wp-content\/uploads\/2019\/09\/tp_13_Chappeli_Grenchen-100x100.jpg 100w\" sizes=\"auto, (max-width: 1024px) 100vw, 1024px\" \/><\/div><\/div><div class=\"ult-spacer spacer-69e236ddec208\" data-id=\"69e236ddec208\" data-height=\"15\" data-height-mobile=\"15\" data-height-tab=\"15\" data-height-tab-portrait=\"\" data-height-mobile-landscape=\"\" style=\"clear:both;display:block;\"><\/div><div class=\"wpb_text_column\"><div class=\"wpb_wrapper\"><p>2015 | Restaurant Chapelli, Grenchen<\/p>\n<p>Planification: CVS<\/p>\n<p>Sp\u00e9cialit\u00e9: B\u00e2timent prot\u00e9g\u00e9 par les monuments historiques (patrimoine)<\/p>\n<p>Architecture: spax Architectes, Bienne<\/p>\n<\/div><\/div><div class=\"ult-spacer spacer-69e236ddec430\" data-id=\"69e236ddec430\" data-height=\"45\" data-height-mobile=\"45\" data-height-tab=\"45\" data-height-tab-portrait=\"\" data-height-mobile-landscape=\"\" style=\"clear:both;display:block;\"><\/div><\/div><\/div><\/div><\/div><div class=\"g-cols wpb_row via_flex valign_top type_default stacking_default\"><div class=\"vc_col-sm-4 wpb_column vc_column_container\"><div class=\"vc_column-inner\"><div class=\"wpb_wrapper\"><div class=\"w-image us_custom_e716c567 align_none\"><div class=\"w-image-h\"><img decoding=\"async\" width=\"1024\" height=\"1024\" src=\"https:\/\/tpag.ch\/wp-content\/uploads\/2019\/09\/tp_13_Swisstennis_Biel.jpg\" class=\"attachment-large size-large\" alt=\"\" loading=\"lazy\" srcset=\"https:\/\/tpag.ch\/wp-content\/uploads\/2019\/09\/tp_13_Swisstennis_Biel.jpg 1024w, https:\/\/tpag.ch\/wp-content\/uploads\/2019\/09\/tp_13_Swisstennis_Biel-150x150.jpg 150w, https:\/\/tpag.ch\/wp-content\/uploads\/2019\/09\/tp_13_Swisstennis_Biel-300x300.jpg 300w, https:\/\/tpag.ch\/wp-content\/uploads\/2019\/09\/tp_13_Swisstennis_Biel-350x350.jpg 350w, https:\/\/tpag.ch\/wp-content\/uploads\/2019\/09\/tp_13_Swisstennis_Biel-600x600.jpg 600w, https:\/\/tpag.ch\/wp-content\/uploads\/2019\/09\/tp_13_Swisstennis_Biel-100x100.jpg 100w\" sizes=\"auto, (max-width: 1024px) 100vw, 1024px\" \/><\/div><\/div><div class=\"ult-spacer spacer-69e236ddecdad\" data-id=\"69e236ddecdad\" data-height=\"15\" data-height-mobile=\"15\" data-height-tab=\"15\" data-height-tab-portrait=\"\" data-height-mobile-landscape=\"\" style=\"clear:both;display:block;\"><\/div><div class=\"wpb_text_column\"><div class=\"wpb_wrapper\"><p>2012 | Swisstennis, Bienne<\/p>\n<p>Planification: CVS<\/p>\n<p>Sp\u00e9cialit\u00e9: H\u00f4tels avec douche avec r\u00e9puration de chaleur int\u00e9gr\u00e9e Joulia<\/p>\n<p>Architecture: GLS Architectes, Bienne<\/p>\n<\/div><\/div><div class=\"ult-spacer spacer-69e236ddecfd5\" data-id=\"69e236ddecfd5\" data-height=\"45\" data-height-mobile=\"45\" data-height-tab=\"45\" data-height-tab-portrait=\"\" data-height-mobile-landscape=\"\" style=\"clear:both;display:block;\"><\/div><\/div><\/div><\/div><div class=\"vc_col-sm-4 wpb_column vc_column_container\"><div class=\"vc_column-inner\"><div class=\"wpb_wrapper\"><div class=\"w-image us_custom_e716c567 align_none\"><div class=\"w-image-h\"><img decoding=\"async\" width=\"1024\" height=\"1024\" src=\"https:\/\/tpag.ch\/wp-content\/uploads\/2019\/09\/tp_13_MAD_Nidau.jpg\" class=\"attachment-large size-large\" alt=\"\" loading=\"lazy\" srcset=\"https:\/\/tpag.ch\/wp-content\/uploads\/2019\/09\/tp_13_MAD_Nidau.jpg 1024w, https:\/\/tpag.ch\/wp-content\/uploads\/2019\/09\/tp_13_MAD_Nidau-150x150.jpg 150w, https:\/\/tpag.ch\/wp-content\/uploads\/2019\/09\/tp_13_MAD_Nidau-300x300.jpg 300w, https:\/\/tpag.ch\/wp-content\/uploads\/2019\/09\/tp_13_MAD_Nidau-350x350.jpg 350w, https:\/\/tpag.ch\/wp-content\/uploads\/2019\/09\/tp_13_MAD_Nidau-600x600.jpg 600w, https:\/\/tpag.ch\/wp-content\/uploads\/2019\/09\/tp_13_MAD_Nidau-100x100.jpg 100w\" sizes=\"auto, (max-width: 1024px) 100vw, 1024px\" \/><\/div><\/div><div class=\"ult-spacer spacer-69e236dded77e\" data-id=\"69e236dded77e\" data-height=\"15\" data-height-mobile=\"15\" data-height-tab=\"15\" data-height-tab-portrait=\"\" data-height-mobile-landscape=\"\" style=\"clear:both;display:block;\"><\/div><div class=\"wpb_text_column\"><div class=\"wpb_wrapper\"><p>2010 | Transformation \u201eMad\u201c restaurant Stadthaus, Nidau<\/p>\n<p>Planification: CVS<\/p>\n<p>Sp\u00e9cialit\u00e9: Restaurant avec chemin\u00e9e \u00e0 bois ouverte<\/p>\n<p>Architecture: Robert Schmid Architectes, Biennel<\/p>\n<\/div><\/div><div class=\"ult-spacer spacer-69e236dded99c\" data-id=\"69e236dded99c\" data-height=\"45\" data-height-mobile=\"45\" data-height-tab=\"45\" data-height-tab-portrait=\"\" data-height-mobile-landscape=\"\" style=\"clear:both;display:block;\"><\/div><\/div><\/div><\/div><div class=\"vc_col-sm-4 wpb_column vc_column_container\"><div class=\"vc_column-inner\"><div class=\"wpb_wrapper\"><div class=\"w-image us_custom_e716c567 align_none\"><div class=\"w-image-h\"><img decoding=\"async\" width=\"1024\" height=\"1024\" src=\"https:\/\/tpag.ch\/wp-content\/uploads\/2019\/09\/tp_13_Hotel-St.Petersinsel__.jpg\" class=\"attachment-large size-large\" alt=\"\" loading=\"lazy\" srcset=\"https:\/\/tpag.ch\/wp-content\/uploads\/2019\/09\/tp_13_Hotel-St.Petersinsel__.jpg 1024w, https:\/\/tpag.ch\/wp-content\/uploads\/2019\/09\/tp_13_Hotel-St.Petersinsel__-150x150.jpg 150w, https:\/\/tpag.ch\/wp-content\/uploads\/2019\/09\/tp_13_Hotel-St.Petersinsel__-300x300.jpg 300w, https:\/\/tpag.ch\/wp-content\/uploads\/2019\/09\/tp_13_Hotel-St.Petersinsel__-350x350.jpg 350w, https:\/\/tpag.ch\/wp-content\/uploads\/2019\/09\/tp_13_Hotel-St.Petersinsel__-600x600.jpg 600w, https:\/\/tpag.ch\/wp-content\/uploads\/2019\/09\/tp_13_Hotel-St.Petersinsel__-100x100.jpg 100w\" sizes=\"auto, (max-width: 1024px) 100vw, 1024px\" \/><\/div><\/div><div class=\"ult-spacer spacer-69e236ddee12b\" data-id=\"69e236ddee12b\" data-height=\"15\" data-height-mobile=\"15\" data-height-tab=\"15\" data-height-tab-portrait=\"\" data-height-mobile-landscape=\"\" style=\"clear:both;display:block;\"><\/div><div class=\"wpb_text_column\"><div class=\"wpb_wrapper\"><p>2007 | H\u00f4tel \u00eele Saint-Pierre, Erlach<\/p>\n<p>Planification: S<\/p>\n<p>Sp\u00e9cialit\u00e9: b\u00e2timents prot\u00e9g\u00e9s par les monuments historiques (patrimoine)<\/p>\n<p>Architecture: Campanile + Michetti Architectes, Bern<\/p>\n<\/div><\/div><div class=\"ult-spacer spacer-69e236ddee342\" data-id=\"69e236ddee342\" data-height=\"45\" data-height-mobile=\"45\" data-height-tab=\"45\" data-height-tab-portrait=\"\" data-height-mobile-landscape=\"\" style=\"clear:both;display:block;\"><\/div><\/div><\/div><\/div><\/div><\/div><\/div><\/div><\/div><\/div><\/section><section class=\"l-section wpb_row height_custom\"><div class=\"l-section-h i-cf\"><div class=\"g-cols vc_row via_flex valign_top type_default stacking_default\"><div class=\"vc_col-sm-12 wpb_column vc_column_container\"><div class=\"vc_column-inner\"><div class=\"wpb_wrapper\"><div class=\"wpb_text_column\"><div class=\"wpb_wrapper\"><h2>Ouvrages<\/h2>\n<p>H\u00f4tel Mirabeau, Zermatt<\/p>\n<p>Matterhorn Inn, T\u00e4sch<\/p>\n<p>Six Senses, Crans-Montana<\/p>\n<p>BSG Restaurant, Port de Bienne<\/p>\n<p>Restaurants Tissot Arena, Bienne<\/p>\n<p>Restaurant Chappeli, Grenchen<\/p>\n<p>Swisstennis, Bienne<\/p>\n<p>Transformation \u201eMad\u201c Restaurant Stadthaus, Nidau<\/p>\n<p>H\u00f4tel \u00eele Saint-Pierre, Erlach<\/p>\n<\/div><\/div><\/div><\/div><\/div><\/div><\/div><\/section><section class=\"l-section wpb_row height_custom\"><div class=\"l-section-h i-cf\"><div class=\"g-cols vc_row via_flex valign_top type_default stacking_default\"><div class=\"vc_col-sm-12 wpb_column vc_column_container\"><div class=\"vc_column-inner\"><div class=\"wpb_wrapper\"><div class=\"aio-icon-component   icon style_1\"><a class=\"aio-icon-box-link\" href=\"https:\/\/tpag.ch\/fr\/references\/\" title=\"Referenzen\" ><div id=\"Info-box-wrap-5030\" class=\"aio-icon-box left-icon\" style=\"\"  ><div class=\"aio-icon-left\"><div class=\"ult-just-icon-wrapper  \"><div class=\"align-icon\" style=\"text-align:center;\">\n<div class=\"aio-icon-img \" style=\"font-size:100px;display:inline-block;\" >\n\t<img decoding=\"async\" class=\"img-icon\" alt=\"null\" src=\"https:\/\/tpag.ch\/wp-content\/uploads\/2019\/05\/tp-referenzen.jpg\"\/>\n<\/div><\/div><\/div><\/div><div class=\"aio-ibd-block\"><div class=\"aio-icon-description ult-responsive\"  data-ultimate-target='#Info-box-wrap-5030 .aio-icon-description'  data-responsive-json-new='{\"font-size\":\"\",\"line-height\":\"\"}'  style=\"color:#d90000;\">\n<h2>R\u00e9f\u00e9rences <span class=\"invis\">\u2192<\/span><\/h2>\n<\/div> <!-- description --><\/div> <!-- aio-ibd-block --><\/div> <!-- aio-icon-box --><\/a><\/div> <!-- aio-icon-component --><\/div><\/div><\/div><\/div><\/div><\/section>\n","protected":false},"excerpt":{"rendered":"H\u00f4tels \/ Restaurants 2002\/2017 | B\u00e2timent BSG et Restaurant Port, Bienne Planification: CVS Sp\u00e9cialit\u00e9: B\u00e2timent administratif avec atelier et restaurant pour la compagnie de navigation Architecture: Zoss Brauen Architectes, Bienne 2015 | Restaurants Tissot Arena, Bienne Planification: CVSSp Sp\u00e9cialit\u00e9: Restaurants avec certification Minergie Architecture: GLS Architectes, Bienne \/ GD Architectes, Neuch\u00e2tel 2015 | Restaurant Chapelli,...","protected":false},"author":1,"featured_media":0,"parent":762,"menu_order":0,"comment_status":"closed","ping_status":"closed","template":"","meta":{"footnotes":""},"class_list":["post-779","page","type-page","status-publish","hentry"],"yoast_head":"<!-- This site is optimized with the Yoast SEO plugin v25.6 - https:\/\/yoast.com\/wordpress\/plugins\/seo\/ -->\n<title>H\u00f4tels \/ Restaurants - tp<\/title>\n<meta name=\"robots\" content=\"index, follow, max-snippet:-1, max-image-preview:large, max-video-preview:-1\" \/>\n<link rel=\"canonical\" href=\"https:\/\/tpag.ch\/fr\/references\/hotels-restaurants\/\" \/>\n<meta property=\"og:locale\" content=\"fr_FR\" \/>\n<meta property=\"og:type\" content=\"article\" \/>\n<meta property=\"og:title\" content=\"H\u00f4tels \/ Restaurants - tp\" \/>\n<meta property=\"og:url\" content=\"https:\/\/tpag.ch\/fr\/references\/hotels-restaurants\/\" \/>\n<meta property=\"og:site_name\" content=\"tp\" \/>\n<meta property=\"article:modified_time\" content=\"2025-07-10T06:46:24+00:00\" \/>\n<meta name=\"twitter:card\" content=\"summary_large_image\" \/>\n<meta name=\"twitter:label1\" content=\"Dur\u00e9e de lecture estim\u00e9e\" \/>\n\t<meta name=\"twitter:data1\" content=\"1 minute\" \/>\n<script type=\"application\/ld+json\" class=\"yoast-schema-graph\">{\"@context\":\"https:\/\/schema.org\",\"@graph\":[{\"@type\":\"WebPage\",\"@id\":\"https:\/\/tpag.ch\/fr\/references\/hotels-restaurants\/\",\"url\":\"https:\/\/tpag.ch\/fr\/references\/hotels-restaurants\/\",\"name\":\"H\u00f4tels \/ Restaurants - tp\",\"isPartOf\":{\"@id\":\"https:\/\/tpag.ch\/#website\"},\"datePublished\":\"2019-11-05T09:02:33+00:00\",\"dateModified\":\"2025-07-10T06:46:24+00:00\",\"breadcrumb\":{\"@id\":\"https:\/\/tpag.ch\/fr\/references\/hotels-restaurants\/#breadcrumb\"},\"inLanguage\":\"fr-FR\",\"potentialAction\":[{\"@type\":\"ReadAction\",\"target\":[\"https:\/\/tpag.ch\/fr\/references\/hotels-restaurants\/\"]}]},{\"@type\":\"BreadcrumbList\",\"@id\":\"https:\/\/tpag.ch\/fr\/references\/hotels-restaurants\/#breadcrumb\",\"itemListElement\":[{\"@type\":\"ListItem\",\"position\":1,\"name\":\"Home\",\"item\":\"https:\/\/tpag.ch\/fr\/\"},{\"@type\":\"ListItem\",\"position\":2,\"name\":\"R\u00e9f\u00e9rences\",\"item\":\"https:\/\/tpag.ch\/referenzen\/\"},{\"@type\":\"ListItem\",\"position\":3,\"name\":\"H\u00f4tels \/ Restaurants\"}]},{\"@type\":\"WebSite\",\"@id\":\"https:\/\/tpag.ch\/#website\",\"url\":\"https:\/\/tpag.ch\/\",\"name\":\"tp\",\"description\":\"AG f\u00fcr technische Planungen\",\"potentialAction\":[{\"@type\":\"SearchAction\",\"target\":{\"@type\":\"EntryPoint\",\"urlTemplate\":\"https:\/\/tpag.ch\/?s={search_term_string}\"},\"query-input\":{\"@type\":\"PropertyValueSpecification\",\"valueRequired\":true,\"valueName\":\"search_term_string\"}}],\"inLanguage\":\"fr-FR\"}]}<\/script>\n<!-- \/ Yoast SEO plugin. -->","yoast_head_json":{"title":"H\u00f4tels \/ Restaurants - tp","robots":{"index":"index","follow":"follow","max-snippet":"max-snippet:-1","max-image-preview":"max-image-preview:large","max-video-preview":"max-video-preview:-1"},"canonical":"https:\/\/tpag.ch\/fr\/references\/hotels-restaurants\/","og_locale":"fr_FR","og_type":"article","og_title":"H\u00f4tels \/ Restaurants - tp","og_url":"https:\/\/tpag.ch\/fr\/references\/hotels-restaurants\/","og_site_name":"tp","article_modified_time":"2025-07-10T06:46:24+00:00","twitter_card":"summary_large_image","twitter_misc":{"Dur\u00e9e de lecture estim\u00e9e":"1 minute"},"schema":{"@context":"https:\/\/schema.org","@graph":[{"@type":"WebPage","@id":"https:\/\/tpag.ch\/fr\/references\/hotels-restaurants\/","url":"https:\/\/tpag.ch\/fr\/references\/hotels-restaurants\/","name":"H\u00f4tels \/ Restaurants - tp","isPartOf":{"@id":"https:\/\/tpag.ch\/#website"},"datePublished":"2019-11-05T09:02:33+00:00","dateModified":"2025-07-10T06:46:24+00:00","breadcrumb":{"@id":"https:\/\/tpag.ch\/fr\/references\/hotels-restaurants\/#breadcrumb"},"inLanguage":"fr-FR","potentialAction":[{"@type":"ReadAction","target":["https:\/\/tpag.ch\/fr\/references\/hotels-restaurants\/"]}]},{"@type":"BreadcrumbList","@id":"https:\/\/tpag.ch\/fr\/references\/hotels-restaurants\/#breadcrumb","itemListElement":[{"@type":"ListItem","position":1,"name":"Home","item":"https:\/\/tpag.ch\/fr\/"},{"@type":"ListItem","position":2,"name":"R\u00e9f\u00e9rences","item":"https:\/\/tpag.ch\/referenzen\/"},{"@type":"ListItem","position":3,"name":"H\u00f4tels \/ Restaurants"}]},{"@type":"WebSite","@id":"https:\/\/tpag.ch\/#website","url":"https:\/\/tpag.ch\/","name":"tp","description":"AG f\u00fcr technische Planungen","potentialAction":[{"@type":"SearchAction","target":{"@type":"EntryPoint","urlTemplate":"https:\/\/tpag.ch\/?s={search_term_string}"},"query-input":{"@type":"PropertyValueSpecification","valueRequired":true,"valueName":"search_term_string"}}],"inLanguage":"fr-FR"}]}},"_links":{"self":[{"href":"https:\/\/tpag.ch\/fr\/wp-json\/wp\/v2\/pages\/779","targetHints":{"allow":["GET"]}}],"collection":[{"href":"https:\/\/tpag.ch\/fr\/wp-json\/wp\/v2\/pages"}],"about":[{"href":"https:\/\/tpag.ch\/fr\/wp-json\/wp\/v2\/types\/page"}],"author":[{"embeddable":true,"href":"https:\/\/tpag.ch\/fr\/wp-json\/wp\/v2\/users\/1"}],"replies":[{"embeddable":true,"href":"https:\/\/tpag.ch\/fr\/wp-json\/wp\/v2\/comments?post=779"}],"version-history":[{"count":3,"href":"https:\/\/tpag.ch\/fr\/wp-json\/wp\/v2\/pages\/779\/revisions"}],"predecessor-version":[{"id":1041,"href":"https:\/\/tpag.ch\/fr\/wp-json\/wp\/v2\/pages\/779\/revisions\/1041"}],"up":[{"embeddable":true,"href":"https:\/\/tpag.ch\/fr\/wp-json\/wp\/v2\/pages\/762"}],"wp:attachment":[{"href":"https:\/\/tpag.ch\/fr\/wp-json\/wp\/v2\/media?parent=779"}],"curies":[{"name":"wp","href":"https:\/\/api.w.org\/{rel}","templated":true}]}}