{"id":775,"date":"2019-11-05T08:49:22","date_gmt":"2019-11-05T08:49:22","guid":{"rendered":"https:\/\/tpag.ch\/?page_id=775"},"modified":"2025-07-10T06:44:04","modified_gmt":"2025-07-10T06:44:04","slug":"batiments-administratifs-banques","status":"publish","type":"page","link":"https:\/\/tpag.ch\/fr\/references\/batiments-administratifs-banques\/","title":{"rendered":"B\u00e2timents administratifs \/ Banques"},"content":{"rendered":"<section class=\"l-section wpb_row height_custom\"><div class=\"l-section-h i-cf\"><div class=\"g-cols vc_row via_flex valign_top type_default stacking_default\"><div class=\"vc_col-sm-12 wpb_column vc_column_container\"><div class=\"vc_column-inner\"><div class=\"wpb_wrapper\"><div class=\"wpb_text_column\"><div class=\"wpb_wrapper\"><h1>B\u00e2timents administratifs \/ Banques<\/h1>\n<\/div><\/div><div class=\"ult-spacer spacer-69e236dd0d78c\" data-id=\"69e236dd0d78c\" data-height=\"30\" data-height-mobile=\"30\" data-height-tab=\"30\" data-height-tab-portrait=\"\" data-height-mobile-landscape=\"\" style=\"clear:both;display:block;\"><\/div><div class=\"g-cols wpb_row via_flex valign_top type_default stacking_default\"><div class=\"vc_col-sm-4 wpb_column vc_column_container\"><div class=\"vc_column-inner\"><div class=\"wpb_wrapper\"><div class=\"w-image us_custom_e716c567 align_none\"><div class=\"w-image-h\"><img decoding=\"async\" width=\"1024\" height=\"1024\" src=\"https:\/\/tpag.ch\/wp-content\/uploads\/2019\/09\/tp_11_Basler_Versicherung_Biel.jpg\" class=\"attachment-large size-large\" alt=\"\" loading=\"lazy\" srcset=\"https:\/\/tpag.ch\/wp-content\/uploads\/2019\/09\/tp_11_Basler_Versicherung_Biel.jpg 1024w, https:\/\/tpag.ch\/wp-content\/uploads\/2019\/09\/tp_11_Basler_Versicherung_Biel-150x150.jpg 150w, https:\/\/tpag.ch\/wp-content\/uploads\/2019\/09\/tp_11_Basler_Versicherung_Biel-300x300.jpg 300w, https:\/\/tpag.ch\/wp-content\/uploads\/2019\/09\/tp_11_Basler_Versicherung_Biel-350x350.jpg 350w, https:\/\/tpag.ch\/wp-content\/uploads\/2019\/09\/tp_11_Basler_Versicherung_Biel-600x600.jpg 600w, https:\/\/tpag.ch\/wp-content\/uploads\/2019\/09\/tp_11_Basler_Versicherung_Biel-100x100.jpg 100w\" sizes=\"auto, (max-width: 1024px) 100vw, 1024px\" \/><\/div><\/div><div class=\"ult-spacer spacer-69e236dd0e3f8\" data-id=\"69e236dd0e3f8\" data-height=\"15\" data-height-mobile=\"15\" data-height-tab=\"15\" data-height-tab-portrait=\"\" data-height-mobile-landscape=\"\" style=\"clear:both;display:block;\"><\/div><div class=\"wpb_text_column\"><div class=\"wpb_wrapper\"><p>2017 | Baloise Assurances, Pont-du-Moulin, Bienne<\/p>\n<p>Planification: CVS<\/p>\n<p>Sp\u00e9cialit\u00e9: Assainissement en exploitation du b\u00e2timent<\/p>\n<p>Architecture: GLS Architectes, Bienne<\/p>\n<\/div><\/div><div class=\"ult-spacer spacer-69e236dd0e5d5\" data-id=\"69e236dd0e5d5\" data-height=\"45\" data-height-mobile=\"45\" data-height-tab=\"45\" data-height-tab-portrait=\"\" data-height-mobile-landscape=\"\" style=\"clear:both;display:block;\"><\/div><\/div><\/div><\/div><div class=\"vc_col-sm-4 wpb_column vc_column_container\"><div class=\"vc_column-inner\"><div class=\"wpb_wrapper\"><div class=\"w-image us_custom_e716c567 align_none\"><div class=\"w-image-h\"><img decoding=\"async\" width=\"1024\" height=\"1024\" src=\"https:\/\/tpag.ch\/wp-content\/uploads\/2019\/09\/tp_11_Postfinance_Biel_1.jpg\" class=\"attachment-large size-large\" alt=\"\" loading=\"lazy\" srcset=\"https:\/\/tpag.ch\/wp-content\/uploads\/2019\/09\/tp_11_Postfinance_Biel_1.jpg 1024w, https:\/\/tpag.ch\/wp-content\/uploads\/2019\/09\/tp_11_Postfinance_Biel_1-150x150.jpg 150w, https:\/\/tpag.ch\/wp-content\/uploads\/2019\/09\/tp_11_Postfinance_Biel_1-300x300.jpg 300w, https:\/\/tpag.ch\/wp-content\/uploads\/2019\/09\/tp_11_Postfinance_Biel_1-350x350.jpg 350w, https:\/\/tpag.ch\/wp-content\/uploads\/2019\/09\/tp_11_Postfinance_Biel_1-600x600.jpg 600w, https:\/\/tpag.ch\/wp-content\/uploads\/2019\/09\/tp_11_Postfinance_Biel_1-100x100.jpg 100w\" sizes=\"auto, (max-width: 1024px) 100vw, 1024px\" \/><\/div><\/div><div class=\"ult-spacer spacer-69e236dd0ebf8\" data-id=\"69e236dd0ebf8\" data-height=\"15\" data-height-mobile=\"15\" data-height-tab=\"15\" data-height-tab-portrait=\"\" data-height-mobile-landscape=\"\" style=\"clear:both;display:block;\"><\/div><div class=\"wpb_text_column\"><div class=\"wpb_wrapper\"><p>2002-2011 | Postfinance filiales Bienne, Sion, Vevey, Neuch\u00e2tel, Lausanne, Yverdon, Del\u00e9mont<\/p>\n<p>Planification: CVCS<\/p>\n<p>Sp\u00e9cialit\u00e9: B\u00e2timent avec banque, bureaux et appartements<\/p>\n<p>Architecture: Itten Brechb\u00fchl Architectes, Bern<\/p>\n<\/div><\/div><div class=\"ult-spacer spacer-69e236dd0ede5\" data-id=\"69e236dd0ede5\" data-height=\"45\" data-height-mobile=\"45\" data-height-tab=\"45\" data-height-tab-portrait=\"\" data-height-mobile-landscape=\"\" style=\"clear:both;display:block;\"><\/div><\/div><\/div><\/div><div class=\"vc_col-sm-4 wpb_column vc_column_container\"><div class=\"vc_column-inner\"><div class=\"wpb_wrapper\"><div class=\"w-image us_custom_e716c567 align_none\"><div class=\"w-image-h\"><img decoding=\"async\" width=\"1024\" height=\"1024\" src=\"https:\/\/tpag.ch\/wp-content\/uploads\/2019\/09\/11_Raiffeisen_Flamatt.jpg\" class=\"attachment-large size-large\" alt=\"\" loading=\"lazy\" srcset=\"https:\/\/tpag.ch\/wp-content\/uploads\/2019\/09\/11_Raiffeisen_Flamatt.jpg 1024w, https:\/\/tpag.ch\/wp-content\/uploads\/2019\/09\/11_Raiffeisen_Flamatt-150x150.jpg 150w, https:\/\/tpag.ch\/wp-content\/uploads\/2019\/09\/11_Raiffeisen_Flamatt-300x300.jpg 300w, https:\/\/tpag.ch\/wp-content\/uploads\/2019\/09\/11_Raiffeisen_Flamatt-350x350.jpg 350w, https:\/\/tpag.ch\/wp-content\/uploads\/2019\/09\/11_Raiffeisen_Flamatt-600x600.jpg 600w, https:\/\/tpag.ch\/wp-content\/uploads\/2019\/09\/11_Raiffeisen_Flamatt-100x100.jpg 100w\" sizes=\"auto, (max-width: 1024px) 100vw, 1024px\" \/><\/div><\/div><div class=\"ult-spacer spacer-69e236dd0f457\" data-id=\"69e236dd0f457\" data-height=\"15\" data-height-mobile=\"15\" data-height-tab=\"15\" data-height-tab-portrait=\"\" data-height-mobile-landscape=\"\" style=\"clear:both;display:block;\"><\/div><div class=\"wpb_text_column\"><div class=\"wpb_wrapper\"><p>2010 | Banque Raiffeisen Sensetal, Flamatt<\/p>\n<p>Planification: CVCS<\/p>\n<p>Sp\u00e9cialit\u00e9: Pompe \u00e0 chaleur eau\/eau pour le chauffage et le refroidissement<\/p>\n<p>Architecture: box Architectes, Bienne \/ BAP Architectes, Neuenegg<\/p>\n<\/div><\/div><div class=\"ult-spacer spacer-69e236dd0f643\" data-id=\"69e236dd0f643\" data-height=\"45\" data-height-mobile=\"45\" data-height-tab=\"45\" data-height-tab-portrait=\"\" data-height-mobile-landscape=\"\" style=\"clear:both;display:block;\"><\/div><\/div><\/div><\/div><\/div><div class=\"g-cols wpb_row via_flex valign_top type_default stacking_default\"><div class=\"vc_col-sm-4 wpb_column vc_column_container\"><div class=\"vc_column-inner\"><div class=\"wpb_wrapper\"><div class=\"w-image us_custom_e716c567 align_none\"><div class=\"w-image-h\"><img decoding=\"async\" width=\"1024\" height=\"1024\" src=\"https:\/\/tpag.ch\/wp-content\/uploads\/2019\/09\/tp_11_Raiffeisen_Lyss__.jpg\" class=\"attachment-large size-large\" alt=\"\" loading=\"lazy\" srcset=\"https:\/\/tpag.ch\/wp-content\/uploads\/2019\/09\/tp_11_Raiffeisen_Lyss__.jpg 1024w, https:\/\/tpag.ch\/wp-content\/uploads\/2019\/09\/tp_11_Raiffeisen_Lyss__-150x150.jpg 150w, https:\/\/tpag.ch\/wp-content\/uploads\/2019\/09\/tp_11_Raiffeisen_Lyss__-300x300.jpg 300w, https:\/\/tpag.ch\/wp-content\/uploads\/2019\/09\/tp_11_Raiffeisen_Lyss__-350x350.jpg 350w, https:\/\/tpag.ch\/wp-content\/uploads\/2019\/09\/tp_11_Raiffeisen_Lyss__-600x600.jpg 600w, https:\/\/tpag.ch\/wp-content\/uploads\/2019\/09\/tp_11_Raiffeisen_Lyss__-100x100.jpg 100w\" sizes=\"auto, (max-width: 1024px) 100vw, 1024px\" \/><\/div><\/div><div class=\"ult-spacer spacer-69e236dd0fdd7\" data-id=\"69e236dd0fdd7\" data-height=\"15\" data-height-mobile=\"15\" data-height-tab=\"15\" data-height-tab-portrait=\"\" data-height-mobile-landscape=\"\" style=\"clear:both;display:block;\"><\/div><div class=\"wpb_text_column\"><div class=\"wpb_wrapper\"><p>2010 | Banque Raiffeisen Seeland, Lyss<\/p>\n<p>Planification: CVCS<\/p>\n<p>Sp\u00e9cialit\u00e9: Agrandissement et r\u00e9novation de la banque<\/p>\n<p>Architecture: GIM Architectes, Bern<\/p>\n<\/div><\/div><div class=\"ult-spacer spacer-69e236dd0ffc9\" data-id=\"69e236dd0ffc9\" data-height=\"45\" data-height-mobile=\"45\" data-height-tab=\"45\" data-height-tab-portrait=\"\" data-height-mobile-landscape=\"\" style=\"clear:both;display:block;\"><\/div><\/div><\/div><\/div><div class=\"vc_col-sm-4 wpb_column vc_column_container\"><div class=\"vc_column-inner\"><div class=\"wpb_wrapper\"><div class=\"w-image us_custom_e716c567 align_none\"><div class=\"w-image-h\"><img decoding=\"async\" width=\"1024\" height=\"1024\" src=\"https:\/\/tpag.ch\/wp-content\/uploads\/2019\/09\/tp_11_Mo\u00eftel_LaNeuville__.jpg\" class=\"attachment-large size-large\" alt=\"\" loading=\"lazy\" srcset=\"https:\/\/tpag.ch\/wp-content\/uploads\/2019\/09\/tp_11_Mo\u00eftel_LaNeuville__.jpg 1024w, https:\/\/tpag.ch\/wp-content\/uploads\/2019\/09\/tp_11_Mo\u00eftel_LaNeuville__-150x150.jpg 150w, https:\/\/tpag.ch\/wp-content\/uploads\/2019\/09\/tp_11_Mo\u00eftel_LaNeuville__-300x300.jpg 300w, https:\/\/tpag.ch\/wp-content\/uploads\/2019\/09\/tp_11_Mo\u00eftel_LaNeuville__-350x350.jpg 350w, https:\/\/tpag.ch\/wp-content\/uploads\/2019\/09\/tp_11_Mo\u00eftel_LaNeuville__-600x600.jpg 600w, https:\/\/tpag.ch\/wp-content\/uploads\/2019\/09\/tp_11_Mo\u00eftel_LaNeuville__-100x100.jpg 100w\" sizes=\"auto, (max-width: 1024px) 100vw, 1024px\" \/><\/div><\/div><div class=\"ult-spacer spacer-69e236dd10615\" data-id=\"69e236dd10615\" data-height=\"15\" data-height-mobile=\"15\" data-height-tab=\"15\" data-height-tab-portrait=\"\" data-height-mobile-landscape=\"\" style=\"clear:both;display:block;\"><\/div><div class=\"wpb_text_column\"><div class=\"wpb_wrapper\"><p>2008 | B\u00e2timent administratif Mo\u00eftel, La Neuveville<\/p>\n<p>Planification: CVS<\/p>\n<p>Sp\u00e9cialit\u00e9: Transformation d\u2019un motel en bureaux et en atelier pour d\u00e9signer<\/p>\n<p>Architecture: atelier \u00f6i, La Neuveville<\/p>\n<\/div><\/div><div class=\"ult-spacer spacer-69e236dd107ee\" data-id=\"69e236dd107ee\" data-height=\"45\" data-height-mobile=\"45\" data-height-tab=\"45\" data-height-tab-portrait=\"\" data-height-mobile-landscape=\"\" style=\"clear:both;display:block;\"><\/div><\/div><\/div><\/div><div class=\"vc_col-sm-4 wpb_column vc_column_container\"><div class=\"vc_column-inner\"><div class=\"wpb_wrapper\"><div class=\"w-image us_custom_e716c567 align_none\"><div class=\"w-image-h\"><img decoding=\"async\" width=\"1024\" height=\"1024\" src=\"https:\/\/tpag.ch\/wp-content\/uploads\/2019\/09\/tp_11_BEKB_Biel.jpg\" class=\"attachment-large size-large\" alt=\"\" loading=\"lazy\" srcset=\"https:\/\/tpag.ch\/wp-content\/uploads\/2019\/09\/tp_11_BEKB_Biel.jpg 1024w, https:\/\/tpag.ch\/wp-content\/uploads\/2019\/09\/tp_11_BEKB_Biel-150x150.jpg 150w, https:\/\/tpag.ch\/wp-content\/uploads\/2019\/09\/tp_11_BEKB_Biel-300x300.jpg 300w, https:\/\/tpag.ch\/wp-content\/uploads\/2019\/09\/tp_11_BEKB_Biel-350x350.jpg 350w, https:\/\/tpag.ch\/wp-content\/uploads\/2019\/09\/tp_11_BEKB_Biel-600x600.jpg 600w, https:\/\/tpag.ch\/wp-content\/uploads\/2019\/09\/tp_11_BEKB_Biel-100x100.jpg 100w\" sizes=\"auto, (max-width: 1024px) 100vw, 1024px\" \/><\/div><\/div><div class=\"ult-spacer spacer-69e236dd10e50\" data-id=\"69e236dd10e50\" data-height=\"15\" data-height-mobile=\"15\" data-height-tab=\"15\" data-height-tab-portrait=\"\" data-height-mobile-landscape=\"\" style=\"clear:both;display:block;\"><\/div><div class=\"wpb_text_column\"><div class=\"wpb_wrapper\"><p>2004 | BCBE filiale place centrale, Bienne<\/p>\n<p>Planification: CVCS<\/p>\n<p>Sp\u00e9cialit\u00e9: Assainissement des installations techniques en exploitations<\/p>\n<p>Architecture: BCBE, Liebefeld<\/p>\n<\/div><\/div><div class=\"ult-spacer spacer-69e236dd1101f\" data-id=\"69e236dd1101f\" data-height=\"45\" data-height-mobile=\"45\" data-height-tab=\"45\" data-height-tab-portrait=\"\" data-height-mobile-landscape=\"\" style=\"clear:both;display:block;\"><\/div><\/div><\/div><\/div><\/div><\/div><\/div><\/div><\/div><\/div><\/section><section class=\"l-section wpb_row height_custom\"><div class=\"l-section-h i-cf\"><div class=\"g-cols vc_row via_flex valign_top type_default stacking_default\"><div class=\"vc_col-sm-12 wpb_column vc_column_container\"><div class=\"vc_column-inner\"><div class=\"wpb_wrapper\"><div class=\"wpb_text_column\"><div class=\"wpb_wrapper\"><h2>Ouvrages<\/h2>\n<p>Poste, Aesch<\/p>\n<p>Baloise Assurances, M\u00fchlebr\u00fccke, Bienne<\/p>\n<p>Swisscom Aarbergstrasse 107A, Bienne<\/p>\n<p>Pr\u00e9fecture, Courtelary<\/p>\n<p>Postfinance filiales Bienne, Sion, Vevey, Lausanne, Yverdon, Neuch\u00e2tel, Del\u00e9mont<\/p>\n<p>BKW-Geb\u00e4ude, Nidau<\/p>\n<p>Banque Raiffeisen \u201eLeben im Zentrum\u201c, Grenchen<\/p>\n<p>Banque Raiffeisen Sensetal, Flamatt<\/p>\n<p>Banque Raiffeisen, Lyss<\/p>\n<p>B\u00e2timent administratif Mo\u00eftel, La Neuveville<\/p>\n<p>BCBE, filiale Aarberg<\/p>\n<p>BCBE, filiale place centrale Bienne<\/p>\n<p>UBS, filiale B\u00fcren a. Aare<\/p>\n<p>Parker Hannifin, Etoy<\/p>\n<\/div><\/div><\/div><\/div><\/div><\/div><\/div><\/section><section class=\"l-section wpb_row height_custom\"><div class=\"l-section-h i-cf\"><div class=\"g-cols vc_row via_flex valign_top type_default stacking_default\"><div class=\"vc_col-sm-12 wpb_column vc_column_container\"><div class=\"vc_column-inner\"><div class=\"wpb_wrapper\"><div class=\"aio-icon-component   icon style_1\"><a class=\"aio-icon-box-link\" href=\"https:\/\/tpag.ch\/fr\/references\/\" title=\"Referenzen\" ><div id=\"Info-box-wrap-1746\" class=\"aio-icon-box left-icon\" style=\"\"  ><div class=\"aio-icon-left\"><div class=\"ult-just-icon-wrapper  \"><div class=\"align-icon\" style=\"text-align:center;\">\n<div class=\"aio-icon-img \" style=\"font-size:100px;display:inline-block;\" >\n\t<img decoding=\"async\" class=\"img-icon\" alt=\"null\" src=\"https:\/\/tpag.ch\/wp-content\/uploads\/2019\/05\/tp-referenzen.jpg\"\/>\n<\/div><\/div><\/div><\/div><div class=\"aio-ibd-block\"><div class=\"aio-icon-description ult-responsive\"  data-ultimate-target='#Info-box-wrap-1746 .aio-icon-description'  data-responsive-json-new='{\"font-size\":\"\",\"line-height\":\"\"}'  style=\"color:#d90000;\">\n<h2>R\u00e9f\u00e9rences <span class=\"invis\">\u2192<\/span><\/h2>\n<\/div> <!-- description --><\/div> <!-- aio-ibd-block --><\/div> <!-- aio-icon-box --><\/a><\/div> <!-- aio-icon-component --><\/div><\/div><\/div><\/div><\/div><\/section>\n","protected":false},"excerpt":{"rendered":"B\u00e2timents administratifs \/ Banques 2017 | Baloise Assurances, Pont-du-Moulin, Bienne Planification: CVS Sp\u00e9cialit\u00e9: Assainissement en exploitation du b\u00e2timent Architecture: GLS Architectes, Bienne 2002-2011 | Postfinance filiales Bienne, Sion, Vevey, Neuch\u00e2tel, Lausanne, Yverdon, Del\u00e9mont Planification: CVCS Sp\u00e9cialit\u00e9: B\u00e2timent avec banque, bureaux et appartements Architecture: Itten Brechb\u00fchl Architectes, Bern 2010 | Banque Raiffeisen Sensetal, Flamatt Planification: CVCS...","protected":false},"author":1,"featured_media":0,"parent":762,"menu_order":0,"comment_status":"closed","ping_status":"closed","template":"","meta":{"footnotes":""},"class_list":["post-775","page","type-page","status-publish","hentry"],"yoast_head":"<!-- This site is optimized with the Yoast SEO plugin v25.6 - https:\/\/yoast.com\/wordpress\/plugins\/seo\/ -->\n<title>B\u00e2timents administratifs \/ Banques - tp<\/title>\n<meta name=\"robots\" content=\"index, follow, max-snippet:-1, max-image-preview:large, max-video-preview:-1\" \/>\n<link rel=\"canonical\" href=\"https:\/\/tpag.ch\/fr\/references\/batiments-administratifs-banques\/\" \/>\n<meta property=\"og:locale\" content=\"fr_FR\" \/>\n<meta property=\"og:type\" content=\"article\" \/>\n<meta property=\"og:title\" content=\"B\u00e2timents administratifs \/ Banques - tp\" \/>\n<meta property=\"og:url\" content=\"https:\/\/tpag.ch\/fr\/references\/batiments-administratifs-banques\/\" \/>\n<meta property=\"og:site_name\" content=\"tp\" \/>\n<meta property=\"article:modified_time\" content=\"2025-07-10T06:44:04+00:00\" \/>\n<meta name=\"twitter:card\" content=\"summary_large_image\" \/>\n<meta name=\"twitter:label1\" content=\"Dur\u00e9e de lecture estim\u00e9e\" \/>\n\t<meta name=\"twitter:data1\" content=\"2 minutes\" \/>\n<script type=\"application\/ld+json\" class=\"yoast-schema-graph\">{\"@context\":\"https:\/\/schema.org\",\"@graph\":[{\"@type\":\"WebPage\",\"@id\":\"https:\/\/tpag.ch\/fr\/references\/batiments-administratifs-banques\/\",\"url\":\"https:\/\/tpag.ch\/fr\/references\/batiments-administratifs-banques\/\",\"name\":\"B\u00e2timents administratifs \/ Banques - tp\",\"isPartOf\":{\"@id\":\"https:\/\/tpag.ch\/#website\"},\"datePublished\":\"2019-11-05T08:49:22+00:00\",\"dateModified\":\"2025-07-10T06:44:04+00:00\",\"breadcrumb\":{\"@id\":\"https:\/\/tpag.ch\/fr\/references\/batiments-administratifs-banques\/#breadcrumb\"},\"inLanguage\":\"fr-FR\",\"potentialAction\":[{\"@type\":\"ReadAction\",\"target\":[\"https:\/\/tpag.ch\/fr\/references\/batiments-administratifs-banques\/\"]}]},{\"@type\":\"BreadcrumbList\",\"@id\":\"https:\/\/tpag.ch\/fr\/references\/batiments-administratifs-banques\/#breadcrumb\",\"itemListElement\":[{\"@type\":\"ListItem\",\"position\":1,\"name\":\"Home\",\"item\":\"https:\/\/tpag.ch\/fr\/\"},{\"@type\":\"ListItem\",\"position\":2,\"name\":\"R\u00e9f\u00e9rences\",\"item\":\"https:\/\/tpag.ch\/referenzen\/\"},{\"@type\":\"ListItem\",\"position\":3,\"name\":\"B\u00e2timents administratifs \/ Banques\"}]},{\"@type\":\"WebSite\",\"@id\":\"https:\/\/tpag.ch\/#website\",\"url\":\"https:\/\/tpag.ch\/\",\"name\":\"tp\",\"description\":\"AG f\u00fcr technische Planungen\",\"potentialAction\":[{\"@type\":\"SearchAction\",\"target\":{\"@type\":\"EntryPoint\",\"urlTemplate\":\"https:\/\/tpag.ch\/?s={search_term_string}\"},\"query-input\":{\"@type\":\"PropertyValueSpecification\",\"valueRequired\":true,\"valueName\":\"search_term_string\"}}],\"inLanguage\":\"fr-FR\"}]}<\/script>\n<!-- \/ Yoast SEO plugin. -->","yoast_head_json":{"title":"B\u00e2timents administratifs \/ Banques - tp","robots":{"index":"index","follow":"follow","max-snippet":"max-snippet:-1","max-image-preview":"max-image-preview:large","max-video-preview":"max-video-preview:-1"},"canonical":"https:\/\/tpag.ch\/fr\/references\/batiments-administratifs-banques\/","og_locale":"fr_FR","og_type":"article","og_title":"B\u00e2timents administratifs \/ Banques - tp","og_url":"https:\/\/tpag.ch\/fr\/references\/batiments-administratifs-banques\/","og_site_name":"tp","article_modified_time":"2025-07-10T06:44:04+00:00","twitter_card":"summary_large_image","twitter_misc":{"Dur\u00e9e de lecture estim\u00e9e":"2 minutes"},"schema":{"@context":"https:\/\/schema.org","@graph":[{"@type":"WebPage","@id":"https:\/\/tpag.ch\/fr\/references\/batiments-administratifs-banques\/","url":"https:\/\/tpag.ch\/fr\/references\/batiments-administratifs-banques\/","name":"B\u00e2timents administratifs \/ Banques - tp","isPartOf":{"@id":"https:\/\/tpag.ch\/#website"},"datePublished":"2019-11-05T08:49:22+00:00","dateModified":"2025-07-10T06:44:04+00:00","breadcrumb":{"@id":"https:\/\/tpag.ch\/fr\/references\/batiments-administratifs-banques\/#breadcrumb"},"inLanguage":"fr-FR","potentialAction":[{"@type":"ReadAction","target":["https:\/\/tpag.ch\/fr\/references\/batiments-administratifs-banques\/"]}]},{"@type":"BreadcrumbList","@id":"https:\/\/tpag.ch\/fr\/references\/batiments-administratifs-banques\/#breadcrumb","itemListElement":[{"@type":"ListItem","position":1,"name":"Home","item":"https:\/\/tpag.ch\/fr\/"},{"@type":"ListItem","position":2,"name":"R\u00e9f\u00e9rences","item":"https:\/\/tpag.ch\/referenzen\/"},{"@type":"ListItem","position":3,"name":"B\u00e2timents administratifs \/ Banques"}]},{"@type":"WebSite","@id":"https:\/\/tpag.ch\/#website","url":"https:\/\/tpag.ch\/","name":"tp","description":"AG f\u00fcr technische Planungen","potentialAction":[{"@type":"SearchAction","target":{"@type":"EntryPoint","urlTemplate":"https:\/\/tpag.ch\/?s={search_term_string}"},"query-input":{"@type":"PropertyValueSpecification","valueRequired":true,"valueName":"search_term_string"}}],"inLanguage":"fr-FR"}]}},"_links":{"self":[{"href":"https:\/\/tpag.ch\/fr\/wp-json\/wp\/v2\/pages\/775","targetHints":{"allow":["GET"]}}],"collection":[{"href":"https:\/\/tpag.ch\/fr\/wp-json\/wp\/v2\/pages"}],"about":[{"href":"https:\/\/tpag.ch\/fr\/wp-json\/wp\/v2\/types\/page"}],"author":[{"embeddable":true,"href":"https:\/\/tpag.ch\/fr\/wp-json\/wp\/v2\/users\/1"}],"replies":[{"embeddable":true,"href":"https:\/\/tpag.ch\/fr\/wp-json\/wp\/v2\/comments?post=775"}],"version-history":[{"count":3,"href":"https:\/\/tpag.ch\/fr\/wp-json\/wp\/v2\/pages\/775\/revisions"}],"predecessor-version":[{"id":1039,"href":"https:\/\/tpag.ch\/fr\/wp-json\/wp\/v2\/pages\/775\/revisions\/1039"}],"up":[{"embeddable":true,"href":"https:\/\/tpag.ch\/fr\/wp-json\/wp\/v2\/pages\/762"}],"wp:attachment":[{"href":"https:\/\/tpag.ch\/fr\/wp-json\/wp\/v2\/media?parent=775"}],"curies":[{"name":"wp","href":"https:\/\/api.w.org\/{rel}","templated":true}]}}