{"id":773,"date":"2019-11-05T08:44:58","date_gmt":"2019-11-05T08:44:58","guid":{"rendered":"https:\/\/tpag.ch\/?page_id=773"},"modified":"2025-07-10T06:42:46","modified_gmt":"2025-07-10T06:42:46","slug":"batiments-scolaires-installations-sportives","status":"publish","type":"page","link":"https:\/\/tpag.ch\/fr\/references\/batiments-scolaires-installations-sportives\/","title":{"rendered":"B\u00e2timents scolaires \/ Installations sportives"},"content":{"rendered":"<section class=\"l-section wpb_row height_custom\"><div class=\"l-section-h i-cf\"><div class=\"g-cols vc_row via_flex valign_top type_default stacking_default\"><div class=\"vc_col-sm-12 wpb_column vc_column_container\"><div class=\"vc_column-inner\"><div class=\"wpb_wrapper\"><div class=\"wpb_text_column\"><div class=\"wpb_wrapper\"><h1>B\u00e2timents scolaires \/ Installations sportives<\/h1>\n<\/div><\/div><div class=\"ult-spacer spacer-69e2380404d1b\" data-id=\"69e2380404d1b\" data-height=\"30\" data-height-mobile=\"30\" data-height-tab=\"30\" data-height-tab-portrait=\"\" data-height-mobile-landscape=\"\" style=\"clear:both;display:block;\"><\/div><div class=\"g-cols wpb_row via_flex valign_top type_default stacking_default\"><div class=\"vc_col-sm-4 wpb_column vc_column_container\"><div class=\"vc_column-inner\"><div class=\"wpb_wrapper\"><div class=\"w-image us_custom_e716c567 align_none\"><div class=\"w-image-h\"><img decoding=\"async\" width=\"1024\" height=\"1024\" src=\"https:\/\/tpag.ch\/wp-content\/uploads\/2019\/09\/tp_10_Schule_Ante_Portas_Port.jpg\" class=\"attachment-large size-large\" alt=\"\" loading=\"lazy\" srcset=\"https:\/\/tpag.ch\/wp-content\/uploads\/2019\/09\/tp_10_Schule_Ante_Portas_Port.jpg 1024w, https:\/\/tpag.ch\/wp-content\/uploads\/2019\/09\/tp_10_Schule_Ante_Portas_Port-150x150.jpg 150w, https:\/\/tpag.ch\/wp-content\/uploads\/2019\/09\/tp_10_Schule_Ante_Portas_Port-300x300.jpg 300w, https:\/\/tpag.ch\/wp-content\/uploads\/2019\/09\/tp_10_Schule_Ante_Portas_Port-350x350.jpg 350w, https:\/\/tpag.ch\/wp-content\/uploads\/2019\/09\/tp_10_Schule_Ante_Portas_Port-600x600.jpg 600w, https:\/\/tpag.ch\/wp-content\/uploads\/2019\/09\/tp_10_Schule_Ante_Portas_Port-100x100.jpg 100w\" sizes=\"auto, (max-width: 1024px) 100vw, 1024px\" \/><\/div><\/div><div class=\"ult-spacer spacer-69e238040635a\" data-id=\"69e238040635a\" data-height=\"15\" data-height-mobile=\"15\" data-height-tab=\"15\" data-height-tab-portrait=\"\" data-height-mobile-landscape=\"\" style=\"clear:both;display:block;\"><\/div><div class=\"wpb_text_column\"><div class=\"wpb_wrapper\"><p>2017 | Nouvelle \u00e9cole Ante Portas, Port<\/p>\n<p>Planification: CVS<\/p>\n<p>Sp\u00e9cialit\u00e9: Construction en bois, certifi\u00e9e Minergie<\/p>\n<p>Architecture: skop Architectes, Z\u00fcrich<\/p>\n<\/div><\/div><div class=\"ult-spacer spacer-69e2380406568\" data-id=\"69e2380406568\" data-height=\"45\" data-height-mobile=\"45\" data-height-tab=\"45\" data-height-tab-portrait=\"\" data-height-mobile-landscape=\"\" style=\"clear:both;display:block;\"><\/div><\/div><\/div><\/div><div class=\"vc_col-sm-4 wpb_column vc_column_container\"><div class=\"vc_column-inner\"><div class=\"wpb_wrapper\"><div class=\"w-image us_custom_e716c567 align_none\"><div class=\"w-image-h\"><img decoding=\"async\" width=\"1024\" height=\"1024\" src=\"https:\/\/tpag.ch\/wp-content\/uploads\/2019\/09\/tp_10_SPZ_Gstaad.jpg\" class=\"attachment-large size-large\" alt=\"\" loading=\"lazy\" srcset=\"https:\/\/tpag.ch\/wp-content\/uploads\/2019\/09\/tp_10_SPZ_Gstaad.jpg 1024w, https:\/\/tpag.ch\/wp-content\/uploads\/2019\/09\/tp_10_SPZ_Gstaad-150x150.jpg 150w, https:\/\/tpag.ch\/wp-content\/uploads\/2019\/09\/tp_10_SPZ_Gstaad-300x300.jpg 300w, https:\/\/tpag.ch\/wp-content\/uploads\/2019\/09\/tp_10_SPZ_Gstaad-350x350.jpg 350w, https:\/\/tpag.ch\/wp-content\/uploads\/2019\/09\/tp_10_SPZ_Gstaad-600x600.jpg 600w, https:\/\/tpag.ch\/wp-content\/uploads\/2019\/09\/tp_10_SPZ_Gstaad-100x100.jpg 100w\" sizes=\"auto, (max-width: 1024px) 100vw, 1024px\" \/><\/div><\/div><div class=\"ult-spacer spacer-69e2380406bc7\" data-id=\"69e2380406bc7\" data-height=\"15\" data-height-mobile=\"15\" data-height-tab=\"15\" data-height-tab-portrait=\"\" data-height-mobile-landscape=\"\" style=\"clear:both;display:block;\"><\/div><div class=\"wpb_text_column\"><div class=\"wpb_wrapper\"><p>2017 | Centre sportif SPZ, Gstaad<\/p>\n<p>Planification: CVS<\/p>\n<p>Sp\u00e9cialit\u00e9: Assainissement de la piscine et agrandissement des installations en exploitations<\/p>\n<p>Architecture: K+L Architectes, St.Gallen<\/p>\n<\/div><\/div><div class=\"ult-spacer spacer-69e2380406d96\" data-id=\"69e2380406d96\" data-height=\"45\" data-height-mobile=\"45\" data-height-tab=\"45\" data-height-tab-portrait=\"\" data-height-mobile-landscape=\"\" style=\"clear:both;display:block;\"><\/div><\/div><\/div><\/div><div class=\"vc_col-sm-4 wpb_column vc_column_container\"><div class=\"vc_column-inner\"><div class=\"wpb_wrapper\"><div class=\"w-image us_custom_e716c567 align_none\"><div class=\"w-image-h\"><img decoding=\"async\" width=\"1024\" height=\"1024\" src=\"https:\/\/tpag.ch\/wp-content\/uploads\/2019\/09\/tp_10_SI_Campus_Delemont.jpg\" class=\"attachment-large size-large\" alt=\"\" loading=\"lazy\" srcset=\"https:\/\/tpag.ch\/wp-content\/uploads\/2019\/09\/tp_10_SI_Campus_Delemont.jpg 1024w, https:\/\/tpag.ch\/wp-content\/uploads\/2019\/09\/tp_10_SI_Campus_Delemont-150x150.jpg 150w, https:\/\/tpag.ch\/wp-content\/uploads\/2019\/09\/tp_10_SI_Campus_Delemont-300x300.jpg 300w, https:\/\/tpag.ch\/wp-content\/uploads\/2019\/09\/tp_10_SI_Campus_Delemont-350x350.jpg 350w, https:\/\/tpag.ch\/wp-content\/uploads\/2019\/09\/tp_10_SI_Campus_Delemont-600x600.jpg 600w, https:\/\/tpag.ch\/wp-content\/uploads\/2019\/09\/tp_10_SI_Campus_Delemont-100x100.jpg 100w\" sizes=\"auto, (max-width: 1024px) 100vw, 1024px\" \/><\/div><\/div><div class=\"ult-spacer spacer-69e23804073d7\" data-id=\"69e23804073d7\" data-height=\"15\" data-height-mobile=\"15\" data-height-tab=\"15\" data-height-tab-portrait=\"\" data-height-mobile-landscape=\"\" style=\"clear:both;display:block;\"><\/div><div class=\"wpb_text_column\"><div class=\"wpb_wrapper\"><p>2016 | SI Campus NE \u2013 Jura SA, Del\u00e9mont<\/p>\n<p>Planification: SSp<\/p>\n<p>Sp\u00e9cialit\u00e9: Haute \u00e9cole sp\u00e9cialis\u00e9e, certifi\u00e9e Minergie<\/p>\n<p>Architecture: ipas Architectes, Neuch\u00e2tel<\/p>\n<\/div><\/div><div class=\"ult-spacer spacer-69e23804075b8\" data-id=\"69e23804075b8\" data-height=\"45\" data-height-mobile=\"45\" data-height-tab=\"45\" data-height-tab-portrait=\"\" data-height-mobile-landscape=\"\" style=\"clear:both;display:block;\"><\/div><\/div><\/div><\/div><\/div><div class=\"g-cols wpb_row via_flex valign_top type_default stacking_default\"><div class=\"vc_col-sm-4 wpb_column vc_column_container\"><div class=\"vc_column-inner\"><div class=\"wpb_wrapper\"><div class=\"w-image us_custom_e716c567 align_none\"><div class=\"w-image-h\"><img decoding=\"async\" width=\"1024\" height=\"1024\" src=\"https:\/\/tpag.ch\/wp-content\/uploads\/2019\/09\/tp_10_Tissot_Arena_Biel.jpg\" class=\"attachment-large size-large\" alt=\"\" loading=\"lazy\" srcset=\"https:\/\/tpag.ch\/wp-content\/uploads\/2019\/09\/tp_10_Tissot_Arena_Biel.jpg 1024w, https:\/\/tpag.ch\/wp-content\/uploads\/2019\/09\/tp_10_Tissot_Arena_Biel-150x150.jpg 150w, https:\/\/tpag.ch\/wp-content\/uploads\/2019\/09\/tp_10_Tissot_Arena_Biel-300x300.jpg 300w, https:\/\/tpag.ch\/wp-content\/uploads\/2019\/09\/tp_10_Tissot_Arena_Biel-350x350.jpg 350w, https:\/\/tpag.ch\/wp-content\/uploads\/2019\/09\/tp_10_Tissot_Arena_Biel-600x600.jpg 600w, https:\/\/tpag.ch\/wp-content\/uploads\/2019\/09\/tp_10_Tissot_Arena_Biel-100x100.jpg 100w\" sizes=\"auto, (max-width: 1024px) 100vw, 1024px\" \/><\/div><\/div><div class=\"ult-spacer spacer-69e2380407d1c\" data-id=\"69e2380407d1c\" data-height=\"15\" data-height-mobile=\"15\" data-height-tab=\"15\" data-height-tab-portrait=\"\" data-height-mobile-landscape=\"\" style=\"clear:both;display:block;\"><\/div><div class=\"wpb_text_column\"><div class=\"wpb_wrapper\"><p>2015 | Stades de Bienne, Tissot-Arena, Bienne<\/p>\n<p>Planification: CVSSp<\/p>\n<p>Sp\u00e9cialit\u00e9: Installations multisportives pour le hockey, le curling et le football.<\/p>\n<p>Architecture GLS Architectes, Bienne \/ GD Architectes, Neuch\u00e2tel<\/p>\n<\/div><\/div><div class=\"ult-spacer spacer-69e2380407eef\" data-id=\"69e2380407eef\" data-height=\"45\" data-height-mobile=\"45\" data-height-tab=\"45\" data-height-tab-portrait=\"\" data-height-mobile-landscape=\"\" style=\"clear:both;display:block;\"><\/div><\/div><\/div><\/div><div class=\"vc_col-sm-4 wpb_column vc_column_container\"><div class=\"vc_column-inner\"><div class=\"wpb_wrapper\"><div class=\"w-image us_custom_e716c567 align_none\"><div class=\"w-image-h\"><img decoding=\"async\" width=\"1024\" height=\"1024\" src=\"https:\/\/tpag.ch\/wp-content\/uploads\/2019\/09\/tp_10_College_Delemont.jpg\" class=\"attachment-large size-large\" alt=\"\" loading=\"lazy\" srcset=\"https:\/\/tpag.ch\/wp-content\/uploads\/2019\/09\/tp_10_College_Delemont.jpg 1024w, https:\/\/tpag.ch\/wp-content\/uploads\/2019\/09\/tp_10_College_Delemont-150x150.jpg 150w, https:\/\/tpag.ch\/wp-content\/uploads\/2019\/09\/tp_10_College_Delemont-300x300.jpg 300w, https:\/\/tpag.ch\/wp-content\/uploads\/2019\/09\/tp_10_College_Delemont-350x350.jpg 350w, https:\/\/tpag.ch\/wp-content\/uploads\/2019\/09\/tp_10_College_Delemont-600x600.jpg 600w, https:\/\/tpag.ch\/wp-content\/uploads\/2019\/09\/tp_10_College_Delemont-100x100.jpg 100w\" sizes=\"auto, (max-width: 1024px) 100vw, 1024px\" \/><\/div><\/div><div class=\"ult-spacer spacer-69e2380408534\" data-id=\"69e2380408534\" data-height=\"15\" data-height-mobile=\"15\" data-height-tab=\"15\" data-height-tab-portrait=\"\" data-height-mobile-landscape=\"\" style=\"clear:both;display:block;\"><\/div><div class=\"wpb_text_column\"><div class=\"wpb_wrapper\"><p>2012 | Coll\u00e8ge, Del\u00e9mont<\/p>\n<p>Planification: CVS<\/p>\n<p>Sp\u00e9cialit\u00e9: Construction en bois, certifi\u00e9e Minergie<\/p>\n<p>Architecture: GxM Architectes, Z\u00fcrich<\/p>\n<\/div><\/div><div class=\"ult-spacer spacer-69e23804086f4\" data-id=\"69e23804086f4\" data-height=\"45\" data-height-mobile=\"45\" data-height-tab=\"45\" data-height-tab-portrait=\"\" data-height-mobile-landscape=\"\" style=\"clear:both;display:block;\"><\/div><\/div><\/div><\/div><div class=\"vc_col-sm-4 wpb_column vc_column_container\"><div class=\"vc_column-inner\"><div class=\"wpb_wrapper\"><div class=\"w-image us_custom_e716c567 align_none\"><div class=\"w-image-h\"><img decoding=\"async\" width=\"1024\" height=\"1024\" src=\"https:\/\/tpag.ch\/wp-content\/uploads\/2019\/09\/tp_10_Maladiere_Neuchatel.jpg\" class=\"attachment-large size-large\" alt=\"\" loading=\"lazy\" srcset=\"https:\/\/tpag.ch\/wp-content\/uploads\/2019\/09\/tp_10_Maladiere_Neuchatel.jpg 1024w, https:\/\/tpag.ch\/wp-content\/uploads\/2019\/09\/tp_10_Maladiere_Neuchatel-150x150.jpg 150w, https:\/\/tpag.ch\/wp-content\/uploads\/2019\/09\/tp_10_Maladiere_Neuchatel-300x300.jpg 300w, https:\/\/tpag.ch\/wp-content\/uploads\/2019\/09\/tp_10_Maladiere_Neuchatel-350x350.jpg 350w, https:\/\/tpag.ch\/wp-content\/uploads\/2019\/09\/tp_10_Maladiere_Neuchatel-600x600.jpg 600w, https:\/\/tpag.ch\/wp-content\/uploads\/2019\/09\/tp_10_Maladiere_Neuchatel-100x100.jpg 100w\" sizes=\"auto, (max-width: 1024px) 100vw, 1024px\" \/><\/div><\/div><div class=\"ult-spacer spacer-69e2380408cf7\" data-id=\"69e2380408cf7\" data-height=\"15\" data-height-mobile=\"15\" data-height-tab=\"15\" data-height-tab-portrait=\"\" data-height-mobile-landscape=\"\" style=\"clear:both;display:block;\"><\/div><div class=\"wpb_text_column\"><div class=\"wpb_wrapper\"><p>2006 | La Maladi\u00e8re, Neuch\u00e2tel<\/p>\n<p>Planification: SSP<\/p>\n<p>Sp\u00e9cialit\u00e9: Stade de football, salle de sports triple, caserne des pompiers, centre commercial<\/p>\n<p>Architecture: GD Architectes, Neuch\u00e2tel<\/p>\n<\/div><\/div><div class=\"ult-spacer spacer-69e2380408ef5\" data-id=\"69e2380408ef5\" data-height=\"45\" data-height-mobile=\"45\" data-height-tab=\"45\" data-height-tab-portrait=\"\" data-height-mobile-landscape=\"\" style=\"clear:both;display:block;\"><\/div><\/div><\/div><\/div><\/div><\/div><\/div><\/div><\/div><\/div><\/section><section class=\"l-section wpb_row height_custom\"><div class=\"l-section-h i-cf\"><div class=\"g-cols vc_row via_flex valign_top type_default stacking_default\"><div class=\"vc_col-sm-12 wpb_column vc_column_container\"><div class=\"vc_column-inner\"><div class=\"wpb_wrapper\"><div class=\"wpb_text_column\"><div class=\"wpb_wrapper\"><h2>Ouvrages<\/h2>\n<p>Salle polyvalente, Port<\/p>\n<p>Nouvelle \u00e9cole Ante Portas, Port<\/p>\n<p>Centre sportif SPZ, Gstaad<\/p>\n<p>Jardin d\u2019enfants Champagne, Bienne<\/p>\n<p>SI Campus HE \u2013 Jura SA, Del\u00e9mont<\/p>\n<p>Stades de Bienne, Tissot Arena, Bienne<\/p>\n<p>Ecole B\u00e4rlet, Br\u00fcgg<\/p>\n<p>Jardin d\u2019enfants Zukunft, Bienne<\/p>\n<p>F\u00eate f\u00e9d\u00e9rale de gymnastique, Bienne<\/p>\n<p>Coll\u00e8ge, Del\u00e9mont<\/p>\n<p>Ecole professionnelle, Moutier<\/p>\n<p>Jardin d\u2019enfants + \u00e9cole de jour, Bellmund<\/p>\n<p>Haute \u00e9cole des arts, Bienne<\/p>\n<p>Coll\u00e8ge du Cr\u00eat-du-Ch\u00eane, Neuch\u00e2tel<\/p>\n<p>OSZ Madretsch, Bienne<\/p>\n<p>La Maladi\u00e8re, Neuch\u00e2tel<\/p>\n<p>Salle de sports triple La Riveraine, Neuch\u00e2tel<\/p>\n<p>KSS Schaffhausen<\/p>\n<\/div><\/div><\/div><\/div><\/div><\/div><\/div><\/section><section class=\"l-section wpb_row height_custom\"><div class=\"l-section-h i-cf\"><div class=\"g-cols vc_row via_flex valign_top type_default stacking_default\"><div class=\"vc_col-sm-12 wpb_column vc_column_container\"><div class=\"vc_column-inner\"><div class=\"wpb_wrapper\"><div class=\"aio-icon-component   icon style_1\"><a class=\"aio-icon-box-link\" href=\"https:\/\/tpag.ch\/fr\/references\/\" title=\"Referenzen\" ><div id=\"Info-box-wrap-9621\" class=\"aio-icon-box left-icon\" style=\"\"  ><div class=\"aio-icon-left\"><div class=\"ult-just-icon-wrapper  \"><div class=\"align-icon\" style=\"text-align:center;\">\n<div class=\"aio-icon-img \" style=\"font-size:100px;display:inline-block;\" >\n\t<img decoding=\"async\" class=\"img-icon\" alt=\"null\" src=\"https:\/\/tpag.ch\/wp-content\/uploads\/2019\/05\/tp-referenzen.jpg\"\/>\n<\/div><\/div><\/div><\/div><div class=\"aio-ibd-block\"><div class=\"aio-icon-description ult-responsive\"  data-ultimate-target='#Info-box-wrap-9621 .aio-icon-description'  data-responsive-json-new='{\"font-size\":\"\",\"line-height\":\"\"}'  style=\"color:#d90000;\">\n<h2>R\u00e9f\u00e9rences <span class=\"invis\">\u2192<\/span><\/h2>\n<\/div> <!-- description --><\/div> <!-- aio-ibd-block --><\/div> <!-- aio-icon-box --><\/a><\/div> <!-- aio-icon-component --><\/div><\/div><\/div><\/div><\/div><\/section>\n","protected":false},"excerpt":{"rendered":"B\u00e2timents scolaires \/ Installations sportives 2017 | Nouvelle \u00e9cole Ante Portas, Port Planification: CVS Sp\u00e9cialit\u00e9: Construction en bois, certifi\u00e9e Minergie Architecture: skop Architectes, Z\u00fcrich 2017 | Centre sportif SPZ, Gstaad Planification: CVS Sp\u00e9cialit\u00e9: Assainissement de la piscine et agrandissement des installations en exploitations Architecture: K+L Architectes, St.Gallen 2016 | SI Campus NE \u2013 Jura SA,...","protected":false},"author":1,"featured_media":0,"parent":762,"menu_order":0,"comment_status":"closed","ping_status":"closed","template":"","meta":{"footnotes":""},"class_list":["post-773","page","type-page","status-publish","hentry"],"yoast_head":"<!-- This site is optimized with the Yoast SEO plugin v25.6 - https:\/\/yoast.com\/wordpress\/plugins\/seo\/ -->\n<title>B\u00e2timents scolaires \/ Installations sportives - tp<\/title>\n<meta name=\"robots\" content=\"index, follow, max-snippet:-1, max-image-preview:large, max-video-preview:-1\" \/>\n<link rel=\"canonical\" href=\"https:\/\/tpag.ch\/fr\/references\/batiments-scolaires-installations-sportives\/\" \/>\n<meta property=\"og:locale\" content=\"fr_FR\" \/>\n<meta property=\"og:type\" content=\"article\" \/>\n<meta property=\"og:title\" content=\"B\u00e2timents scolaires \/ Installations sportives - tp\" \/>\n<meta property=\"og:url\" content=\"https:\/\/tpag.ch\/fr\/references\/batiments-scolaires-installations-sportives\/\" \/>\n<meta property=\"og:site_name\" content=\"tp\" \/>\n<meta property=\"article:modified_time\" content=\"2025-07-10T06:42:46+00:00\" \/>\n<meta name=\"twitter:card\" content=\"summary_large_image\" \/>\n<meta name=\"twitter:label1\" content=\"Dur\u00e9e de lecture estim\u00e9e\" \/>\n\t<meta name=\"twitter:data1\" content=\"2 minutes\" \/>\n<script type=\"application\/ld+json\" class=\"yoast-schema-graph\">{\"@context\":\"https:\/\/schema.org\",\"@graph\":[{\"@type\":\"WebPage\",\"@id\":\"https:\/\/tpag.ch\/fr\/references\/batiments-scolaires-installations-sportives\/\",\"url\":\"https:\/\/tpag.ch\/fr\/references\/batiments-scolaires-installations-sportives\/\",\"name\":\"B\u00e2timents scolaires \/ Installations sportives - tp\",\"isPartOf\":{\"@id\":\"https:\/\/tpag.ch\/#website\"},\"datePublished\":\"2019-11-05T08:44:58+00:00\",\"dateModified\":\"2025-07-10T06:42:46+00:00\",\"breadcrumb\":{\"@id\":\"https:\/\/tpag.ch\/fr\/references\/batiments-scolaires-installations-sportives\/#breadcrumb\"},\"inLanguage\":\"fr-FR\",\"potentialAction\":[{\"@type\":\"ReadAction\",\"target\":[\"https:\/\/tpag.ch\/fr\/references\/batiments-scolaires-installations-sportives\/\"]}]},{\"@type\":\"BreadcrumbList\",\"@id\":\"https:\/\/tpag.ch\/fr\/references\/batiments-scolaires-installations-sportives\/#breadcrumb\",\"itemListElement\":[{\"@type\":\"ListItem\",\"position\":1,\"name\":\"Home\",\"item\":\"https:\/\/tpag.ch\/fr\/\"},{\"@type\":\"ListItem\",\"position\":2,\"name\":\"R\u00e9f\u00e9rences\",\"item\":\"https:\/\/tpag.ch\/referenzen\/\"},{\"@type\":\"ListItem\",\"position\":3,\"name\":\"B\u00e2timents scolaires \/ Installations sportives\"}]},{\"@type\":\"WebSite\",\"@id\":\"https:\/\/tpag.ch\/#website\",\"url\":\"https:\/\/tpag.ch\/\",\"name\":\"tp\",\"description\":\"AG f\u00fcr technische Planungen\",\"potentialAction\":[{\"@type\":\"SearchAction\",\"target\":{\"@type\":\"EntryPoint\",\"urlTemplate\":\"https:\/\/tpag.ch\/?s={search_term_string}\"},\"query-input\":{\"@type\":\"PropertyValueSpecification\",\"valueRequired\":true,\"valueName\":\"search_term_string\"}}],\"inLanguage\":\"fr-FR\"}]}<\/script>\n<!-- \/ Yoast SEO plugin. -->","yoast_head_json":{"title":"B\u00e2timents scolaires \/ Installations sportives - tp","robots":{"index":"index","follow":"follow","max-snippet":"max-snippet:-1","max-image-preview":"max-image-preview:large","max-video-preview":"max-video-preview:-1"},"canonical":"https:\/\/tpag.ch\/fr\/references\/batiments-scolaires-installations-sportives\/","og_locale":"fr_FR","og_type":"article","og_title":"B\u00e2timents scolaires \/ Installations sportives - tp","og_url":"https:\/\/tpag.ch\/fr\/references\/batiments-scolaires-installations-sportives\/","og_site_name":"tp","article_modified_time":"2025-07-10T06:42:46+00:00","twitter_card":"summary_large_image","twitter_misc":{"Dur\u00e9e de lecture estim\u00e9e":"2 minutes"},"schema":{"@context":"https:\/\/schema.org","@graph":[{"@type":"WebPage","@id":"https:\/\/tpag.ch\/fr\/references\/batiments-scolaires-installations-sportives\/","url":"https:\/\/tpag.ch\/fr\/references\/batiments-scolaires-installations-sportives\/","name":"B\u00e2timents scolaires \/ Installations sportives - tp","isPartOf":{"@id":"https:\/\/tpag.ch\/#website"},"datePublished":"2019-11-05T08:44:58+00:00","dateModified":"2025-07-10T06:42:46+00:00","breadcrumb":{"@id":"https:\/\/tpag.ch\/fr\/references\/batiments-scolaires-installations-sportives\/#breadcrumb"},"inLanguage":"fr-FR","potentialAction":[{"@type":"ReadAction","target":["https:\/\/tpag.ch\/fr\/references\/batiments-scolaires-installations-sportives\/"]}]},{"@type":"BreadcrumbList","@id":"https:\/\/tpag.ch\/fr\/references\/batiments-scolaires-installations-sportives\/#breadcrumb","itemListElement":[{"@type":"ListItem","position":1,"name":"Home","item":"https:\/\/tpag.ch\/fr\/"},{"@type":"ListItem","position":2,"name":"R\u00e9f\u00e9rences","item":"https:\/\/tpag.ch\/referenzen\/"},{"@type":"ListItem","position":3,"name":"B\u00e2timents scolaires \/ Installations sportives"}]},{"@type":"WebSite","@id":"https:\/\/tpag.ch\/#website","url":"https:\/\/tpag.ch\/","name":"tp","description":"AG f\u00fcr technische Planungen","potentialAction":[{"@type":"SearchAction","target":{"@type":"EntryPoint","urlTemplate":"https:\/\/tpag.ch\/?s={search_term_string}"},"query-input":{"@type":"PropertyValueSpecification","valueRequired":true,"valueName":"search_term_string"}}],"inLanguage":"fr-FR"}]}},"_links":{"self":[{"href":"https:\/\/tpag.ch\/fr\/wp-json\/wp\/v2\/pages\/773","targetHints":{"allow":["GET"]}}],"collection":[{"href":"https:\/\/tpag.ch\/fr\/wp-json\/wp\/v2\/pages"}],"about":[{"href":"https:\/\/tpag.ch\/fr\/wp-json\/wp\/v2\/types\/page"}],"author":[{"embeddable":true,"href":"https:\/\/tpag.ch\/fr\/wp-json\/wp\/v2\/users\/1"}],"replies":[{"embeddable":true,"href":"https:\/\/tpag.ch\/fr\/wp-json\/wp\/v2\/comments?post=773"}],"version-history":[{"count":3,"href":"https:\/\/tpag.ch\/fr\/wp-json\/wp\/v2\/pages\/773\/revisions"}],"predecessor-version":[{"id":1037,"href":"https:\/\/tpag.ch\/fr\/wp-json\/wp\/v2\/pages\/773\/revisions\/1037"}],"up":[{"embeddable":true,"href":"https:\/\/tpag.ch\/fr\/wp-json\/wp\/v2\/pages\/762"}],"wp:attachment":[{"href":"https:\/\/tpag.ch\/fr\/wp-json\/wp\/v2\/media?parent=773"}],"curies":[{"name":"wp","href":"https:\/\/api.w.org\/{rel}","templated":true}]}}