{"id":770,"date":"2019-11-05T08:40:27","date_gmt":"2019-11-05T08:40:27","guid":{"rendered":"https:\/\/tpag.ch\/?page_id=770"},"modified":"2025-07-10T09:02:47","modified_gmt":"2025-07-10T09:02:47","slug":"centres-commerciaux-magasins","status":"publish","type":"page","link":"https:\/\/tpag.ch\/fr\/references\/centres-commerciaux-magasins\/","title":{"rendered":"Centres commerciaux \/ Magasins"},"content":{"rendered":"<section class=\"l-section wpb_row height_custom\"><div class=\"l-section-h i-cf\"><div class=\"g-cols vc_row via_flex valign_top type_default stacking_default\"><div class=\"vc_col-sm-12 wpb_column vc_column_container\"><div class=\"vc_column-inner\"><div class=\"wpb_wrapper\"><div class=\"wpb_text_column\"><div class=\"wpb_wrapper\"><h1>Centres commerciaux \/ Magasins<\/h1>\n<\/div><\/div><div class=\"ult-spacer spacer-69e223d005123\" data-id=\"69e223d005123\" data-height=\"30\" data-height-mobile=\"30\" data-height-tab=\"30\" data-height-tab-portrait=\"\" data-height-mobile-landscape=\"\" style=\"clear:both;display:block;\"><\/div><div class=\"g-cols wpb_row via_flex valign_top type_default stacking_default\"><div class=\"vc_col-sm-4 wpb_column vc_column_container\"><div class=\"vc_column-inner\"><div class=\"wpb_wrapper\"><div class=\"w-image us_custom_e716c567 align_none\"><div class=\"w-image-h\"><img decoding=\"async\" width=\"1024\" height=\"1024\" src=\"https:\/\/tpag.ch\/wp-content\/uploads\/2019\/09\/tp_09_Tissot_Arena_Biel_Laeden.jpg\" class=\"attachment-large size-large\" alt=\"\" loading=\"lazy\" srcset=\"https:\/\/tpag.ch\/wp-content\/uploads\/2019\/09\/tp_09_Tissot_Arena_Biel_Laeden.jpg 1024w, https:\/\/tpag.ch\/wp-content\/uploads\/2019\/09\/tp_09_Tissot_Arena_Biel_Laeden-150x150.jpg 150w, https:\/\/tpag.ch\/wp-content\/uploads\/2019\/09\/tp_09_Tissot_Arena_Biel_Laeden-300x300.jpg 300w, https:\/\/tpag.ch\/wp-content\/uploads\/2019\/09\/tp_09_Tissot_Arena_Biel_Laeden-350x350.jpg 350w, https:\/\/tpag.ch\/wp-content\/uploads\/2019\/09\/tp_09_Tissot_Arena_Biel_Laeden-600x600.jpg 600w, https:\/\/tpag.ch\/wp-content\/uploads\/2019\/09\/tp_09_Tissot_Arena_Biel_Laeden-100x100.jpg 100w\" sizes=\"auto, (max-width: 1024px) 100vw, 1024px\" \/><\/div><\/div><div class=\"ult-spacer spacer-69e223d0060c1\" data-id=\"69e223d0060c1\" data-height=\"15\" data-height-mobile=\"15\" data-height-tab=\"15\" data-height-tab-portrait=\"\" data-height-mobile-landscape=\"\" style=\"clear:both;display:block;\"><\/div><div class=\"wpb_text_column\"><div class=\"wpb_wrapper\"><p>2015 | Divers magasins Tissot Arena, Bienne<\/p>\n<p>Planification: CVCSSp<\/p>\n<p>Sp\u00e9cialit\u00e9: Centre commercial avec certificat Minergie<\/p>\n<p>Architecture: GLS Architectes, Bienne \/ GD Architectes, Neuch\u00e2tel<\/p>\n<\/div><\/div><div class=\"ult-spacer spacer-69e223d0062d9\" data-id=\"69e223d0062d9\" data-height=\"45\" data-height-mobile=\"45\" data-height-tab=\"45\" data-height-tab-portrait=\"\" data-height-mobile-landscape=\"\" style=\"clear:both;display:block;\"><\/div><\/div><\/div><\/div><div class=\"vc_col-sm-4 wpb_column vc_column_container\"><div class=\"vc_column-inner\"><div class=\"wpb_wrapper\"><div class=\"w-image us_custom_e716c567 align_none\"><div class=\"w-image-h\"><img decoding=\"async\" width=\"1024\" height=\"1024\" src=\"https:\/\/tpag.ch\/wp-content\/uploads\/2019\/09\/09_Centre_Esplanade_Porrentruy.jpg\" class=\"attachment-large size-large\" alt=\"\" loading=\"lazy\" srcset=\"https:\/\/tpag.ch\/wp-content\/uploads\/2019\/09\/09_Centre_Esplanade_Porrentruy.jpg 1024w, https:\/\/tpag.ch\/wp-content\/uploads\/2019\/09\/09_Centre_Esplanade_Porrentruy-150x150.jpg 150w, https:\/\/tpag.ch\/wp-content\/uploads\/2019\/09\/09_Centre_Esplanade_Porrentruy-300x300.jpg 300w, https:\/\/tpag.ch\/wp-content\/uploads\/2019\/09\/09_Centre_Esplanade_Porrentruy-350x350.jpg 350w, https:\/\/tpag.ch\/wp-content\/uploads\/2019\/09\/09_Centre_Esplanade_Porrentruy-600x600.jpg 600w, https:\/\/tpag.ch\/wp-content\/uploads\/2019\/09\/09_Centre_Esplanade_Porrentruy-100x100.jpg 100w\" sizes=\"auto, (max-width: 1024px) 100vw, 1024px\" \/><\/div><\/div><div class=\"ult-spacer spacer-69e223d006b40\" data-id=\"69e223d006b40\" data-height=\"15\" data-height-mobile=\"15\" data-height-tab=\"15\" data-height-tab-portrait=\"\" data-height-mobile-landscape=\"\" style=\"clear:both;display:block;\"><\/div><div class=\"wpb_text_column\"><div class=\"wpb_wrapper\"><p>2014 | Centre commercial l\u2019Esplanade, Porrentruy<\/p>\n<p>Planification: SSp<\/p>\n<p>Sp\u00e9cialit\u00e9: Centre commercial avec appartements<\/p>\n<p>Architecture: Retail-Rite Architectes, Lausanne<\/p>\n<\/div><\/div><div class=\"ult-spacer spacer-69e223d006d43\" data-id=\"69e223d006d43\" data-height=\"45\" data-height-mobile=\"45\" data-height-tab=\"45\" data-height-tab-portrait=\"\" data-height-mobile-landscape=\"\" style=\"clear:both;display:block;\"><\/div><\/div><\/div><\/div><div class=\"vc_col-sm-4 wpb_column vc_column_container\"><div class=\"vc_column-inner\"><div class=\"wpb_wrapper\"><div class=\"w-image us_custom_e716c567 align_none\"><div class=\"w-image-h\"><img decoding=\"async\" width=\"1024\" height=\"1024\" src=\"https:\/\/tpag.ch\/wp-content\/uploads\/2019\/09\/tp_09_DoIT-Micasa_Marin.jpg\" class=\"attachment-large size-large\" alt=\"\" loading=\"lazy\" srcset=\"https:\/\/tpag.ch\/wp-content\/uploads\/2019\/09\/tp_09_DoIT-Micasa_Marin.jpg 1024w, https:\/\/tpag.ch\/wp-content\/uploads\/2019\/09\/tp_09_DoIT-Micasa_Marin-150x150.jpg 150w, https:\/\/tpag.ch\/wp-content\/uploads\/2019\/09\/tp_09_DoIT-Micasa_Marin-300x300.jpg 300w, https:\/\/tpag.ch\/wp-content\/uploads\/2019\/09\/tp_09_DoIT-Micasa_Marin-350x350.jpg 350w, https:\/\/tpag.ch\/wp-content\/uploads\/2019\/09\/tp_09_DoIT-Micasa_Marin-600x600.jpg 600w, https:\/\/tpag.ch\/wp-content\/uploads\/2019\/09\/tp_09_DoIT-Micasa_Marin-100x100.jpg 100w\" sizes=\"auto, (max-width: 1024px) 100vw, 1024px\" \/><\/div><\/div><div class=\"ult-spacer spacer-69e223d007544\" data-id=\"69e223d007544\" data-height=\"15\" data-height-mobile=\"15\" data-height-tab=\"15\" data-height-tab-portrait=\"\" data-height-mobile-landscape=\"\" style=\"clear:both;display:block;\"><\/div><div class=\"wpb_text_column\"><div class=\"wpb_wrapper\"><p>2010 | Do IT + Garden &amp; Micasa, Centre Marin-Epagnier<\/p>\n<p>Planification: CVS<\/p>\n<p>Sp\u00e9cialit\u00e9: Centre commercial<\/p>\n<p>Architecture: BBA Architectes, Fribourg<\/p>\n<\/div><\/div><div class=\"ult-spacer spacer-69e223d00772b\" data-id=\"69e223d00772b\" data-height=\"45\" data-height-mobile=\"45\" data-height-tab=\"45\" data-height-tab-portrait=\"\" data-height-mobile-landscape=\"\" style=\"clear:both;display:block;\"><\/div><\/div><\/div><\/div><\/div><div class=\"g-cols wpb_row via_flex valign_top type_default stacking_default\"><div class=\"vc_col-sm-4 wpb_column vc_column_container\"><div class=\"vc_column-inner\"><div class=\"wpb_wrapper\"><div class=\"w-image us_custom_e716c567 align_none\"><div class=\"w-image-h\"><img decoding=\"async\" width=\"1024\" height=\"1024\" src=\"https:\/\/tpag.ch\/wp-content\/uploads\/2019\/09\/tp_09_Coop-Les-Entilles_la-Chaud-de-Fonds.jpg\" class=\"attachment-large size-large\" alt=\"\" loading=\"lazy\" srcset=\"https:\/\/tpag.ch\/wp-content\/uploads\/2019\/09\/tp_09_Coop-Les-Entilles_la-Chaud-de-Fonds.jpg 1024w, https:\/\/tpag.ch\/wp-content\/uploads\/2019\/09\/tp_09_Coop-Les-Entilles_la-Chaud-de-Fonds-150x150.jpg 150w, https:\/\/tpag.ch\/wp-content\/uploads\/2019\/09\/tp_09_Coop-Les-Entilles_la-Chaud-de-Fonds-300x300.jpg 300w, https:\/\/tpag.ch\/wp-content\/uploads\/2019\/09\/tp_09_Coop-Les-Entilles_la-Chaud-de-Fonds-350x350.jpg 350w, https:\/\/tpag.ch\/wp-content\/uploads\/2019\/09\/tp_09_Coop-Les-Entilles_la-Chaud-de-Fonds-600x600.jpg 600w, https:\/\/tpag.ch\/wp-content\/uploads\/2019\/09\/tp_09_Coop-Les-Entilles_la-Chaud-de-Fonds-100x100.jpg 100w\" sizes=\"auto, (max-width: 1024px) 100vw, 1024px\" \/><\/div><\/div><div class=\"ult-spacer spacer-69e223d007fe7\" data-id=\"69e223d007fe7\" data-height=\"15\" data-height-mobile=\"15\" data-height-tab=\"15\" data-height-tab-portrait=\"\" data-height-mobile-landscape=\"\" style=\"clear:both;display:block;\"><\/div><div class=\"wpb_text_column\"><div class=\"wpb_wrapper\"><p>2006 | Coop Les Entilles, La-Chaux-de-Fonds<\/p>\n<p>Planification: SSp<\/p>\n<p>Sp\u00e9cialit\u00e9: Centre commercial<\/p>\n<p>Architecture: Archipole Architectes, Fribourg<\/p>\n<\/div><\/div><div class=\"ult-spacer spacer-69e223d008206\" data-id=\"69e223d008206\" data-height=\"45\" data-height-mobile=\"45\" data-height-tab=\"45\" data-height-tab-portrait=\"\" data-height-mobile-landscape=\"\" style=\"clear:both;display:block;\"><\/div><\/div><\/div><\/div><div class=\"vc_col-sm-4 wpb_column vc_column_container\"><div class=\"vc_column-inner\"><div class=\"wpb_wrapper\"><div class=\"w-image us_custom_e716c567 align_none\"><div class=\"w-image-h\"><img decoding=\"async\" width=\"800\" height=\"800\" src=\"https:\/\/tpag.ch\/wp-content\/uploads\/2019\/06\/09_PUMA-Oensingen_sw.jpg\" class=\"attachment-large size-large\" alt=\"\" loading=\"lazy\" srcset=\"https:\/\/tpag.ch\/wp-content\/uploads\/2019\/06\/09_PUMA-Oensingen_sw.jpg 800w, https:\/\/tpag.ch\/wp-content\/uploads\/2019\/06\/09_PUMA-Oensingen_sw-150x150.jpg 150w, https:\/\/tpag.ch\/wp-content\/uploads\/2019\/06\/09_PUMA-Oensingen_sw-300x300.jpg 300w, https:\/\/tpag.ch\/wp-content\/uploads\/2019\/06\/09_PUMA-Oensingen_sw-350x350.jpg 350w, https:\/\/tpag.ch\/wp-content\/uploads\/2019\/06\/09_PUMA-Oensingen_sw-600x600.jpg 600w, https:\/\/tpag.ch\/wp-content\/uploads\/2019\/06\/09_PUMA-Oensingen_sw-100x100.jpg 100w\" sizes=\"auto, (max-width: 800px) 100vw, 800px\" \/><\/div><\/div><div class=\"ult-spacer spacer-69e223d008860\" data-id=\"69e223d008860\" data-height=\"15\" data-height-mobile=\"15\" data-height-tab=\"15\" data-height-tab-portrait=\"\" data-height-mobile-landscape=\"\" style=\"clear:both;display:block;\"><\/div><div class=\"wpb_text_column\"><div class=\"wpb_wrapper\"><p>2005 | PUMA Headquarter, Oensingen<\/p>\n<p>Planification: CVCSSp<\/p>\n<p>Sp\u00e9cialit\u00e9: Refroidissement par activation des dalles avec le syst\u00e8me Concretcool<\/p>\n<p>Architecture: M\u00fchlemann + Associ\u00e9, Grenchen<\/p>\n<\/div><\/div><div class=\"ult-spacer spacer-69e223d008a5a\" data-id=\"69e223d008a5a\" data-height=\"45\" data-height-mobile=\"45\" data-height-tab=\"45\" data-height-tab-portrait=\"\" data-height-mobile-landscape=\"\" style=\"clear:both;display:block;\"><\/div><\/div><\/div><\/div><div class=\"vc_col-sm-4 wpb_column vc_column_container\"><div class=\"vc_column-inner\"><div class=\"wpb_wrapper\"><div class=\"w-image us_custom_e716c567 align_none\"><div class=\"w-image-h\"><img decoding=\"async\" width=\"1024\" height=\"1024\" src=\"https:\/\/tpag.ch\/wp-content\/uploads\/2019\/09\/tp_09_Peugeot_1_Moosseedorf__.jpg\" class=\"attachment-large size-large\" alt=\"\" loading=\"lazy\" srcset=\"https:\/\/tpag.ch\/wp-content\/uploads\/2019\/09\/tp_09_Peugeot_1_Moosseedorf__.jpg 1024w, https:\/\/tpag.ch\/wp-content\/uploads\/2019\/09\/tp_09_Peugeot_1_Moosseedorf__-150x150.jpg 150w, https:\/\/tpag.ch\/wp-content\/uploads\/2019\/09\/tp_09_Peugeot_1_Moosseedorf__-300x300.jpg 300w, https:\/\/tpag.ch\/wp-content\/uploads\/2019\/09\/tp_09_Peugeot_1_Moosseedorf__-350x350.jpg 350w, https:\/\/tpag.ch\/wp-content\/uploads\/2019\/09\/tp_09_Peugeot_1_Moosseedorf__-600x600.jpg 600w, https:\/\/tpag.ch\/wp-content\/uploads\/2019\/09\/tp_09_Peugeot_1_Moosseedorf__-100x100.jpg 100w\" sizes=\"auto, (max-width: 1024px) 100vw, 1024px\" \/><\/div><\/div><div class=\"ult-spacer spacer-69e223d0090ab\" data-id=\"69e223d0090ab\" data-height=\"15\" data-height-mobile=\"15\" data-height-tab=\"15\" data-height-tab-portrait=\"\" data-height-mobile-landscape=\"\" style=\"clear:both;display:block;\"><\/div><div class=\"wpb_text_column\"><div class=\"wpb_wrapper\"><p>2005 | Peugeot Suisse SA, Moosseedorf<\/p>\n<p>Planification: CVCSSp<\/p>\n<p>Sp\u00e9cialit\u00e9: B\u00e2timent administratif Peugeot Suisse avec refroidissement par activation des dalles avec le syst\u00e8me Concretcool<\/p>\n<p>Architecture: Archipole Architectes, Fribourg<\/p>\n<\/div><\/div><div class=\"ult-spacer spacer-69e223d00928a\" data-id=\"69e223d00928a\" data-height=\"45\" data-height-mobile=\"45\" data-height-tab=\"45\" data-height-tab-portrait=\"\" data-height-mobile-landscape=\"\" style=\"clear:both;display:block;\"><\/div><\/div><\/div><\/div><\/div><\/div><\/div><\/div><\/div><\/div><\/section><section class=\"l-section wpb_row height_custom\"><div class=\"l-section-h i-cf\"><div class=\"g-cols vc_row via_flex valign_top type_default stacking_default\"><div class=\"vc_col-sm-12 wpb_column vc_column_container\"><div class=\"vc_column-inner\"><div class=\"wpb_wrapper\"><div class=\"wpb_text_column\"><div class=\"wpb_wrapper\"><h2>Ouvrages<\/h2>\n<p>Centre Boujean, Transformation des magasins<\/p>\n<p>Manor, Solothurn<\/p>\n<p>Divers surfaces commerciales<\/p>\n<p>Tissot Arena, Bienne<\/p>\n<p>Centre commercial L\u2019Esplanade, Porrentruy<\/p>\n<p>CRH Swiss Distribution, Bern<\/p>\n<p>Migros Sainte-Th\u00e9r\u00e8se, Fribourg<\/p>\n<p>Do IT + Garden &amp; Micasa, Centre Marin-Epagnier<\/p>\n<p>Migros Tavannes<\/p>\n<p>Migros Tramelan<\/p>\n<p>La Maladi\u00e8re, Neuch\u00e2tel<\/p>\n<p>Coop Les Entilles, La-Chaux-de-Fonds<\/p>\n<p>Marti Reisen, Kallnach<\/p>\n<p>PUMA Headquarter, Oensingen<\/p>\n<p>Peugeot Suisse SA, Moosseedorf<\/p>\n<\/div><\/div><\/div><\/div><\/div><\/div><\/div><\/section><section class=\"l-section wpb_row height_custom\"><div class=\"l-section-h i-cf\"><div class=\"g-cols vc_row via_flex valign_top type_default stacking_default\"><div class=\"vc_col-sm-12 wpb_column vc_column_container\"><div class=\"vc_column-inner\"><div class=\"wpb_wrapper\"><div class=\"aio-icon-component   icon style_1\"><a class=\"aio-icon-box-link\" href=\"https:\/\/tpag.ch\/fr\/references\/\" title=\"Referenzen\" ><div id=\"Info-box-wrap-7902\" class=\"aio-icon-box left-icon\" style=\"\"  ><div class=\"aio-icon-left\"><div class=\"ult-just-icon-wrapper  \"><div class=\"align-icon\" style=\"text-align:center;\">\n<div class=\"aio-icon-img \" style=\"font-size:100px;display:inline-block;\" >\n\t<img decoding=\"async\" class=\"img-icon\" alt=\"null\" src=\"https:\/\/tpag.ch\/wp-content\/uploads\/2019\/05\/tp-referenzen.jpg\"\/>\n<\/div><\/div><\/div><\/div><div class=\"aio-ibd-block\"><div class=\"aio-icon-description ult-responsive\"  data-ultimate-target='#Info-box-wrap-7902 .aio-icon-description'  data-responsive-json-new='{\"font-size\":\"\",\"line-height\":\"\"}'  style=\"color:#d90000;\">\n<h2>R\u00e9f\u00e9rences <span class=\"invis\">\u2192<\/span><\/h2>\n<\/div> <!-- description --><\/div> <!-- aio-ibd-block --><\/div> <!-- aio-icon-box --><\/a><\/div> <!-- aio-icon-component --><\/div><\/div><\/div><\/div><\/div><\/section>\n","protected":false},"excerpt":{"rendered":"Centres commerciaux \/ Magasins 2015 | Divers magasins Tissot Arena, Bienne Planification: CVCSSp Sp\u00e9cialit\u00e9: Centre commercial avec certificat Minergie Architecture: GLS Architectes, Bienne \/ GD Architectes, Neuch\u00e2tel 2014 | Centre commercial l\u2019Esplanade, Porrentruy Planification: SSp Sp\u00e9cialit\u00e9: Centre commercial avec appartements Architecture: Retail-Rite Architectes, Lausanne 2010 | Do IT + Garden &amp; Micasa, Centre Marin-Epagnier Planification:...","protected":false},"author":1,"featured_media":0,"parent":762,"menu_order":0,"comment_status":"closed","ping_status":"closed","template":"","meta":{"footnotes":""},"class_list":["post-770","page","type-page","status-publish","hentry"],"yoast_head":"<!-- This site is optimized with the Yoast SEO plugin v25.6 - https:\/\/yoast.com\/wordpress\/plugins\/seo\/ -->\n<title>Centres commerciaux \/ Magasins - tp<\/title>\n<meta name=\"robots\" content=\"index, follow, max-snippet:-1, max-image-preview:large, max-video-preview:-1\" \/>\n<link rel=\"canonical\" href=\"https:\/\/tpag.ch\/referenzen\/geschaeftshaeuser-einkaufszentren-laeden\/\" \/>\n<meta property=\"og:locale\" content=\"fr_FR\" \/>\n<meta property=\"og:type\" content=\"article\" \/>\n<meta property=\"og:title\" content=\"Centres commerciaux \/ Magasins - tp\" \/>\n<meta property=\"og:url\" content=\"https:\/\/tpag.ch\/referenzen\/geschaeftshaeuser-einkaufszentren-laeden\/\" \/>\n<meta property=\"og:site_name\" content=\"tp\" \/>\n<meta property=\"article:modified_time\" content=\"2025-07-10T09:02:47+00:00\" \/>\n<meta name=\"twitter:card\" content=\"summary_large_image\" \/>\n<meta name=\"twitter:label1\" content=\"Dur\u00e9e de lecture estim\u00e9e\" \/>\n\t<meta name=\"twitter:data1\" content=\"2 minutes\" \/>\n<script type=\"application\/ld+json\" class=\"yoast-schema-graph\">{\"@context\":\"https:\/\/schema.org\",\"@graph\":[{\"@type\":\"WebPage\",\"@id\":\"https:\/\/tpag.ch\/referenzen\/geschaeftshaeuser-einkaufszentren-laeden\/\",\"url\":\"https:\/\/tpag.ch\/referenzen\/geschaeftshaeuser-einkaufszentren-laeden\/\",\"name\":\"Centres commerciaux \/ Magasins - tp\",\"isPartOf\":{\"@id\":\"https:\/\/tpag.ch\/#website\"},\"datePublished\":\"2019-11-05T08:40:27+00:00\",\"dateModified\":\"2025-07-10T09:02:47+00:00\",\"breadcrumb\":{\"@id\":\"https:\/\/tpag.ch\/referenzen\/geschaeftshaeuser-einkaufszentren-laeden\/#breadcrumb\"},\"inLanguage\":\"fr-FR\",\"potentialAction\":[{\"@type\":\"ReadAction\",\"target\":[\"https:\/\/tpag.ch\/referenzen\/geschaeftshaeuser-einkaufszentren-laeden\/\"]}]},{\"@type\":\"BreadcrumbList\",\"@id\":\"https:\/\/tpag.ch\/referenzen\/geschaeftshaeuser-einkaufszentren-laeden\/#breadcrumb\",\"itemListElement\":[{\"@type\":\"ListItem\",\"position\":1,\"name\":\"Home\",\"item\":\"https:\/\/tpag.ch\/fr\/\"},{\"@type\":\"ListItem\",\"position\":2,\"name\":\"R\u00e9f\u00e9rences\",\"item\":\"https:\/\/tpag.ch\/referenzen\/\"},{\"@type\":\"ListItem\",\"position\":3,\"name\":\"Centres commerciaux \/ Magasins\"}]},{\"@type\":\"WebSite\",\"@id\":\"https:\/\/tpag.ch\/#website\",\"url\":\"https:\/\/tpag.ch\/\",\"name\":\"tp\",\"description\":\"AG f\u00fcr technische Planungen\",\"potentialAction\":[{\"@type\":\"SearchAction\",\"target\":{\"@type\":\"EntryPoint\",\"urlTemplate\":\"https:\/\/tpag.ch\/?s={search_term_string}\"},\"query-input\":{\"@type\":\"PropertyValueSpecification\",\"valueRequired\":true,\"valueName\":\"search_term_string\"}}],\"inLanguage\":\"fr-FR\"}]}<\/script>\n<!-- \/ Yoast SEO plugin. -->","yoast_head_json":{"title":"Centres commerciaux \/ Magasins - tp","robots":{"index":"index","follow":"follow","max-snippet":"max-snippet:-1","max-image-preview":"max-image-preview:large","max-video-preview":"max-video-preview:-1"},"canonical":"https:\/\/tpag.ch\/referenzen\/geschaeftshaeuser-einkaufszentren-laeden\/","og_locale":"fr_FR","og_type":"article","og_title":"Centres commerciaux \/ Magasins - tp","og_url":"https:\/\/tpag.ch\/referenzen\/geschaeftshaeuser-einkaufszentren-laeden\/","og_site_name":"tp","article_modified_time":"2025-07-10T09:02:47+00:00","twitter_card":"summary_large_image","twitter_misc":{"Dur\u00e9e de lecture estim\u00e9e":"2 minutes"},"schema":{"@context":"https:\/\/schema.org","@graph":[{"@type":"WebPage","@id":"https:\/\/tpag.ch\/referenzen\/geschaeftshaeuser-einkaufszentren-laeden\/","url":"https:\/\/tpag.ch\/referenzen\/geschaeftshaeuser-einkaufszentren-laeden\/","name":"Centres commerciaux \/ Magasins - tp","isPartOf":{"@id":"https:\/\/tpag.ch\/#website"},"datePublished":"2019-11-05T08:40:27+00:00","dateModified":"2025-07-10T09:02:47+00:00","breadcrumb":{"@id":"https:\/\/tpag.ch\/referenzen\/geschaeftshaeuser-einkaufszentren-laeden\/#breadcrumb"},"inLanguage":"fr-FR","potentialAction":[{"@type":"ReadAction","target":["https:\/\/tpag.ch\/referenzen\/geschaeftshaeuser-einkaufszentren-laeden\/"]}]},{"@type":"BreadcrumbList","@id":"https:\/\/tpag.ch\/referenzen\/geschaeftshaeuser-einkaufszentren-laeden\/#breadcrumb","itemListElement":[{"@type":"ListItem","position":1,"name":"Home","item":"https:\/\/tpag.ch\/fr\/"},{"@type":"ListItem","position":2,"name":"R\u00e9f\u00e9rences","item":"https:\/\/tpag.ch\/referenzen\/"},{"@type":"ListItem","position":3,"name":"Centres commerciaux \/ Magasins"}]},{"@type":"WebSite","@id":"https:\/\/tpag.ch\/#website","url":"https:\/\/tpag.ch\/","name":"tp","description":"AG f\u00fcr technische Planungen","potentialAction":[{"@type":"SearchAction","target":{"@type":"EntryPoint","urlTemplate":"https:\/\/tpag.ch\/?s={search_term_string}"},"query-input":{"@type":"PropertyValueSpecification","valueRequired":true,"valueName":"search_term_string"}}],"inLanguage":"fr-FR"}]}},"_links":{"self":[{"href":"https:\/\/tpag.ch\/fr\/wp-json\/wp\/v2\/pages\/770","targetHints":{"allow":["GET"]}}],"collection":[{"href":"https:\/\/tpag.ch\/fr\/wp-json\/wp\/v2\/pages"}],"about":[{"href":"https:\/\/tpag.ch\/fr\/wp-json\/wp\/v2\/types\/page"}],"author":[{"embeddable":true,"href":"https:\/\/tpag.ch\/fr\/wp-json\/wp\/v2\/users\/1"}],"replies":[{"embeddable":true,"href":"https:\/\/tpag.ch\/fr\/wp-json\/wp\/v2\/comments?post=770"}],"version-history":[{"count":3,"href":"https:\/\/tpag.ch\/fr\/wp-json\/wp\/v2\/pages\/770\/revisions"}],"predecessor-version":[{"id":887,"href":"https:\/\/tpag.ch\/fr\/wp-json\/wp\/v2\/pages\/770\/revisions\/887"}],"up":[{"embeddable":true,"href":"https:\/\/tpag.ch\/fr\/wp-json\/wp\/v2\/pages\/762"}],"wp:attachment":[{"href":"https:\/\/tpag.ch\/fr\/wp-json\/wp\/v2\/media?parent=770"}],"curies":[{"name":"wp","href":"https:\/\/api.w.org\/{rel}","templated":true}]}}