{"id":768,"date":"2019-11-05T08:35:52","date_gmt":"2019-11-05T08:35:52","guid":{"rendered":"https:\/\/tpag.ch\/?page_id=768"},"modified":"2025-07-10T06:41:00","modified_gmt":"2025-07-10T06:41:00","slug":"immeubles-dhabitations","status":"publish","type":"page","link":"https:\/\/tpag.ch\/fr\/references\/immeubles-dhabitations\/","title":{"rendered":"Immeubles d\u2019habitations"},"content":{"rendered":"<section class=\"l-section wpb_row height_custom\"><div class=\"l-section-h i-cf\"><div class=\"g-cols vc_row via_flex valign_top type_default stacking_default\"><div class=\"vc_col-sm-12 wpb_column vc_column_container\"><div class=\"vc_column-inner\"><div class=\"wpb_wrapper\"><div class=\"wpb_text_column\"><div class=\"wpb_wrapper\"><h1>Immeubles d\u2019habitations<\/h1>\n<\/div><\/div><div class=\"ult-spacer spacer-69e223dee0053\" data-id=\"69e223dee0053\" data-height=\"30\" data-height-mobile=\"30\" data-height-tab=\"30\" data-height-tab-portrait=\"\" data-height-mobile-landscape=\"\" style=\"clear:both;display:block;\"><\/div><div class=\"g-cols wpb_row via_flex valign_top type_default stacking_default\"><div class=\"vc_col-sm-4 wpb_column vc_column_container\"><div class=\"vc_column-inner\"><div class=\"wpb_wrapper\"><div class=\"w-image us_custom_e716c567 align_none\"><div class=\"w-image-h\"><img decoding=\"async\" width=\"1024\" height=\"1024\" src=\"https:\/\/tpag.ch\/wp-content\/uploads\/2019\/09\/tp_08_Sch\u00fcsspark_Biel_.jpg\" class=\"attachment-large size-large\" alt=\"\" loading=\"lazy\" srcset=\"https:\/\/tpag.ch\/wp-content\/uploads\/2019\/09\/tp_08_Sch\u00fcsspark_Biel_.jpg 1024w, https:\/\/tpag.ch\/wp-content\/uploads\/2019\/09\/tp_08_Sch\u00fcsspark_Biel_-150x150.jpg 150w, https:\/\/tpag.ch\/wp-content\/uploads\/2019\/09\/tp_08_Sch\u00fcsspark_Biel_-300x300.jpg 300w, https:\/\/tpag.ch\/wp-content\/uploads\/2019\/09\/tp_08_Sch\u00fcsspark_Biel_-350x350.jpg 350w, https:\/\/tpag.ch\/wp-content\/uploads\/2019\/09\/tp_08_Sch\u00fcsspark_Biel_-600x600.jpg 600w, https:\/\/tpag.ch\/wp-content\/uploads\/2019\/09\/tp_08_Sch\u00fcsspark_Biel_-100x100.jpg 100w\" sizes=\"auto, (max-width: 1024px) 100vw, 1024px\" \/><\/div><\/div><div class=\"ult-spacer spacer-69e223dee151c\" data-id=\"69e223dee151c\" data-height=\"15\" data-height-mobile=\"15\" data-height-tab=\"15\" data-height-tab-portrait=\"\" data-height-mobile-landscape=\"\" style=\"clear:both;display:block;\"><\/div><div class=\"wpb_text_column\"><div class=\"wpb_wrapper\"><p>2015\/2018 | Immeubles d\u2019habitation Sch\u00fcsspark, Bienne<\/p>\n<p>Planification: CVS<\/p>\n<p>Sp\u00e9cialit\u00e9: 50 appartements r\u00e9partis en 3 b\u00e2timents. Chauffage \u00e0 gaz centralis\u00e9 avec installation solaire technique et PAC bivalente.<\/p>\n<p>Architecture: Kistler Vogt Architectes, Bienne<\/p>\n<\/div><\/div><div class=\"ult-spacer spacer-69e223dee1737\" data-id=\"69e223dee1737\" data-height=\"45\" data-height-mobile=\"45\" data-height-tab=\"45\" data-height-tab-portrait=\"\" data-height-mobile-landscape=\"\" style=\"clear:both;display:block;\"><\/div><\/div><\/div><\/div><div class=\"vc_col-sm-4 wpb_column vc_column_container\"><div class=\"vc_column-inner\"><div class=\"wpb_wrapper\"><div class=\"w-image us_custom_e716c567 align_none\"><div class=\"w-image-h\"><img decoding=\"async\" width=\"1024\" height=\"1024\" src=\"https:\/\/tpag.ch\/wp-content\/uploads\/2019\/09\/tp_08_Bellvuepark_Port.jpg\" class=\"attachment-large size-large\" alt=\"\" loading=\"lazy\" srcset=\"https:\/\/tpag.ch\/wp-content\/uploads\/2019\/09\/tp_08_Bellvuepark_Port.jpg 1024w, https:\/\/tpag.ch\/wp-content\/uploads\/2019\/09\/tp_08_Bellvuepark_Port-150x150.jpg 150w, https:\/\/tpag.ch\/wp-content\/uploads\/2019\/09\/tp_08_Bellvuepark_Port-300x300.jpg 300w, https:\/\/tpag.ch\/wp-content\/uploads\/2019\/09\/tp_08_Bellvuepark_Port-350x350.jpg 350w, https:\/\/tpag.ch\/wp-content\/uploads\/2019\/09\/tp_08_Bellvuepark_Port-600x600.jpg 600w, https:\/\/tpag.ch\/wp-content\/uploads\/2019\/09\/tp_08_Bellvuepark_Port-100x100.jpg 100w\" sizes=\"auto, (max-width: 1024px) 100vw, 1024px\" \/><\/div><\/div><div class=\"ult-spacer spacer-69e223dee1ec3\" data-id=\"69e223dee1ec3\" data-height=\"15\" data-height-mobile=\"15\" data-height-tab=\"15\" data-height-tab-portrait=\"\" data-height-mobile-landscape=\"\" style=\"clear:both;display:block;\"><\/div><div class=\"wpb_text_column\"><div class=\"wpb_wrapper\"><p>2017 | Immeubles d\u2019habitation Bellevuepark, Port<\/p>\n<p>Planification: CVS<\/p>\n<p>Sp\u00e9cialit\u00e9: 70 appartements r\u00e9partis en 8 b\u00e2timents. Chauffage \u00e0 pellets centralis\u00e9, ventilation contr\u00f4l\u00e9e<\/p>\n<p>Architecture: Wahli R\u00fcefli Architectes, Bienne<\/p>\n<\/div><\/div><div class=\"ult-spacer spacer-69e223dee20b8\" data-id=\"69e223dee20b8\" data-height=\"45\" data-height-mobile=\"45\" data-height-tab=\"45\" data-height-tab-portrait=\"\" data-height-mobile-landscape=\"\" style=\"clear:both;display:block;\"><\/div><\/div><\/div><\/div><div class=\"vc_col-sm-4 wpb_column vc_column_container\"><div class=\"vc_column-inner\"><div class=\"wpb_wrapper\"><div class=\"w-image us_custom_e716c567 align_none\"><div class=\"w-image-h\"><img decoding=\"async\" width=\"1024\" height=\"1024\" src=\"https:\/\/tpag.ch\/wp-content\/uploads\/2019\/09\/tp_08_Jardin_du_Paradis_Biel.jpg\" class=\"attachment-large size-large\" alt=\"\" loading=\"lazy\" srcset=\"https:\/\/tpag.ch\/wp-content\/uploads\/2019\/09\/tp_08_Jardin_du_Paradis_Biel.jpg 1024w, https:\/\/tpag.ch\/wp-content\/uploads\/2019\/09\/tp_08_Jardin_du_Paradis_Biel-150x150.jpg 150w, https:\/\/tpag.ch\/wp-content\/uploads\/2019\/09\/tp_08_Jardin_du_Paradis_Biel-300x300.jpg 300w, https:\/\/tpag.ch\/wp-content\/uploads\/2019\/09\/tp_08_Jardin_du_Paradis_Biel-350x350.jpg 350w, https:\/\/tpag.ch\/wp-content\/uploads\/2019\/09\/tp_08_Jardin_du_Paradis_Biel-600x600.jpg 600w, https:\/\/tpag.ch\/wp-content\/uploads\/2019\/09\/tp_08_Jardin_du_Paradis_Biel-100x100.jpg 100w\" sizes=\"auto, (max-width: 1024px) 100vw, 1024px\" \/><\/div><\/div><div class=\"ult-spacer spacer-69e223dee2849\" data-id=\"69e223dee2849\" data-height=\"15\" data-height-mobile=\"15\" data-height-tab=\"15\" data-height-tab-portrait=\"\" data-height-mobile-landscape=\"\" style=\"clear:both;display:block;\"><\/div><div class=\"wpb_text_column\"><div class=\"wpb_wrapper\"><p>2017 | Immeubles d\u2019habitation Jardin du Paradis, Bienne<\/p>\n<p>Planification: CVS<\/p>\n<p>Sp\u00e9cialit\u00e9: 279 appartements r\u00e9partis en 15 b\u00e2timents. PAC eau\/eau centralis\u00e9e pour le chauffage et le refroidissements. Ventilation contr\u00f4l\u00e9e<\/p>\n<p>Architecture: kpa Architectes, Bern<\/p>\n<\/div><\/div><div class=\"ult-spacer spacer-69e223dee2a61\" data-id=\"69e223dee2a61\" data-height=\"45\" data-height-mobile=\"45\" data-height-tab=\"45\" data-height-tab-portrait=\"\" data-height-mobile-landscape=\"\" style=\"clear:both;display:block;\"><\/div><\/div><\/div><\/div><\/div><div class=\"g-cols wpb_row via_flex valign_top type_default stacking_default\"><div class=\"vc_col-sm-4 wpb_column vc_column_container\"><div class=\"vc_column-inner\"><div class=\"wpb_wrapper\"><div class=\"w-image us_custom_e716c567 align_none\"><div class=\"w-image-h\"><img decoding=\"async\" width=\"1024\" height=\"1024\" src=\"https:\/\/tpag.ch\/wp-content\/uploads\/2019\/09\/tp_08_Gartenhofstrasse_Z\u00fcrich.jpg\" class=\"attachment-large size-large\" alt=\"\" loading=\"lazy\" srcset=\"https:\/\/tpag.ch\/wp-content\/uploads\/2019\/09\/tp_08_Gartenhofstrasse_Z\u00fcrich.jpg 1024w, https:\/\/tpag.ch\/wp-content\/uploads\/2019\/09\/tp_08_Gartenhofstrasse_Z\u00fcrich-150x150.jpg 150w, https:\/\/tpag.ch\/wp-content\/uploads\/2019\/09\/tp_08_Gartenhofstrasse_Z\u00fcrich-300x300.jpg 300w, https:\/\/tpag.ch\/wp-content\/uploads\/2019\/09\/tp_08_Gartenhofstrasse_Z\u00fcrich-350x350.jpg 350w, https:\/\/tpag.ch\/wp-content\/uploads\/2019\/09\/tp_08_Gartenhofstrasse_Z\u00fcrich-600x600.jpg 600w, https:\/\/tpag.ch\/wp-content\/uploads\/2019\/09\/tp_08_Gartenhofstrasse_Z\u00fcrich-100x100.jpg 100w\" sizes=\"auto, (max-width: 1024px) 100vw, 1024px\" \/><\/div><\/div><div class=\"ult-spacer spacer-69e223dee3323\" data-id=\"69e223dee3323\" data-height=\"15\" data-height-mobile=\"15\" data-height-tab=\"15\" data-height-tab-portrait=\"\" data-height-mobile-landscape=\"\" style=\"clear:both;display:block;\"><\/div><div class=\"wpb_text_column\"><div class=\"wpb_wrapper\"><p>2016 | Immeubles d\u2019habitation Gartenhofstrasse, Z\u00fcrich<\/p>\n<p>Planification: CVS<\/p>\n<p>Sp\u00e9cialit\u00e9: 40 appartements r\u00e9partis en 3 b\u00e2timents, salle de dance, atelier, certifi\u00e9 Minergie.<\/p>\n<p>Architecture: Kistler Vogt Architectes, Bienne<\/p>\n<\/div><\/div><div class=\"ult-spacer spacer-69e223dee3523\" data-id=\"69e223dee3523\" data-height=\"45\" data-height-mobile=\"45\" data-height-tab=\"45\" data-height-tab-portrait=\"\" data-height-mobile-landscape=\"\" style=\"clear:both;display:block;\"><\/div><\/div><\/div><\/div><div class=\"vc_col-sm-4 wpb_column vc_column_container\"><div class=\"vc_column-inner\"><div class=\"wpb_wrapper\"><div class=\"w-image us_custom_e716c567 align_none\"><div class=\"w-image-h\"><img decoding=\"async\" width=\"1024\" height=\"1024\" src=\"https:\/\/tpag.ch\/wp-content\/uploads\/2019\/09\/08_Prefaully_II.jpg\" class=\"attachment-large size-large\" alt=\"\" loading=\"lazy\" srcset=\"https:\/\/tpag.ch\/wp-content\/uploads\/2019\/09\/08_Prefaully_II.jpg 1024w, https:\/\/tpag.ch\/wp-content\/uploads\/2019\/09\/08_Prefaully_II-150x150.jpg 150w, https:\/\/tpag.ch\/wp-content\/uploads\/2019\/09\/08_Prefaully_II-300x300.jpg 300w, https:\/\/tpag.ch\/wp-content\/uploads\/2019\/09\/08_Prefaully_II-350x350.jpg 350w, https:\/\/tpag.ch\/wp-content\/uploads\/2019\/09\/08_Prefaully_II-600x600.jpg 600w, https:\/\/tpag.ch\/wp-content\/uploads\/2019\/09\/08_Prefaully_II-100x100.jpg 100w\" sizes=\"auto, (max-width: 1024px) 100vw, 1024px\" \/><\/div><\/div><div class=\"ult-spacer spacer-69e223dee3d09\" data-id=\"69e223dee3d09\" data-height=\"15\" data-height-mobile=\"15\" data-height-tab=\"15\" data-height-tab-portrait=\"\" data-height-mobile-landscape=\"\" style=\"clear:both;display:block;\"><\/div><div class=\"wpb_text_column\"><div class=\"wpb_wrapper\"><p>2012 | Pr\u00e9faully II, Chavannes- Renens<\/p>\n<p>Planification: CVS<\/p>\n<p>Sp\u00e9cialit\u00e9: 40 appartements r\u00e9partis en 3 b\u00e2timents avec surfaces commerciales au rez-de-chauss\u00e9e<\/p>\n<p>Architecture: Pezzoli &amp; Associ\u00e9s Architectes SA, Renens<\/p>\n<\/div><\/div><div class=\"ult-spacer spacer-69e223dee3f10\" data-id=\"69e223dee3f10\" data-height=\"45\" data-height-mobile=\"45\" data-height-tab=\"45\" data-height-tab-portrait=\"\" data-height-mobile-landscape=\"\" style=\"clear:both;display:block;\"><\/div><\/div><\/div><\/div><div class=\"vc_col-sm-4 wpb_column vc_column_container\"><div class=\"vc_column-inner\"><div class=\"wpb_wrapper\"><div class=\"w-image us_custom_e716c567 align_none\"><div class=\"w-image-h\"><img decoding=\"async\" width=\"1024\" height=\"1024\" src=\"https:\/\/tpag.ch\/wp-content\/uploads\/2019\/09\/tp_08_Scheurer_Bootswerft_Nidau.jpg\" class=\"attachment-large size-large\" alt=\"\" loading=\"lazy\" srcset=\"https:\/\/tpag.ch\/wp-content\/uploads\/2019\/09\/tp_08_Scheurer_Bootswerft_Nidau.jpg 1024w, https:\/\/tpag.ch\/wp-content\/uploads\/2019\/09\/tp_08_Scheurer_Bootswerft_Nidau-150x150.jpg 150w, https:\/\/tpag.ch\/wp-content\/uploads\/2019\/09\/tp_08_Scheurer_Bootswerft_Nidau-300x300.jpg 300w, https:\/\/tpag.ch\/wp-content\/uploads\/2019\/09\/tp_08_Scheurer_Bootswerft_Nidau-350x350.jpg 350w, https:\/\/tpag.ch\/wp-content\/uploads\/2019\/09\/tp_08_Scheurer_Bootswerft_Nidau-600x600.jpg 600w, https:\/\/tpag.ch\/wp-content\/uploads\/2019\/09\/tp_08_Scheurer_Bootswerft_Nidau-100x100.jpg 100w\" sizes=\"auto, (max-width: 1024px) 100vw, 1024px\" \/><\/div><\/div><div class=\"ult-spacer spacer-69e223dee468d\" data-id=\"69e223dee468d\" data-height=\"15\" data-height-mobile=\"15\" data-height-tab=\"15\" data-height-tab-portrait=\"\" data-height-mobile-landscape=\"\" style=\"clear:both;display:block;\"><\/div><div class=\"wpb_text_column\"><div class=\"wpb_wrapper\"><p>2012 | Scheurer Chantier Naval et abitats, Nidau<\/p>\n<p>Planification: CVSSp<\/p>\n<p>Sp\u00e9cialit\u00e9: PAC eau\/eau avec captage dans la rivi\u00e8re. D\u00e9p\u00f4t de b\u00e2teau au sous-sol<\/p>\n<p>Architecture: Goetz Castorph Architectes, D-M\u00fcnchen<\/p>\n<\/div><\/div><div class=\"ult-spacer spacer-69e223dee4881\" data-id=\"69e223dee4881\" data-height=\"45\" data-height-mobile=\"45\" data-height-tab=\"45\" data-height-tab-portrait=\"\" data-height-mobile-landscape=\"\" style=\"clear:both;display:block;\"><\/div><\/div><\/div><\/div><\/div><\/div><\/div><\/div><\/div><\/div><\/section><section class=\"l-section wpb_row height_custom\"><div class=\"l-section-h i-cf\"><div class=\"g-cols vc_row via_flex valign_top type_default stacking_default\"><div class=\"vc_col-sm-12 wpb_column vc_column_container\"><div class=\"vc_column-inner\"><div class=\"wpb_wrapper\"><div class=\"wpb_text_column\"><div class=\"wpb_wrapper\"><h2>Ouvrages<\/h2>\n<p>Immeubles d\u2019habitation Scheidgasse, Steffisburg<\/p>\n<p>Immeubles d\u2019habitation Bellissa, Lyss<\/p>\n<p>Gschwendareal, Habitats et magasins, Steffisburg<\/p>\n<p>Immeubles d\u2019habitations Sch\u00fcsspark, Bienne<\/p>\n<p>Immeubles d\u2019habitation La Fonderie, Fribourg<\/p>\n<p>Immeubles d\u2019habitation Guillermaux, Payerne<\/p>\n<p>Immeubles d&rsquo;habitation Amthausquai, Olten<\/p>\n<p>Immeubles d\u2019habitation et de commerce Zihlstrasse<\/p>\n<p>Immeubles d\u2019habitation Bellevuepark, Port<\/p>\n<p>Immeubles d\u2019habitation Jardin du Paradis (Gygax-Areal), Bienne<\/p>\n<p>Immeubles d\u2019habitation Gartenhofstrasse, Z\u00fcrich<\/p>\n<p>Immeubles d\u2019habitation Schwanengasse, Baufeld A, Bienne<\/p>\n<p>Immeubles d\u2019habitation et de commerce Bielstrasse, Solothurn<\/p>\n<p>Immeubles d&rsquo;habitation \u201eLeben im Zentrum\u201c, Grenchen<\/p>\n<p>Pr\u00e9faully II, Chavannes-Renens<\/p>\n<p>Scheurer Chantier Naval et abitats, Nidau<\/p>\n<p>Pr\u00e8s-de-l\u2019isle, Boudry-Areuse Immeubles d\u2019habitation<\/p>\n<p>Sonnenrain, Hinterkappelen<\/p>\n<\/div><\/div><\/div><\/div><\/div><\/div><\/div><\/section><section class=\"l-section wpb_row height_custom\"><div class=\"l-section-h i-cf\"><div class=\"g-cols vc_row via_flex valign_top type_default stacking_default\"><div class=\"vc_col-sm-12 wpb_column vc_column_container\"><div class=\"vc_column-inner\"><div class=\"wpb_wrapper\"><div class=\"aio-icon-component   icon style_1\"><a class=\"aio-icon-box-link\" href=\"https:\/\/tpag.ch\/fr\/references\/\" title=\"Referenzen\" ><div id=\"Info-box-wrap-7981\" class=\"aio-icon-box left-icon\" style=\"\"  ><div class=\"aio-icon-left\"><div class=\"ult-just-icon-wrapper  \"><div class=\"align-icon\" style=\"text-align:center;\">\n<div class=\"aio-icon-img \" style=\"font-size:100px;display:inline-block;\" >\n\t<img decoding=\"async\" class=\"img-icon\" alt=\"null\" src=\"https:\/\/tpag.ch\/wp-content\/uploads\/2019\/05\/tp-referenzen.jpg\"\/>\n<\/div><\/div><\/div><\/div><div class=\"aio-ibd-block\"><div class=\"aio-icon-description ult-responsive\"  data-ultimate-target='#Info-box-wrap-7981 .aio-icon-description'  data-responsive-json-new='{\"font-size\":\"\",\"line-height\":\"\"}'  style=\"color:#d90000;\">\n<h2>R\u00e9f\u00e9rences <span class=\"invis\">\u2192<\/span><\/h2>\n<\/div> <!-- description --><\/div> <!-- aio-ibd-block --><\/div> <!-- aio-icon-box --><\/a><\/div> <!-- aio-icon-component --><\/div><\/div><\/div><\/div><\/div><\/section>\n","protected":false},"excerpt":{"rendered":"Immeubles d\u2019habitations 2015\/2018 | Immeubles d\u2019habitation Sch\u00fcsspark, Bienne Planification: CVS Sp\u00e9cialit\u00e9: 50 appartements r\u00e9partis en 3 b\u00e2timents. Chauffage \u00e0 gaz centralis\u00e9 avec installation solaire technique et PAC bivalente. Architecture: Kistler Vogt Architectes, Bienne 2017 | Immeubles d\u2019habitation Bellevuepark, Port Planification: CVS Sp\u00e9cialit\u00e9: 70 appartements r\u00e9partis en 8 b\u00e2timents. Chauffage \u00e0 pellets centralis\u00e9, ventilation contr\u00f4l\u00e9e Architecture:...","protected":false},"author":1,"featured_media":0,"parent":762,"menu_order":0,"comment_status":"closed","ping_status":"closed","template":"","meta":{"footnotes":""},"class_list":["post-768","page","type-page","status-publish","hentry"],"yoast_head":"<!-- This site is optimized with the Yoast SEO plugin v25.6 - https:\/\/yoast.com\/wordpress\/plugins\/seo\/ -->\n<title>Immeubles d\u2019habitations - tp<\/title>\n<meta name=\"robots\" content=\"index, follow, max-snippet:-1, max-image-preview:large, max-video-preview:-1\" \/>\n<link rel=\"canonical\" href=\"https:\/\/tpag.ch\/fr\/references\/immeubles-dhabitations\/\" \/>\n<meta property=\"og:locale\" content=\"fr_FR\" \/>\n<meta property=\"og:type\" content=\"article\" \/>\n<meta property=\"og:title\" content=\"Immeubles d\u2019habitations - tp\" \/>\n<meta property=\"og:url\" content=\"https:\/\/tpag.ch\/fr\/references\/immeubles-dhabitations\/\" \/>\n<meta property=\"og:site_name\" content=\"tp\" \/>\n<meta property=\"article:modified_time\" content=\"2025-07-10T06:41:00+00:00\" \/>\n<meta name=\"twitter:card\" content=\"summary_large_image\" \/>\n<meta name=\"twitter:label1\" content=\"Dur\u00e9e de lecture estim\u00e9e\" \/>\n\t<meta name=\"twitter:data1\" content=\"2 minutes\" \/>\n<script type=\"application\/ld+json\" class=\"yoast-schema-graph\">{\"@context\":\"https:\/\/schema.org\",\"@graph\":[{\"@type\":\"WebPage\",\"@id\":\"https:\/\/tpag.ch\/fr\/references\/immeubles-dhabitations\/\",\"url\":\"https:\/\/tpag.ch\/fr\/references\/immeubles-dhabitations\/\",\"name\":\"Immeubles d\u2019habitations - tp\",\"isPartOf\":{\"@id\":\"https:\/\/tpag.ch\/#website\"},\"datePublished\":\"2019-11-05T08:35:52+00:00\",\"dateModified\":\"2025-07-10T06:41:00+00:00\",\"breadcrumb\":{\"@id\":\"https:\/\/tpag.ch\/fr\/references\/immeubles-dhabitations\/#breadcrumb\"},\"inLanguage\":\"fr-FR\",\"potentialAction\":[{\"@type\":\"ReadAction\",\"target\":[\"https:\/\/tpag.ch\/fr\/references\/immeubles-dhabitations\/\"]}]},{\"@type\":\"BreadcrumbList\",\"@id\":\"https:\/\/tpag.ch\/fr\/references\/immeubles-dhabitations\/#breadcrumb\",\"itemListElement\":[{\"@type\":\"ListItem\",\"position\":1,\"name\":\"Home\",\"item\":\"https:\/\/tpag.ch\/fr\/\"},{\"@type\":\"ListItem\",\"position\":2,\"name\":\"R\u00e9f\u00e9rences\",\"item\":\"https:\/\/tpag.ch\/referenzen\/\"},{\"@type\":\"ListItem\",\"position\":3,\"name\":\"Immeubles d\u2019habitations\"}]},{\"@type\":\"WebSite\",\"@id\":\"https:\/\/tpag.ch\/#website\",\"url\":\"https:\/\/tpag.ch\/\",\"name\":\"tp\",\"description\":\"AG f\u00fcr technische Planungen\",\"potentialAction\":[{\"@type\":\"SearchAction\",\"target\":{\"@type\":\"EntryPoint\",\"urlTemplate\":\"https:\/\/tpag.ch\/?s={search_term_string}\"},\"query-input\":{\"@type\":\"PropertyValueSpecification\",\"valueRequired\":true,\"valueName\":\"search_term_string\"}}],\"inLanguage\":\"fr-FR\"}]}<\/script>\n<!-- \/ Yoast SEO plugin. -->","yoast_head_json":{"title":"Immeubles d\u2019habitations - tp","robots":{"index":"index","follow":"follow","max-snippet":"max-snippet:-1","max-image-preview":"max-image-preview:large","max-video-preview":"max-video-preview:-1"},"canonical":"https:\/\/tpag.ch\/fr\/references\/immeubles-dhabitations\/","og_locale":"fr_FR","og_type":"article","og_title":"Immeubles d\u2019habitations - tp","og_url":"https:\/\/tpag.ch\/fr\/references\/immeubles-dhabitations\/","og_site_name":"tp","article_modified_time":"2025-07-10T06:41:00+00:00","twitter_card":"summary_large_image","twitter_misc":{"Dur\u00e9e de lecture estim\u00e9e":"2 minutes"},"schema":{"@context":"https:\/\/schema.org","@graph":[{"@type":"WebPage","@id":"https:\/\/tpag.ch\/fr\/references\/immeubles-dhabitations\/","url":"https:\/\/tpag.ch\/fr\/references\/immeubles-dhabitations\/","name":"Immeubles d\u2019habitations - tp","isPartOf":{"@id":"https:\/\/tpag.ch\/#website"},"datePublished":"2019-11-05T08:35:52+00:00","dateModified":"2025-07-10T06:41:00+00:00","breadcrumb":{"@id":"https:\/\/tpag.ch\/fr\/references\/immeubles-dhabitations\/#breadcrumb"},"inLanguage":"fr-FR","potentialAction":[{"@type":"ReadAction","target":["https:\/\/tpag.ch\/fr\/references\/immeubles-dhabitations\/"]}]},{"@type":"BreadcrumbList","@id":"https:\/\/tpag.ch\/fr\/references\/immeubles-dhabitations\/#breadcrumb","itemListElement":[{"@type":"ListItem","position":1,"name":"Home","item":"https:\/\/tpag.ch\/fr\/"},{"@type":"ListItem","position":2,"name":"R\u00e9f\u00e9rences","item":"https:\/\/tpag.ch\/referenzen\/"},{"@type":"ListItem","position":3,"name":"Immeubles d\u2019habitations"}]},{"@type":"WebSite","@id":"https:\/\/tpag.ch\/#website","url":"https:\/\/tpag.ch\/","name":"tp","description":"AG f\u00fcr technische Planungen","potentialAction":[{"@type":"SearchAction","target":{"@type":"EntryPoint","urlTemplate":"https:\/\/tpag.ch\/?s={search_term_string}"},"query-input":{"@type":"PropertyValueSpecification","valueRequired":true,"valueName":"search_term_string"}}],"inLanguage":"fr-FR"}]}},"_links":{"self":[{"href":"https:\/\/tpag.ch\/fr\/wp-json\/wp\/v2\/pages\/768","targetHints":{"allow":["GET"]}}],"collection":[{"href":"https:\/\/tpag.ch\/fr\/wp-json\/wp\/v2\/pages"}],"about":[{"href":"https:\/\/tpag.ch\/fr\/wp-json\/wp\/v2\/types\/page"}],"author":[{"embeddable":true,"href":"https:\/\/tpag.ch\/fr\/wp-json\/wp\/v2\/users\/1"}],"replies":[{"embeddable":true,"href":"https:\/\/tpag.ch\/fr\/wp-json\/wp\/v2\/comments?post=768"}],"version-history":[{"count":3,"href":"https:\/\/tpag.ch\/fr\/wp-json\/wp\/v2\/pages\/768\/revisions"}],"predecessor-version":[{"id":1035,"href":"https:\/\/tpag.ch\/fr\/wp-json\/wp\/v2\/pages\/768\/revisions\/1035"}],"up":[{"embeddable":true,"href":"https:\/\/tpag.ch\/fr\/wp-json\/wp\/v2\/pages\/762"}],"wp:attachment":[{"href":"https:\/\/tpag.ch\/fr\/wp-json\/wp\/v2\/media?parent=768"}],"curies":[{"name":"wp","href":"https:\/\/api.w.org\/{rel}","templated":true}]}}