{"id":766,"date":"2019-11-05T08:24:23","date_gmt":"2019-11-05T08:24:23","guid":{"rendered":"https:\/\/tpag.ch\/?page_id=766"},"modified":"2025-07-10T06:39:23","modified_gmt":"2025-07-10T06:39:23","slug":"batiments-industriels","status":"publish","type":"page","link":"https:\/\/tpag.ch\/fr\/references\/batiments-industriels\/","title":{"rendered":"B\u00e2timents industriels"},"content":{"rendered":"<section class=\"l-section wpb_row height_custom\"><div class=\"l-section-h i-cf\"><div class=\"g-cols vc_row via_flex valign_top type_default stacking_default\"><div class=\"vc_col-sm-12 wpb_column vc_column_container\"><div class=\"vc_column-inner\"><div class=\"wpb_wrapper\"><div class=\"wpb_text_column\"><div class=\"wpb_wrapper\"><h1>B\u00e2timents industriels<\/h1>\n<\/div><\/div><div class=\"ult-spacer spacer-69e2388f6ec39\" data-id=\"69e2388f6ec39\" data-height=\"30\" data-height-mobile=\"30\" data-height-tab=\"30\" data-height-tab-portrait=\"\" data-height-mobile-landscape=\"\" style=\"clear:both;display:block;\"><\/div><div class=\"g-cols wpb_row via_flex valign_top type_default stacking_default\"><div class=\"vc_col-sm-4 wpb_column vc_column_container\"><div class=\"vc_column-inner\"><div class=\"wpb_wrapper\"><div class=\"w-image us_custom_e716c567 align_none\"><div class=\"w-image-h\"><img decoding=\"async\" width=\"1024\" height=\"1024\" src=\"https:\/\/tpag.ch\/wp-content\/uploads\/2019\/09\/tp_07_Laubscher_AG_Tauffelen__.jpg\" class=\"attachment-large size-large\" alt=\"\" loading=\"lazy\" srcset=\"https:\/\/tpag.ch\/wp-content\/uploads\/2019\/09\/tp_07_Laubscher_AG_Tauffelen__.jpg 1024w, https:\/\/tpag.ch\/wp-content\/uploads\/2019\/09\/tp_07_Laubscher_AG_Tauffelen__-150x150.jpg 150w, https:\/\/tpag.ch\/wp-content\/uploads\/2019\/09\/tp_07_Laubscher_AG_Tauffelen__-300x300.jpg 300w, https:\/\/tpag.ch\/wp-content\/uploads\/2019\/09\/tp_07_Laubscher_AG_Tauffelen__-350x350.jpg 350w, https:\/\/tpag.ch\/wp-content\/uploads\/2019\/09\/tp_07_Laubscher_AG_Tauffelen__-600x600.jpg 600w, https:\/\/tpag.ch\/wp-content\/uploads\/2019\/09\/tp_07_Laubscher_AG_Tauffelen__-100x100.jpg 100w\" sizes=\"auto, (max-width: 1024px) 100vw, 1024px\" \/><\/div><\/div><div class=\"ult-spacer spacer-69e2388f700c6\" data-id=\"69e2388f700c6\" data-height=\"15\" data-height-mobile=\"15\" data-height-tab=\"15\" data-height-tab-portrait=\"\" data-height-mobile-landscape=\"\" style=\"clear:both;display:block;\"><\/div><div class=\"wpb_text_column\"><div class=\"wpb_wrapper\"><p>2003\/06\/13\/14\/17 | Laubscher AG, T\u00e4uffelen<\/p>\n<p>Planification: CVCSSp<\/p>\n<p>Sp\u00e9cialit\u00e9: Refroidissement de machines, aspiration des vapeurs d\u2019huile, syst\u00e8mes de r\u00e9cup\u00e9ration divers<\/p>\n<p>Architecture: Leimer+Tschanz, Bienne<\/p>\n<\/div><\/div><div class=\"ult-spacer spacer-69e2388f70305\" data-id=\"69e2388f70305\" data-height=\"45\" data-height-mobile=\"45\" data-height-tab=\"45\" data-height-tab-portrait=\"\" data-height-mobile-landscape=\"\" style=\"clear:both;display:block;\"><\/div><\/div><\/div><\/div><div class=\"vc_col-sm-4 wpb_column vc_column_container\"><div class=\"vc_column-inner\"><div class=\"wpb_wrapper\"><div class=\"w-image us_custom_e716c567 align_none\"><div class=\"w-image-h\"><img decoding=\"async\" width=\"1024\" height=\"1024\" src=\"https:\/\/tpag.ch\/wp-content\/uploads\/2019\/09\/tp_07_Turck_SA_Delemont.jpg\" class=\"attachment-large size-large\" alt=\"\" loading=\"lazy\" srcset=\"https:\/\/tpag.ch\/wp-content\/uploads\/2019\/09\/tp_07_Turck_SA_Delemont.jpg 1024w, https:\/\/tpag.ch\/wp-content\/uploads\/2019\/09\/tp_07_Turck_SA_Delemont-150x150.jpg 150w, https:\/\/tpag.ch\/wp-content\/uploads\/2019\/09\/tp_07_Turck_SA_Delemont-300x300.jpg 300w, https:\/\/tpag.ch\/wp-content\/uploads\/2019\/09\/tp_07_Turck_SA_Delemont-350x350.jpg 350w, https:\/\/tpag.ch\/wp-content\/uploads\/2019\/09\/tp_07_Turck_SA_Delemont-600x600.jpg 600w, https:\/\/tpag.ch\/wp-content\/uploads\/2019\/09\/tp_07_Turck_SA_Delemont-100x100.jpg 100w\" sizes=\"auto, (max-width: 1024px) 100vw, 1024px\" \/><\/div><\/div><div class=\"ult-spacer spacer-69e2388f70980\" data-id=\"69e2388f70980\" data-height=\"15\" data-height-mobile=\"15\" data-height-tab=\"15\" data-height-tab-portrait=\"\" data-height-mobile-landscape=\"\" style=\"clear:both;display:block;\"><\/div><div class=\"wpb_text_column\"><div class=\"wpb_wrapper\"><p>2016\/17 | Turck SA, Del\u00e9mont<\/p>\n<p>Planification: CVCS<\/p>\n<p>Sp\u00e9cialit\u00e9: Liaison des productions de froid pour la redondances<\/p>\n<p>Architecture: Arch2000, Del\u00e9mont<\/p>\n<\/div><\/div><div class=\"ult-spacer spacer-69e2388f70b67\" data-id=\"69e2388f70b67\" data-height=\"45\" data-height-mobile=\"45\" data-height-tab=\"45\" data-height-tab-portrait=\"\" data-height-mobile-landscape=\"\" style=\"clear:both;display:block;\"><\/div><\/div><\/div><\/div><div class=\"vc_col-sm-4 wpb_column vc_column_container\"><div class=\"vc_column-inner\"><div class=\"wpb_wrapper\"><div class=\"w-image us_custom_e716c567 align_none\"><div class=\"w-image-h\"><img decoding=\"async\" width=\"1024\" height=\"1024\" src=\"https:\/\/tpag.ch\/wp-content\/uploads\/2019\/09\/07_Breguet_SA.jpg\" class=\"attachment-large size-large\" alt=\"\" loading=\"lazy\" srcset=\"https:\/\/tpag.ch\/wp-content\/uploads\/2019\/09\/07_Breguet_SA.jpg 1024w, https:\/\/tpag.ch\/wp-content\/uploads\/2019\/09\/07_Breguet_SA-150x150.jpg 150w, https:\/\/tpag.ch\/wp-content\/uploads\/2019\/09\/07_Breguet_SA-300x300.jpg 300w, https:\/\/tpag.ch\/wp-content\/uploads\/2019\/09\/07_Breguet_SA-350x350.jpg 350w, https:\/\/tpag.ch\/wp-content\/uploads\/2019\/09\/07_Breguet_SA-600x600.jpg 600w, https:\/\/tpag.ch\/wp-content\/uploads\/2019\/09\/07_Breguet_SA-100x100.jpg 100w\" sizes=\"auto, (max-width: 1024px) 100vw, 1024px\" \/><\/div><\/div><div class=\"ult-spacer spacer-69e2388f711d6\" data-id=\"69e2388f711d6\" data-height=\"15\" data-height-mobile=\"15\" data-height-tab=\"15\" data-height-tab-portrait=\"\" data-height-mobile-landscape=\"\" style=\"clear:both;display:block;\"><\/div><div class=\"wpb_text_column\"><div class=\"wpb_wrapper\"><p>2014 | Breguet SA, L\u2018Abbaye<\/p>\n<p>Planification: CVCS<\/p>\n<p>Sp\u00e9cialit\u00e9: Refroidissement des machines, demande d\u2019une grande stabilit\u00e9 de temp\u00e9rature<\/p>\n<p>Architecture: Evard+Fahrny SA, La Chaux-de-Fonds<\/p>\n<\/div><\/div><div class=\"ult-spacer spacer-69e2388f713c2\" data-id=\"69e2388f713c2\" data-height=\"45\" data-height-mobile=\"45\" data-height-tab=\"45\" data-height-tab-portrait=\"\" data-height-mobile-landscape=\"\" style=\"clear:both;display:block;\"><\/div><\/div><\/div><\/div><\/div><div class=\"g-cols wpb_row via_flex valign_top type_default stacking_default\"><div class=\"vc_col-sm-4 wpb_column vc_column_container\"><div class=\"vc_column-inner\"><div class=\"wpb_wrapper\"><div class=\"w-image us_custom_e716c567 align_none\"><div class=\"w-image-h\"><img decoding=\"async\" width=\"1024\" height=\"1024\" src=\"https:\/\/tpag.ch\/wp-content\/uploads\/2019\/09\/tp_07_Ceramaret_SA_Bole.jpg\" class=\"attachment-large size-large\" alt=\"\" loading=\"lazy\" srcset=\"https:\/\/tpag.ch\/wp-content\/uploads\/2019\/09\/tp_07_Ceramaret_SA_Bole.jpg 1024w, https:\/\/tpag.ch\/wp-content\/uploads\/2019\/09\/tp_07_Ceramaret_SA_Bole-150x150.jpg 150w, https:\/\/tpag.ch\/wp-content\/uploads\/2019\/09\/tp_07_Ceramaret_SA_Bole-300x300.jpg 300w, https:\/\/tpag.ch\/wp-content\/uploads\/2019\/09\/tp_07_Ceramaret_SA_Bole-350x350.jpg 350w, https:\/\/tpag.ch\/wp-content\/uploads\/2019\/09\/tp_07_Ceramaret_SA_Bole-600x600.jpg 600w, https:\/\/tpag.ch\/wp-content\/uploads\/2019\/09\/tp_07_Ceramaret_SA_Bole-100x100.jpg 100w\" sizes=\"auto, (max-width: 1024px) 100vw, 1024px\" \/><\/div><\/div><div class=\"ult-spacer spacer-69e2388f71b49\" data-id=\"69e2388f71b49\" data-height=\"15\" data-height-mobile=\"15\" data-height-tab=\"15\" data-height-tab-portrait=\"\" data-height-mobile-landscape=\"\" style=\"clear:both;display:block;\"><\/div><div class=\"wpb_text_column\"><div class=\"wpb_wrapper\"><p>2008 | C\u00e9ramaret SA, B\u00f4le<\/p>\n<p>Planification: CVCS<\/p>\n<p>Sp\u00e9cialit\u00e9: Grande stabilit\u00e9 de temp\u00e9rature et d\u2019humidit\u00e9 exig\u00e9es pour la production<\/p>\n<p>Architecture: Kuster+Kuster, St.Gallen<\/p>\n<\/div><\/div><div class=\"ult-spacer spacer-69e2388f71d32\" data-id=\"69e2388f71d32\" data-height=\"45\" data-height-mobile=\"45\" data-height-tab=\"45\" data-height-tab-portrait=\"\" data-height-mobile-landscape=\"\" style=\"clear:both;display:block;\"><\/div><\/div><\/div><\/div><div class=\"vc_col-sm-4 wpb_column vc_column_container\"><div class=\"vc_column-inner\"><div class=\"wpb_wrapper\"><div class=\"w-image us_custom_e716c567 align_none\"><div class=\"w-image-h\"><img decoding=\"async\" width=\"1024\" height=\"1024\" src=\"https:\/\/tpag.ch\/wp-content\/uploads\/2019\/09\/tp_07_Philippe_Moris_Neuchatel.jpg\" class=\"attachment-large size-large\" alt=\"\" loading=\"lazy\" srcset=\"https:\/\/tpag.ch\/wp-content\/uploads\/2019\/09\/tp_07_Philippe_Moris_Neuchatel.jpg 1024w, https:\/\/tpag.ch\/wp-content\/uploads\/2019\/09\/tp_07_Philippe_Moris_Neuchatel-150x150.jpg 150w, https:\/\/tpag.ch\/wp-content\/uploads\/2019\/09\/tp_07_Philippe_Moris_Neuchatel-300x300.jpg 300w, https:\/\/tpag.ch\/wp-content\/uploads\/2019\/09\/tp_07_Philippe_Moris_Neuchatel-350x350.jpg 350w, https:\/\/tpag.ch\/wp-content\/uploads\/2019\/09\/tp_07_Philippe_Moris_Neuchatel-600x600.jpg 600w, https:\/\/tpag.ch\/wp-content\/uploads\/2019\/09\/tp_07_Philippe_Moris_Neuchatel-100x100.jpg 100w\" sizes=\"auto, (max-width: 1024px) 100vw, 1024px\" \/><\/div><\/div><div class=\"ult-spacer spacer-69e2388f7232f\" data-id=\"69e2388f7232f\" data-height=\"15\" data-height-mobile=\"15\" data-height-tab=\"15\" data-height-tab-portrait=\"\" data-height-mobile-landscape=\"\" style=\"clear:both;display:block;\"><\/div><div class=\"wpb_text_column\"><div class=\"wpb_wrapper\"><p>2008 | IDC Philip Morris, Neuch\u00e2tel<\/p>\n<p>Planification: SSp<\/p>\n<p>Sp\u00e9cialit\u00e9: B\u00e2timent de recherche et de d\u00e9veloppement<\/p>\n<p>Architecture: GD Architectes, Neuch\u00e2tel<\/p>\n<\/div><\/div><div class=\"ult-spacer spacer-69e2388f724fd\" data-id=\"69e2388f724fd\" data-height=\"45\" data-height-mobile=\"45\" data-height-tab=\"45\" data-height-tab-portrait=\"\" data-height-mobile-landscape=\"\" style=\"clear:both;display:block;\"><\/div><\/div><\/div><\/div><div class=\"vc_col-sm-4 wpb_column vc_column_container\"><div class=\"vc_column-inner\"><div class=\"wpb_wrapper\"><div class=\"w-image us_custom_e716c567 align_none\"><div class=\"w-image-h\"><img decoding=\"async\" width=\"1024\" height=\"1024\" src=\"https:\/\/tpag.ch\/wp-content\/uploads\/2019\/09\/tp_07_Swatch_DYB_Cormondreche.jpg\" class=\"attachment-large size-large\" alt=\"\" loading=\"lazy\" srcset=\"https:\/\/tpag.ch\/wp-content\/uploads\/2019\/09\/tp_07_Swatch_DYB_Cormondreche.jpg 1024w, https:\/\/tpag.ch\/wp-content\/uploads\/2019\/09\/tp_07_Swatch_DYB_Cormondreche-150x150.jpg 150w, https:\/\/tpag.ch\/wp-content\/uploads\/2019\/09\/tp_07_Swatch_DYB_Cormondreche-300x300.jpg 300w, https:\/\/tpag.ch\/wp-content\/uploads\/2019\/09\/tp_07_Swatch_DYB_Cormondreche-350x350.jpg 350w, https:\/\/tpag.ch\/wp-content\/uploads\/2019\/09\/tp_07_Swatch_DYB_Cormondreche-600x600.jpg 600w, https:\/\/tpag.ch\/wp-content\/uploads\/2019\/09\/tp_07_Swatch_DYB_Cormondreche-100x100.jpg 100w\" sizes=\"auto, (max-width: 1024px) 100vw, 1024px\" \/><\/div><\/div><div class=\"ult-spacer spacer-69e2388f72b0b\" data-id=\"69e2388f72b0b\" data-height=\"15\" data-height-mobile=\"15\" data-height-tab=\"15\" data-height-tab-portrait=\"\" data-height-mobile-landscape=\"\" style=\"clear:both;display:block;\"><\/div><div class=\"wpb_text_column\"><div class=\"wpb_wrapper\"><p>2007 | Swatch DYB, Cormondr\u00e8che<\/p>\n<p>Planification: CVCSSp<\/p>\n<p>Sp\u00e9cialit\u00e9: Pr\u00e9chauffage de l\u2019air pour la production par un registre enterr\u00e9<\/p>\n<p>Architecture: atelier \u00f6i, La Neuveville<\/p>\n<\/div><\/div><div class=\"ult-spacer spacer-69e2388f72d1a\" data-id=\"69e2388f72d1a\" data-height=\"45\" data-height-mobile=\"45\" data-height-tab=\"45\" data-height-tab-portrait=\"\" data-height-mobile-landscape=\"\" style=\"clear:both;display:block;\"><\/div><\/div><\/div><\/div><\/div><\/div><\/div><\/div><\/div><\/div><\/section><section class=\"l-section wpb_row height_custom\"><div class=\"l-section-h i-cf\"><div class=\"g-cols vc_row via_flex valign_top type_default stacking_default\"><div class=\"vc_col-sm-12 wpb_column vc_column_container\"><div class=\"vc_column-inner\"><div class=\"wpb_wrapper\"><div class=\"wpb_text_column\"><div class=\"wpb_wrapper\"><h2>Ouvrages<\/h2>\n<p>Galliker, Aclens<\/p>\n<p>Breitling, Granges<\/p>\n<p>Cave de Bonvillars, Bonvillars<\/p>\n<p>Laubscher AG, T\u00e4uffelen<\/p>\n<p>Turck SA, Del\u00e9mont<\/p>\n<p>A-Chau Lagerhalle, Sch\u00fcpfen<\/p>\n<p>X-Met AG, Lyss<\/p>\n<p>Breguet SA, L\u2019Abbaye<\/p>\n<p>ETA SA, Grenchen<\/p>\n<p>Anton Meyer + Co AG, Nidau<\/p>\n<p>Hermes SA, Br\u00fcgg<\/p>\n<p>Ciments Vigier SA, P\u00e9ry<\/p>\n<p>Selecta AG, Kirchberg<\/p>\n<p>C\u00e9ramaret SA, B\u00f4le<\/p>\n<p>IDC Philip Morris, Neuch\u00e2tel<\/p>\n<p>Vaucher Manufacture, Fleurier<\/p>\n<p>Swatch DYB, Cormondr\u00e8che<\/p>\n<p>SABAG AG, Bienne<\/p>\n<p>Pignon Afffolter SA, Malleray<\/p>\n<p>L\u00f6wengarage Peugeot, Moosseedorf<\/p>\n<p>Frigemo SA, Cressier<\/p>\n<\/div><\/div><\/div><\/div><\/div><\/div><\/div><\/section><section class=\"l-section wpb_row height_custom\"><div class=\"l-section-h i-cf\"><div class=\"g-cols vc_row via_flex valign_top type_default stacking_default\"><div class=\"vc_col-sm-12 wpb_column vc_column_container\"><div class=\"vc_column-inner\"><div class=\"wpb_wrapper\"><div class=\"aio-icon-component   icon style_1\"><a class=\"aio-icon-box-link\" href=\"https:\/\/tpag.ch\/fr\/references\/\" title=\"Referenzen\" ><div id=\"Info-box-wrap-2880\" class=\"aio-icon-box left-icon\" style=\"\"  ><div class=\"aio-icon-left\"><div class=\"ult-just-icon-wrapper  \"><div class=\"align-icon\" style=\"text-align:center;\">\n<div class=\"aio-icon-img \" style=\"font-size:100px;display:inline-block;\" >\n\t<img decoding=\"async\" class=\"img-icon\" alt=\"null\" src=\"https:\/\/tpag.ch\/wp-content\/uploads\/2019\/05\/tp-referenzen.jpg\"\/>\n<\/div><\/div><\/div><\/div><div class=\"aio-ibd-block\"><div class=\"aio-icon-description ult-responsive\"  data-ultimate-target='#Info-box-wrap-2880 .aio-icon-description'  data-responsive-json-new='{\"font-size\":\"\",\"line-height\":\"\"}'  style=\"color:#d90000;\">\n<h2>R\u00e9f\u00e9rences <span class=\"invis\">\u2192<\/span><\/h2>\n<\/div> <!-- description --><\/div> <!-- aio-ibd-block --><\/div> <!-- aio-icon-box --><\/a><\/div> <!-- aio-icon-component --><\/div><\/div><\/div><\/div><\/div><\/section>\n","protected":false},"excerpt":{"rendered":"B\u00e2timents industriels 2003\/06\/13\/14\/17 | Laubscher AG, T\u00e4uffelen Planification: CVCSSp Sp\u00e9cialit\u00e9: Refroidissement de machines, aspiration des vapeurs d\u2019huile, syst\u00e8mes de r\u00e9cup\u00e9ration divers Architecture: Leimer+Tschanz, Bienne 2016\/17 | Turck SA, Del\u00e9mont Planification: CVCS Sp\u00e9cialit\u00e9: Liaison des productions de froid pour la redondances Architecture: Arch2000, Del\u00e9mont 2014 | Breguet SA, L\u2018Abbaye Planification: CVCS Sp\u00e9cialit\u00e9: Refroidissement des machines, demande...","protected":false},"author":1,"featured_media":0,"parent":762,"menu_order":0,"comment_status":"closed","ping_status":"closed","template":"","meta":{"footnotes":""},"class_list":["post-766","page","type-page","status-publish","hentry"],"yoast_head":"<!-- This site is optimized with the Yoast SEO plugin v25.6 - https:\/\/yoast.com\/wordpress\/plugins\/seo\/ -->\n<title>B\u00e2timents industriels - tp<\/title>\n<meta name=\"robots\" content=\"index, follow, max-snippet:-1, max-image-preview:large, max-video-preview:-1\" \/>\n<link rel=\"canonical\" href=\"https:\/\/tpag.ch\/fr\/references\/batiments-industriels\/\" \/>\n<meta property=\"og:locale\" content=\"fr_FR\" \/>\n<meta property=\"og:type\" content=\"article\" \/>\n<meta property=\"og:title\" content=\"B\u00e2timents industriels - tp\" \/>\n<meta property=\"og:url\" content=\"https:\/\/tpag.ch\/fr\/references\/batiments-industriels\/\" \/>\n<meta property=\"og:site_name\" content=\"tp\" \/>\n<meta property=\"article:modified_time\" content=\"2025-07-10T06:39:23+00:00\" \/>\n<meta name=\"twitter:card\" content=\"summary_large_image\" \/>\n<meta name=\"twitter:label1\" content=\"Dur\u00e9e de lecture estim\u00e9e\" \/>\n\t<meta name=\"twitter:data1\" content=\"2 minutes\" \/>\n<script type=\"application\/ld+json\" class=\"yoast-schema-graph\">{\"@context\":\"https:\/\/schema.org\",\"@graph\":[{\"@type\":\"WebPage\",\"@id\":\"https:\/\/tpag.ch\/fr\/references\/batiments-industriels\/\",\"url\":\"https:\/\/tpag.ch\/fr\/references\/batiments-industriels\/\",\"name\":\"B\u00e2timents industriels - tp\",\"isPartOf\":{\"@id\":\"https:\/\/tpag.ch\/#website\"},\"datePublished\":\"2019-11-05T08:24:23+00:00\",\"dateModified\":\"2025-07-10T06:39:23+00:00\",\"breadcrumb\":{\"@id\":\"https:\/\/tpag.ch\/fr\/references\/batiments-industriels\/#breadcrumb\"},\"inLanguage\":\"fr-FR\",\"potentialAction\":[{\"@type\":\"ReadAction\",\"target\":[\"https:\/\/tpag.ch\/fr\/references\/batiments-industriels\/\"]}]},{\"@type\":\"BreadcrumbList\",\"@id\":\"https:\/\/tpag.ch\/fr\/references\/batiments-industriels\/#breadcrumb\",\"itemListElement\":[{\"@type\":\"ListItem\",\"position\":1,\"name\":\"Home\",\"item\":\"https:\/\/tpag.ch\/fr\/\"},{\"@type\":\"ListItem\",\"position\":2,\"name\":\"R\u00e9f\u00e9rences\",\"item\":\"https:\/\/tpag.ch\/referenzen\/\"},{\"@type\":\"ListItem\",\"position\":3,\"name\":\"B\u00e2timents industriels\"}]},{\"@type\":\"WebSite\",\"@id\":\"https:\/\/tpag.ch\/#website\",\"url\":\"https:\/\/tpag.ch\/\",\"name\":\"tp\",\"description\":\"AG f\u00fcr technische Planungen\",\"potentialAction\":[{\"@type\":\"SearchAction\",\"target\":{\"@type\":\"EntryPoint\",\"urlTemplate\":\"https:\/\/tpag.ch\/?s={search_term_string}\"},\"query-input\":{\"@type\":\"PropertyValueSpecification\",\"valueRequired\":true,\"valueName\":\"search_term_string\"}}],\"inLanguage\":\"fr-FR\"}]}<\/script>\n<!-- \/ Yoast SEO plugin. -->","yoast_head_json":{"title":"B\u00e2timents industriels - tp","robots":{"index":"index","follow":"follow","max-snippet":"max-snippet:-1","max-image-preview":"max-image-preview:large","max-video-preview":"max-video-preview:-1"},"canonical":"https:\/\/tpag.ch\/fr\/references\/batiments-industriels\/","og_locale":"fr_FR","og_type":"article","og_title":"B\u00e2timents industriels - tp","og_url":"https:\/\/tpag.ch\/fr\/references\/batiments-industriels\/","og_site_name":"tp","article_modified_time":"2025-07-10T06:39:23+00:00","twitter_card":"summary_large_image","twitter_misc":{"Dur\u00e9e de lecture estim\u00e9e":"2 minutes"},"schema":{"@context":"https:\/\/schema.org","@graph":[{"@type":"WebPage","@id":"https:\/\/tpag.ch\/fr\/references\/batiments-industriels\/","url":"https:\/\/tpag.ch\/fr\/references\/batiments-industriels\/","name":"B\u00e2timents industriels - tp","isPartOf":{"@id":"https:\/\/tpag.ch\/#website"},"datePublished":"2019-11-05T08:24:23+00:00","dateModified":"2025-07-10T06:39:23+00:00","breadcrumb":{"@id":"https:\/\/tpag.ch\/fr\/references\/batiments-industriels\/#breadcrumb"},"inLanguage":"fr-FR","potentialAction":[{"@type":"ReadAction","target":["https:\/\/tpag.ch\/fr\/references\/batiments-industriels\/"]}]},{"@type":"BreadcrumbList","@id":"https:\/\/tpag.ch\/fr\/references\/batiments-industriels\/#breadcrumb","itemListElement":[{"@type":"ListItem","position":1,"name":"Home","item":"https:\/\/tpag.ch\/fr\/"},{"@type":"ListItem","position":2,"name":"R\u00e9f\u00e9rences","item":"https:\/\/tpag.ch\/referenzen\/"},{"@type":"ListItem","position":3,"name":"B\u00e2timents industriels"}]},{"@type":"WebSite","@id":"https:\/\/tpag.ch\/#website","url":"https:\/\/tpag.ch\/","name":"tp","description":"AG f\u00fcr technische Planungen","potentialAction":[{"@type":"SearchAction","target":{"@type":"EntryPoint","urlTemplate":"https:\/\/tpag.ch\/?s={search_term_string}"},"query-input":{"@type":"PropertyValueSpecification","valueRequired":true,"valueName":"search_term_string"}}],"inLanguage":"fr-FR"}]}},"_links":{"self":[{"href":"https:\/\/tpag.ch\/fr\/wp-json\/wp\/v2\/pages\/766","targetHints":{"allow":["GET"]}}],"collection":[{"href":"https:\/\/tpag.ch\/fr\/wp-json\/wp\/v2\/pages"}],"about":[{"href":"https:\/\/tpag.ch\/fr\/wp-json\/wp\/v2\/types\/page"}],"author":[{"embeddable":true,"href":"https:\/\/tpag.ch\/fr\/wp-json\/wp\/v2\/users\/1"}],"replies":[{"embeddable":true,"href":"https:\/\/tpag.ch\/fr\/wp-json\/wp\/v2\/comments?post=766"}],"version-history":[{"count":5,"href":"https:\/\/tpag.ch\/fr\/wp-json\/wp\/v2\/pages\/766\/revisions"}],"predecessor-version":[{"id":1032,"href":"https:\/\/tpag.ch\/fr\/wp-json\/wp\/v2\/pages\/766\/revisions\/1032"}],"up":[{"embeddable":true,"href":"https:\/\/tpag.ch\/fr\/wp-json\/wp\/v2\/pages\/762"}],"wp:attachment":[{"href":"https:\/\/tpag.ch\/fr\/wp-json\/wp\/v2\/media?parent=766"}],"curies":[{"name":"wp","href":"https:\/\/api.w.org\/{rel}","templated":true}]}}