{"id":755,"date":"2019-11-04T14:31:24","date_gmt":"2019-11-04T14:31:24","guid":{"rendered":"https:\/\/tpag.ch\/?page_id=755"},"modified":"2025-09-02T15:02:14","modified_gmt":"2025-09-02T15:02:14","slug":"competences","status":"publish","type":"page","link":"https:\/\/tpag.ch\/fr\/competences\/","title":{"rendered":"Comp\u00e9tences"},"content":{"rendered":"<section class=\"l-section wpb_row height_custom\"><div class=\"l-section-h i-cf\"><div class=\"g-cols vc_row via_flex valign_top type_default stacking_default\"><div class=\"vc_col-sm-12 wpb_column vc_column_container\"><div class=\"vc_column-inner\"><div class=\"wpb_wrapper\"><div class=\"w-image align_none\"><div class=\"w-image-h\"><img decoding=\"async\" width=\"1200\" height=\"600\" src=\"https:\/\/tpag.ch\/wp-content\/uploads\/2024\/08\/tpag_DSC_0064.jpg\" class=\"attachment-full size-full\" alt=\"\" loading=\"lazy\" srcset=\"https:\/\/tpag.ch\/wp-content\/uploads\/2024\/08\/tpag_DSC_0064.jpg 1200w, https:\/\/tpag.ch\/wp-content\/uploads\/2024\/08\/tpag_DSC_0064-300x150.jpg 300w, https:\/\/tpag.ch\/wp-content\/uploads\/2024\/08\/tpag_DSC_0064-1024x512.jpg 1024w, https:\/\/tpag.ch\/wp-content\/uploads\/2024\/08\/tpag_DSC_0064-100x50.jpg 100w\" sizes=\"auto, (max-width: 1200px) 100vw, 1200px\" \/><\/div><\/div><\/div><\/div><\/div><\/div><\/div><\/section><section class=\"l-section wpb_row height_custom\"><div class=\"l-section-h i-cf\"><div class=\"g-cols vc_row via_flex valign_top type_default stacking_default\"><div class=\"vc_col-sm-12 wpb_column vc_column_container\"><div class=\"vc_column-inner\"><div class=\"wpb_wrapper\"><div class=\"wpb_text_column\"><div class=\"wpb_wrapper\"><h1>Une gestion technique parfaitement orchestr\u00e9e<\/h1>\n<p><strong>tp<\/strong> est votre bureau d\u2019ing\u00e9nieurs ind\u00e9pendant pour la planification globale de la gestion technique du b\u00e2timent CVCSS \u2013 chauffage, ventilation, climatisation, sanitaires et sprinklers. Avec vous, nous \u00e9laborons des solutions \u00e9conomiques sur mesure d\u2019une qualit\u00e9 hors pair, qu\u2019il s\u2019agisse d\u2019une gestion technique classique du b\u00e2timent ou d\u2019installations et technologies particuli\u00e8res. Nous nous chargeons de planifier enti\u00e8rement le projet, des techniques de mesure, de contr\u00f4le et de r\u00e9gulation MCR, ainsi que de la coordination professionnelle. Nous \u00e9laborons aussi des rapports d\u2019expert et des attestations. Faites appel \u00e0 l\u2019exp\u00e9rience et aux connaissances sp\u00e9cialis\u00e9es de nos ing\u00e9nieurs pour vos projets.<\/p>\n<\/div><\/div><\/div><\/div><\/div><\/div><\/div><\/section><section class=\"l-section wpb_row height_custom\" id=\"Chauffage\"><div class=\"l-section-h i-cf\"><div class=\"g-cols vc_row via_flex valign_top type_default stacking_default\"><div class=\"vc_col-sm-3 wpb_column vc_column_container\"><div class=\"vc_column-inner\"><div class=\"wpb_wrapper\"><div class=\"wpb_text_column slogan2\"><div class=\"wpb_wrapper\"><p>Des concepts \u00e9labor\u00e9s pour une bonne climatisation<\/p>\n<\/div><\/div><\/div><\/div><\/div><div class=\"vc_col-sm-9 wpb_column vc_column_container\"><div class=\"vc_column-inner\"><div class=\"wpb_wrapper\"><div class=\"wpb_text_column us_custom_e716c567\"><div class=\"wpb_wrapper\"><h2>Chauffage<\/h2>\n<\/div><\/div><div class=\"g-cols wpb_row via_flex valign_top type_default stacking_default\"><div class=\"vc_col-sm-6 wpb_column vc_column_container\"><div class=\"vc_column-inner\"><div class=\"wpb_wrapper\"><div class=\"wpb_text_column\"><div class=\"wpb_wrapper\"><ul>\n<li>Installations de vapeur et d\u2019eau surchauff\u00e9e<\/li>\n<li>Chauffage \u00e0 distance et installations de chauffage de quartiers<\/li>\n<li>G\u00e9othermie (anergie, pieux \u00e9nerg\u00e9tiques)<\/li>\n<li>Installations de chauffage au bois, y compris avec filtres \u00e0 particules fines<\/li>\n<\/ul>\n<\/div><\/div><\/div><\/div><\/div><div class=\"vc_col-sm-6 wpb_column vc_column_container\"><div class=\"vc_column-inner\"><div class=\"wpb_wrapper\"><div class=\"wpb_text_column\"><div class=\"wpb_wrapper\"><ul>\n<li>Installations de chauffage \u00e0 mazout et \u00e0 gaz<\/li>\n<li>Installations solaires thermiques<\/li>\n<li>Installations de couplage chaleur\/ force<\/li>\n<li>Installations de pompes \u00e0 chaleur<\/li>\n<li>Installations de r\u00e9cup\u00e9ration d\u2019\u00e9nergie<\/li>\n<\/ul>\n<\/div><\/div><\/div><\/div><\/div><\/div><\/div><\/div><\/div><\/div><\/div><\/section><section class=\"l-section wpb_row height_custom\" id=\"Ventilation\"><div class=\"l-section-h i-cf\"><div class=\"g-cols vc_row via_flex valign_top type_default stacking_default\"><div class=\"vc_col-sm-3 wpb_column vc_column_container\"><div class=\"vc_column-inner\"><div class=\"wpb_wrapper\"><div class=\"wpb_text_column slogan2\"><div class=\"wpb_wrapper\"><p>Confort \u00e9lev\u00e9 et r\u00e9duction des besoins en \u00e9nergie <\/p>\n<\/div><\/div><\/div><\/div><\/div><div class=\"vc_col-sm-9 wpb_column vc_column_container\"><div class=\"vc_column-inner\"><div class=\"wpb_wrapper\"><div class=\"wpb_text_column us_custom_e716c567\"><div class=\"wpb_wrapper\"><h2>Ventilation<\/h2>\n<\/div><\/div><div class=\"g-cols wpb_row via_flex valign_top type_default stacking_default\"><div class=\"vc_col-sm-6 wpb_column vc_column_container\"><div class=\"vc_column-inner\"><div class=\"wpb_wrapper\"><div class=\"wpb_text_column\"><div class=\"wpb_wrapper\"><ul>\n<li>Installations de r\u00e9cup\u00e9ration d\u2019\u00e9nergie<\/li>\n<li>Installations industrielles d\u2019aspiration et d\u2019\u00e9puration des fum\u00e9es<\/li>\n<li>Installations de ventilation industrielle<\/li>\n<li>Installations de climatisation pour centre de calcul<\/li>\n<li>Ventilation contr\u00f4l\u00e9e<\/li>\n<\/ul>\n<\/div><\/div><\/div><\/div><\/div><div class=\"vc_col-sm-6 wpb_column vc_column_container\"><div class=\"vc_column-inner\"><div class=\"wpb_wrapper\"><div class=\"wpb_text_column\"><div class=\"wpb_wrapper\"><ul>\n<li>Ventilation de confort<\/li>\n<li>Centrale de traitement d\u2019air<\/li>\n<li>Chauffages \u00e0 air chaud<\/li>\n<li>Installations de filtrage pour salle blanche, pour laboratoires et salles d\u2019op\u00e9rations<\/li>\n<li>Installations pour salles d\u2019op\u00e9rations<\/li>\n<li>Installation de d\u00e9senfumage<\/li>\n<li>Ventilation de piscine<\/li>\n<\/ul>\n<\/div><\/div><\/div><\/div><\/div><\/div><\/div><\/div><\/div><\/div><\/div><\/section><section class=\"l-section wpb_row height_custom\" id=\"Climatisation\"><div class=\"l-section-h i-cf\"><div class=\"g-cols vc_row via_flex valign_top type_default stacking_default\"><div class=\"vc_col-sm-3 wpb_column vc_column_container\"><div class=\"vc_column-inner\"><div class=\"wpb_wrapper\"><div class=\"wpb_text_column slogan2\"><div class=\"wpb_wrapper\"><p>Harmonie entre d\u00e9penses \u00e9nerg\u00e9tiques, \u00e9cologie et co\u00fbts d\u2019exploitation<\/p>\n<\/div><\/div><\/div><\/div><\/div><div class=\"vc_col-sm-9 wpb_column vc_column_container\"><div class=\"vc_column-inner\"><div class=\"wpb_wrapper\"><div class=\"wpb_text_column us_custom_e716c567\"><div class=\"wpb_wrapper\"><h2>Climatisation \/ refroidissement<\/h2>\n<\/div><\/div><div class=\"g-cols wpb_row via_flex valign_top type_default stacking_default\"><div class=\"vc_col-sm-6 wpb_column vc_column_container\"><div class=\"vc_column-inner\"><div class=\"wpb_wrapper\"><div class=\"wpb_text_column\"><div class=\"wpb_wrapper\"><ul>\n<li>Installations de r\u00e9cup\u00e9ration d\u2019\u00e9nergie<\/li>\n<li>Installation frigorifiques industrielles<\/li>\n<li>Groupes frigorifiques pour les installations de climatisation de confort et centrales de traitement de l\u2019air<\/li>\n<\/ul>\n<\/div><\/div><\/div><\/div><\/div><div class=\"vc_col-sm-6 wpb_column vc_column_container\"><div class=\"vc_column-inner\"><div class=\"wpb_wrapper\"><div class=\"wpb_text_column\"><div class=\"wpb_wrapper\"><ul>\n<li>Installation de refroidissement avec accumulateur \u00e0 glace<\/li>\n<li>A\u00e9rorefroidissseur<\/li>\n<li>Installation de pompe \u00e0 chaleur r\u00e9versible<\/li>\n<\/ul>\n<\/div><\/div><\/div><\/div><\/div><\/div><\/div><\/div><\/div><\/div><\/div><\/section><section class=\"l-section wpb_row height_custom\" id=\"Sanitaire\"><div class=\"l-section-h i-cf\"><div class=\"g-cols vc_row via_flex valign_top type_default stacking_default\"><div class=\"vc_col-sm-3 wpb_column vc_column_container\"><div class=\"vc_column-inner\"><div class=\"wpb_wrapper\"><div class=\"wpb_text_column slogan2\"><div class=\"wpb_wrapper\"><p>Pour que l\u2019eau coule proprement<\/p>\n<\/div><\/div><\/div><\/div><\/div><div class=\"vc_col-sm-9 wpb_column vc_column_container\"><div class=\"vc_column-inner\"><div class=\"wpb_wrapper\"><div class=\"wpb_text_column us_custom_e716c567\"><div class=\"wpb_wrapper\"><h2>Sanitaire \/ Sprinkler<\/h2>\n<\/div><\/div><div class=\"g-cols wpb_row via_flex valign_top type_default stacking_default\"><div class=\"vc_col-sm-6 wpb_column vc_column_container\"><div class=\"vc_column-inner\"><div class=\"wpb_wrapper\"><div class=\"wpb_text_column\"><div class=\"wpb_wrapper\"><ul>\n<li>Canalisation, r\u00e9seau d\u2019\u00e9vacuation<\/li>\n<li>Installations d\u2019arrosage<\/li>\n<li>Installations de surpression<\/li>\n<li>Installations d\u2019air comprim\u00e9<\/li>\n<li>Distribution de gaz et de gaz sp\u00e9ciaux pour les h\u00f4pitaux, la chimie et l\u2019industrie<\/li>\n<li>Installations de traitement d\u2019eau (eau pure)<\/li>\n<li>R\u00e9cup\u00e9ration des eaux pluviales<\/li>\n<li>Installations de r\u00e9tention et d\u2019infiltration<\/li>\n<\/ul>\n<\/div><\/div><\/div><\/div><\/div><div class=\"vc_col-sm-6 wpb_column vc_column_container\"><div class=\"vc_column-inner\"><div class=\"wpb_wrapper\"><div class=\"wpb_text_column\"><div class=\"wpb_wrapper\"><ul>\n<li>Sprinklers (y compris installations s\u00e8ches, r\u00e9servoirs internes avec pompes, etc.)<\/li>\n<li>Dispositifs d\u2019extinction \u00e0 n\u00e9bulisation d\u2019eau (y compris syst\u00e8mes \u00e0 haute pression, etc.)<\/li>\n<li>Alimentation et \u00e9vacuation pour laboratoires<\/li>\n<li>Installations de production d\u2019eau chaude sanitaire<\/li>\n<\/ul>\n<\/div><\/div><\/div><\/div><\/div><\/div><\/div><\/div><\/div><\/div><\/div><\/section><section class=\"l-section wpb_row height_custom\" id=\"projet\"><div class=\"l-section-h i-cf\"><div class=\"g-cols vc_row via_flex valign_top type_default stacking_default\"><div class=\"vc_col-sm-3 wpb_column vc_column_container\"><div class=\"vc_column-inner\"><div class=\"wpb_wrapper\"><div class=\"wpb_text_column slogan2\"><div class=\"wpb_wrapper\"><p>Bien pens\u00e9 jusqu\u2019au bout<\/p>\n<\/div><\/div><\/div><\/div><\/div><div class=\"vc_col-sm-9 wpb_column vc_column_container\"><div class=\"vc_column-inner\"><div class=\"wpb_wrapper\"><div class=\"wpb_text_column us_custom_e716c567\"><div class=\"wpb_wrapper\"><h2>Planification g\u00e9n\u00e9rale de projet<\/h2>\n<\/div><\/div><div class=\"g-cols wpb_row via_flex valign_top type_default stacking_default\"><div class=\"vc_col-sm-6 wpb_column vc_column_container\"><div class=\"vc_column-inner\"><div class=\"wpb_wrapper\"><div class=\"wpb_text_column\"><div class=\"wpb_wrapper\"><ul>\n<li>Planification de projet g\u00e9n\u00e9rale<\/li>\n<li>Cahier des charges<\/li>\n<li>Contr\u00f4le de chantier<\/li>\n<li>R\u00e9ception d\u2019ouvrage<\/li>\n<li>D\u00e9compte<\/li>\n<\/ul>\n<\/div><\/div><\/div><\/div><\/div><div class=\"vc_col-sm-6 wpb_column vc_column_container\"><div class=\"vc_column-inner\"><div class=\"wpb_wrapper\"><div class=\"wpb_text_column\"><div class=\"wpb_wrapper\"><ul>\n<li>Technique de mesure, commande et r\u00e9gulation, MCR<\/li>\n<li>MCR pour la globalit\u00e9 des installation techniques du b\u00e2timent<\/li>\n<\/ul>\n<\/div><\/div><\/div><\/div><\/div><\/div><\/div><\/div><\/div><\/div><\/div><\/section><section class=\"l-section wpb_row height_custom\" id=\"Coordination\"><div class=\"l-section-h i-cf\"><div class=\"g-cols vc_row via_flex valign_top type_default stacking_default\"><div class=\"vc_col-sm-3 wpb_column vc_column_container\"><div class=\"vc_column-inner\"><div class=\"wpb_wrapper\"><div class=\"wpb_text_column slogan2\"><div class=\"wpb_wrapper\"><p>Communication et r\u00e9alisation optimales<\/p>\n<\/div><\/div><\/div><\/div><\/div><div class=\"vc_col-sm-9 wpb_column vc_column_container\"><div class=\"vc_column-inner\"><div class=\"wpb_wrapper\"><div class=\"wpb_text_column us_custom_e716c567\"><div class=\"wpb_wrapper\"><h2>Coordination technique<\/h2>\n<\/div><\/div><div class=\"g-cols wpb_row via_flex valign_top type_default stacking_default\"><div class=\"vc_col-sm-6 wpb_column vc_column_container\"><div class=\"vc_column-inner\"><div class=\"wpb_wrapper\"><div class=\"wpb_text_column\"><div class=\"wpb_wrapper\"><ul>\n<li>Formation de groupement de planification pour l\u2019ex\u00e9cution de mandat de planification g\u00e9n\u00e9rale<\/li>\n<li>Cr\u00e9ation de plans en 2D et 3D<\/li>\n<li>Coordination des syst\u00e8mes techniques (chauffage, ventilation, climatisation\/froid, sanitaire\/ sprinkler, MCR)<\/li>\n<li>Coordination spaciale des centrales, des distributions, des appareils et des conduites<\/li>\n<\/ul>\n<\/div><\/div><\/div><\/div><\/div><div class=\"vc_col-sm-6 wpb_column vc_column_container\"><div class=\"vc_column-inner\"><div class=\"wpb_wrapper\"><div class=\"wpb_text_column\"><div class=\"wpb_wrapper\"><ul>\n<li>\u00d6rtliche Koordination der Zentralen, Erschliessungsbereiche, Apparate und Leitungen<\/li>\n<li>Protokollf\u00fchrung<\/li>\n<li>Schnittstelle der Geb\u00e4udetechnikplaner zur Bauherrschaft<\/li>\n<li>Sicherstellung der raschen Information \u00fcber geeignete Tools<\/li>\n<li>Sitzungsf\u00fchrung von Geb\u00e4udetechnik-Planungsteams<\/li>\n<\/ul>\n<\/div><\/div><\/div><\/div><\/div><\/div><\/div><\/div><\/div><\/div><\/div><\/section><section class=\"l-section wpb_row height_custom\" id=\"Expertises\"><div class=\"l-section-h i-cf\"><div class=\"g-cols vc_row via_flex valign_top type_default stacking_default\"><div class=\"vc_col-sm-3 wpb_column vc_column_container\"><div class=\"vc_column-inner\"><div class=\"wpb_wrapper\"><div class=\"wpb_text_column slogan2\"><div class=\"wpb_wrapper\"><p>Comp\u00e9tence et exp\u00e9rience<\/p>\n<\/div><\/div><\/div><\/div><\/div><div class=\"vc_col-sm-9 wpb_column vc_column_container\"><div class=\"vc_column-inner\"><div class=\"wpb_wrapper\"><div class=\"wpb_text_column us_custom_e716c567\"><div class=\"wpb_wrapper\"><h2>Expertises<\/h2>\n<\/div><\/div><div class=\"g-cols wpb_row via_flex valign_top type_default stacking_default\"><div class=\"vc_col-sm-6 wpb_column vc_column_container\"><div class=\"vc_column-inner\"><div class=\"wpb_wrapper\"><div class=\"wpb_text_column\"><div class=\"wpb_wrapper\"><ul>\n<li>Rapport d\u2019expert judiciaire<\/li>\n<li>Contr\u00f4le de qualit\u00e9 et rentabilit\u00e9 d\u2019installations existantes<\/li>\n<li>Assistance au ma\u00eetre de l\u2019ouvrage<\/li>\n<li>Contr\u00f4le de qualit\u00e9<\/li>\n<\/ul>\n<\/div><\/div><\/div><\/div><\/div><div class=\"vc_col-sm-6 wpb_column vc_column_container\"><div class=\"vc_column-inner\"><div class=\"wpb_wrapper\"><\/div><\/div><\/div><\/div><\/div><\/div><\/div><\/div><\/div><\/section><section class=\"l-section wpb_row height_custom\" id=\"Preuves\"><div class=\"l-section-h i-cf\"><div class=\"g-cols vc_row via_flex valign_top type_default stacking_default\"><div class=\"vc_col-sm-3 wpb_column vc_column_container\"><div class=\"vc_column-inner\"><div class=\"wpb_wrapper\"><div class=\"wpb_text_column slogan2\"><div class=\"wpb_wrapper\"><p>Du travail de pros<\/p>\n<\/div><\/div><\/div><\/div><\/div><div class=\"vc_col-sm-9 wpb_column vc_column_container\"><div class=\"vc_column-inner\"><div class=\"wpb_wrapper\"><div class=\"wpb_text_column us_custom_e716c567\"><div class=\"wpb_wrapper\"><h2>Preuves<\/h2>\n<\/div><\/div><div class=\"g-cols wpb_row via_flex valign_top type_default stacking_default\"><div class=\"vc_col-sm-6 wpb_column vc_column_container\"><div class=\"vc_column-inner\"><div class=\"wpb_wrapper\"><div class=\"wpb_text_column\"><div class=\"wpb_wrapper\"><ul>\n<li>Preuves \u00e9nerg\u00e9tiques<\/li>\n<li>Elaboration de document pour certification Minergie, Minergie P et Minergie ECO<\/li>\n<li>Rapport CECB<\/li>\n<\/ul>\n<\/div><\/div><\/div><\/div><\/div><div class=\"vc_col-sm-6 wpb_column vc_column_container\"><div class=\"vc_column-inner\"><div class=\"wpb_wrapper\"><\/div><\/div><\/div><\/div><\/div><\/div><\/div><\/div><\/div><\/section><section class=\"l-section wpb_row height_custom\"><div class=\"l-section-h i-cf\"><div class=\"g-cols vc_row via_flex valign_top type_default stacking_default\"><div class=\"vc_col-sm-3 wpb_column vc_column_container\"><div class=\"vc_column-inner\"><div class=\"wpb_wrapper\"><\/div><\/div><\/div><div class=\"vc_col-sm-9 wpb_column vc_column_container\"><div class=\"vc_column-inner\"><div class=\"wpb_wrapper\"><div class=\"wpb_text_column\"><div class=\"wpb_wrapper\"><p><span class=\"zitat\"><span class=\"anfuehrungszeichen\" style=\"color: #d90000;\">\u00ab<\/span>Nos ing\u00e9nieurs apportent avec eux de solides connaissances sp\u00e9cialis\u00e9es et une exp\u00e9rience dans la planification classique de la technique du b\u00e2timent ainsi que dans des syst\u00e8mes et des technologies particuli\u00e8res de grande envergure.<br \/>\nAvec vous, nous d\u00e9veloppons la solution la plus \u00e9conomique pour vous.<span class=\"anfuehrungszeichen\" style=\"color: #d90000;\">\u00bb<\/span><\/span> <span class=\"person\">C\u00e9dric Senn, membre de la direction de tp<\/span><\/p>\n<\/div><\/div><\/div><\/div><\/div><\/div><\/div><\/section><section class=\"l-section wpb_row height_custom\"><div class=\"l-section-h i-cf\"><div class=\"g-cols vc_row via_flex valign_top type_default stacking_default\"><div class=\"vc_col-sm-12 wpb_column vc_column_container\"><div class=\"vc_column-inner\"><div class=\"wpb_wrapper\"><div class=\"aio-icon-component   icon style_1\"><a class=\"aio-icon-box-link\" href=\"https:\/\/tpag.ch\/fr\/references\/\" title=\"Referenzen\" ><div id=\"Info-box-wrap-1684\" class=\"aio-icon-box left-icon\" style=\"\"  ><div class=\"aio-icon-left\"><div class=\"ult-just-icon-wrapper  \"><div class=\"align-icon\" style=\"text-align:center;\">\n<div class=\"aio-icon-img \" style=\"font-size:100px;display:inline-block;\" >\n\t<img decoding=\"async\" class=\"img-icon\" alt=\"null\" src=\"https:\/\/tpag.ch\/wp-content\/uploads\/2019\/05\/tp-referenzen.jpg\"\/>\n<\/div><\/div><\/div><\/div><div class=\"aio-ibd-block\"><div class=\"aio-icon-description ult-responsive\"  data-ultimate-target='#Info-box-wrap-1684 .aio-icon-description'  data-responsive-json-new='{\"font-size\":\"\",\"line-height\":\"\"}'  style=\"color:#d90000;\">\n<h2>R\u00e9f\u00e9rences <span class=\"invis\">\u2192<\/span><\/h2>\n<\/div> <!-- description --><\/div> <!-- aio-ibd-block --><\/div> <!-- aio-icon-box --><\/a><\/div> <!-- aio-icon-component --><\/div><\/div><\/div><\/div><\/div><\/section>\n","protected":false},"excerpt":{"rendered":"Une gestion technique parfaitement orchestr\u00e9e tp est votre bureau d\u2019ing\u00e9nieurs ind\u00e9pendant pour la planification globale de la gestion technique du b\u00e2timent CVCSS \u2013 chauffage, ventilation, climatisation, sanitaires et sprinklers. Avec vous, nous \u00e9laborons des solutions \u00e9conomiques sur mesure d\u2019une qualit\u00e9 hors pair, qu\u2019il s\u2019agisse d\u2019une gestion technique classique du b\u00e2timent ou d\u2019installations et technologies particuli\u00e8res....","protected":false},"author":1,"featured_media":0,"parent":0,"menu_order":0,"comment_status":"closed","ping_status":"closed","template":"","meta":{"footnotes":""},"class_list":["post-755","page","type-page","status-publish","hentry"],"yoast_head":"<!-- This site is optimized with the Yoast SEO plugin v25.6 - https:\/\/yoast.com\/wordpress\/plugins\/seo\/ -->\n<title>Comp\u00e9tences - tp<\/title>\n<meta name=\"robots\" content=\"index, follow, max-snippet:-1, max-image-preview:large, max-video-preview:-1\" \/>\n<link rel=\"canonical\" href=\"https:\/\/tpag.ch\/fr\/competences\/\" \/>\n<meta property=\"og:locale\" content=\"fr_FR\" \/>\n<meta property=\"og:type\" content=\"article\" \/>\n<meta property=\"og:title\" content=\"Comp\u00e9tences - tp\" \/>\n<meta property=\"og:url\" content=\"https:\/\/tpag.ch\/fr\/competences\/\" \/>\n<meta property=\"og:site_name\" content=\"tp\" \/>\n<meta property=\"article:modified_time\" content=\"2025-09-02T15:02:14+00:00\" \/>\n<meta name=\"twitter:card\" content=\"summary_large_image\" \/>\n<meta name=\"twitter:label1\" content=\"Dur\u00e9e de lecture estim\u00e9e\" \/>\n\t<meta name=\"twitter:data1\" content=\"3 minutes\" \/>\n<script type=\"application\/ld+json\" class=\"yoast-schema-graph\">{\"@context\":\"https:\/\/schema.org\",\"@graph\":[{\"@type\":\"WebPage\",\"@id\":\"https:\/\/tpag.ch\/fr\/competences\/\",\"url\":\"https:\/\/tpag.ch\/fr\/competences\/\",\"name\":\"Comp\u00e9tences - tp\",\"isPartOf\":{\"@id\":\"https:\/\/tpag.ch\/#website\"},\"datePublished\":\"2019-11-04T14:31:24+00:00\",\"dateModified\":\"2025-09-02T15:02:14+00:00\",\"breadcrumb\":{\"@id\":\"https:\/\/tpag.ch\/fr\/competences\/#breadcrumb\"},\"inLanguage\":\"fr-FR\",\"potentialAction\":[{\"@type\":\"ReadAction\",\"target\":[\"https:\/\/tpag.ch\/fr\/competences\/\"]}]},{\"@type\":\"BreadcrumbList\",\"@id\":\"https:\/\/tpag.ch\/fr\/competences\/#breadcrumb\",\"itemListElement\":[{\"@type\":\"ListItem\",\"position\":1,\"name\":\"Home\",\"item\":\"https:\/\/tpag.ch\/fr\/\"},{\"@type\":\"ListItem\",\"position\":2,\"name\":\"Comp\u00e9tences\"}]},{\"@type\":\"WebSite\",\"@id\":\"https:\/\/tpag.ch\/#website\",\"url\":\"https:\/\/tpag.ch\/\",\"name\":\"tp\",\"description\":\"AG f\u00fcr technische Planungen\",\"potentialAction\":[{\"@type\":\"SearchAction\",\"target\":{\"@type\":\"EntryPoint\",\"urlTemplate\":\"https:\/\/tpag.ch\/?s={search_term_string}\"},\"query-input\":{\"@type\":\"PropertyValueSpecification\",\"valueRequired\":true,\"valueName\":\"search_term_string\"}}],\"inLanguage\":\"fr-FR\"}]}<\/script>\n<!-- \/ Yoast SEO plugin. -->","yoast_head_json":{"title":"Comp\u00e9tences - tp","robots":{"index":"index","follow":"follow","max-snippet":"max-snippet:-1","max-image-preview":"max-image-preview:large","max-video-preview":"max-video-preview:-1"},"canonical":"https:\/\/tpag.ch\/fr\/competences\/","og_locale":"fr_FR","og_type":"article","og_title":"Comp\u00e9tences - tp","og_url":"https:\/\/tpag.ch\/fr\/competences\/","og_site_name":"tp","article_modified_time":"2025-09-02T15:02:14+00:00","twitter_card":"summary_large_image","twitter_misc":{"Dur\u00e9e de lecture estim\u00e9e":"3 minutes"},"schema":{"@context":"https:\/\/schema.org","@graph":[{"@type":"WebPage","@id":"https:\/\/tpag.ch\/fr\/competences\/","url":"https:\/\/tpag.ch\/fr\/competences\/","name":"Comp\u00e9tences - tp","isPartOf":{"@id":"https:\/\/tpag.ch\/#website"},"datePublished":"2019-11-04T14:31:24+00:00","dateModified":"2025-09-02T15:02:14+00:00","breadcrumb":{"@id":"https:\/\/tpag.ch\/fr\/competences\/#breadcrumb"},"inLanguage":"fr-FR","potentialAction":[{"@type":"ReadAction","target":["https:\/\/tpag.ch\/fr\/competences\/"]}]},{"@type":"BreadcrumbList","@id":"https:\/\/tpag.ch\/fr\/competences\/#breadcrumb","itemListElement":[{"@type":"ListItem","position":1,"name":"Home","item":"https:\/\/tpag.ch\/fr\/"},{"@type":"ListItem","position":2,"name":"Comp\u00e9tences"}]},{"@type":"WebSite","@id":"https:\/\/tpag.ch\/#website","url":"https:\/\/tpag.ch\/","name":"tp","description":"AG f\u00fcr technische Planungen","potentialAction":[{"@type":"SearchAction","target":{"@type":"EntryPoint","urlTemplate":"https:\/\/tpag.ch\/?s={search_term_string}"},"query-input":{"@type":"PropertyValueSpecification","valueRequired":true,"valueName":"search_term_string"}}],"inLanguage":"fr-FR"}]}},"_links":{"self":[{"href":"https:\/\/tpag.ch\/fr\/wp-json\/wp\/v2\/pages\/755","targetHints":{"allow":["GET"]}}],"collection":[{"href":"https:\/\/tpag.ch\/fr\/wp-json\/wp\/v2\/pages"}],"about":[{"href":"https:\/\/tpag.ch\/fr\/wp-json\/wp\/v2\/types\/page"}],"author":[{"embeddable":true,"href":"https:\/\/tpag.ch\/fr\/wp-json\/wp\/v2\/users\/1"}],"replies":[{"embeddable":true,"href":"https:\/\/tpag.ch\/fr\/wp-json\/wp\/v2\/comments?post=755"}],"version-history":[{"count":13,"href":"https:\/\/tpag.ch\/fr\/wp-json\/wp\/v2\/pages\/755\/revisions"}],"predecessor-version":[{"id":1315,"href":"https:\/\/tpag.ch\/fr\/wp-json\/wp\/v2\/pages\/755\/revisions\/1315"}],"wp:attachment":[{"href":"https:\/\/tpag.ch\/fr\/wp-json\/wp\/v2\/media?parent=755"}],"curies":[{"name":"wp","href":"https:\/\/api.w.org\/{rel}","templated":true}]}}