{"id":1168,"date":"2019-06-18T12:12:37","date_gmt":"2019-06-18T12:12:37","guid":{"rendered":"https:\/\/tpag.ch\/project-portfolio\/schulgebaeude-mehrzweckanlagen-sportanlagen\/"},"modified":"2025-07-10T09:11:23","modified_gmt":"2025-07-10T09:11:23","slug":"school-buildings-multi-purpose-facilities-sports-facilities","status":"publish","type":"page","link":"https:\/\/tpag.ch\/en\/project-portfolio\/school-buildings-multi-purpose-facilities-sports-facilities\/","title":{"rendered":"School Buildings \/ Multi-Purpose Facilities \/ Sports Facilities"},"content":{"rendered":"<section class=\"l-section wpb_row height_custom\"><div class=\"l-section-h i-cf\"><div class=\"g-cols vc_row via_flex valign_top type_default stacking_default\"><div class=\"vc_col-sm-12 wpb_column vc_column_container\"><div class=\"vc_column-inner\"><div class=\"wpb_wrapper\"><div class=\"wpb_text_column\"><div class=\"wpb_wrapper\"><h1>School Buildings \/ Multi-Purpose Facilities \/ Sports Facilities<\/h1>\n<\/div><\/div><div class=\"ult-spacer spacer-69e214d86d5be\" data-id=\"69e214d86d5be\" data-height=\"30\" data-height-mobile=\"30\" data-height-tab=\"30\" data-height-tab-portrait=\"\" data-height-mobile-landscape=\"\" style=\"clear:both;display:block;\"><\/div><div class=\"g-cols wpb_row via_flex valign_top type_default stacking_default\"><div class=\"vc_col-sm-4 wpb_column vc_column_container\"><div class=\"vc_column-inner\"><div class=\"wpb_wrapper\"><div class=\"w-image us_custom_e716c567 align_none\"><div class=\"w-image-h\"><img decoding=\"async\" width=\"1024\" height=\"1024\" src=\"https:\/\/tpag.ch\/wp-content\/uploads\/2019\/09\/tp_10_Schule_Ante_Portas_Port.jpg\" class=\"attachment-large size-large\" alt=\"\" loading=\"lazy\" srcset=\"https:\/\/tpag.ch\/wp-content\/uploads\/2019\/09\/tp_10_Schule_Ante_Portas_Port.jpg 1024w, https:\/\/tpag.ch\/wp-content\/uploads\/2019\/09\/tp_10_Schule_Ante_Portas_Port-150x150.jpg 150w, https:\/\/tpag.ch\/wp-content\/uploads\/2019\/09\/tp_10_Schule_Ante_Portas_Port-300x300.jpg 300w, https:\/\/tpag.ch\/wp-content\/uploads\/2019\/09\/tp_10_Schule_Ante_Portas_Port-350x350.jpg 350w, https:\/\/tpag.ch\/wp-content\/uploads\/2019\/09\/tp_10_Schule_Ante_Portas_Port-600x600.jpg 600w, https:\/\/tpag.ch\/wp-content\/uploads\/2019\/09\/tp_10_Schule_Ante_Portas_Port-100x100.jpg 100w\" sizes=\"auto, (max-width: 1024px) 100vw, 1024px\" \/><\/div><\/div><div class=\"ult-spacer spacer-69e214d86e385\" data-id=\"69e214d86e385\" data-height=\"15\" data-height-mobile=\"15\" data-height-tab=\"15\" data-height-tab-portrait=\"\" data-height-mobile-landscape=\"\" style=\"clear:both;display:block;\"><\/div><div class=\"wpb_text_column\"><div class=\"wpb_wrapper\"><p>2017 | Neue Schule Ante Portas, Port<\/p>\n<p>Planning: HVAC &amp; plumbing<\/p>\n<p>Special feature: MINERGIE-certified. Timber construction with integrated building systems.<\/p>\n<p>Architecture: skop Architekten, Zurich<\/p>\n<\/div><\/div><div class=\"ult-spacer spacer-69e214d86e597\" data-id=\"69e214d86e597\" data-height=\"45\" data-height-mobile=\"45\" data-height-tab=\"45\" data-height-tab-portrait=\"\" data-height-mobile-landscape=\"\" style=\"clear:both;display:block;\"><\/div><\/div><\/div><\/div><div class=\"vc_col-sm-4 wpb_column vc_column_container\"><div class=\"vc_column-inner\"><div class=\"wpb_wrapper\"><div class=\"w-image us_custom_e716c567 align_none\"><div class=\"w-image-h\"><img decoding=\"async\" width=\"1024\" height=\"1024\" src=\"https:\/\/tpag.ch\/wp-content\/uploads\/2019\/09\/tp_10_SPZ_Gstaad.jpg\" class=\"attachment-large size-large\" alt=\"\" loading=\"lazy\" srcset=\"https:\/\/tpag.ch\/wp-content\/uploads\/2019\/09\/tp_10_SPZ_Gstaad.jpg 1024w, https:\/\/tpag.ch\/wp-content\/uploads\/2019\/09\/tp_10_SPZ_Gstaad-150x150.jpg 150w, https:\/\/tpag.ch\/wp-content\/uploads\/2019\/09\/tp_10_SPZ_Gstaad-300x300.jpg 300w, https:\/\/tpag.ch\/wp-content\/uploads\/2019\/09\/tp_10_SPZ_Gstaad-350x350.jpg 350w, https:\/\/tpag.ch\/wp-content\/uploads\/2019\/09\/tp_10_SPZ_Gstaad-600x600.jpg 600w, https:\/\/tpag.ch\/wp-content\/uploads\/2019\/09\/tp_10_SPZ_Gstaad-100x100.jpg 100w\" sizes=\"auto, (max-width: 1024px) 100vw, 1024px\" \/><\/div><\/div><div class=\"ult-spacer spacer-69e214d86ebd5\" data-id=\"69e214d86ebd5\" data-height=\"15\" data-height-mobile=\"15\" data-height-tab=\"15\" data-height-tab-portrait=\"\" data-height-mobile-landscape=\"\" style=\"clear:both;display:block;\"><\/div><div class=\"wpb_text_column\"><div class=\"wpb_wrapper\"><p>2017 | Sports center SPZ, Gstaad<\/p>\n<p>Planning: HVAC &amp; plumbing<\/p>\n<p>Special feature: Pool renovation and expansion during ongoing operations.<\/p>\n<p>Architecture: K+L Architekten, St. Gallen<\/p>\n<\/div><\/div><div class=\"ult-spacer spacer-69e214d86edb2\" data-id=\"69e214d86edb2\" data-height=\"45\" data-height-mobile=\"45\" data-height-tab=\"45\" data-height-tab-portrait=\"\" data-height-mobile-landscape=\"\" style=\"clear:both;display:block;\"><\/div><\/div><\/div><\/div><div class=\"vc_col-sm-4 wpb_column vc_column_container\"><div class=\"vc_column-inner\"><div class=\"wpb_wrapper\"><div class=\"w-image us_custom_e716c567 align_none\"><div class=\"w-image-h\"><img decoding=\"async\" width=\"1024\" height=\"1024\" src=\"https:\/\/tpag.ch\/wp-content\/uploads\/2019\/09\/tp_10_SI_Campus_Delemont.jpg\" class=\"attachment-large size-large\" alt=\"\" loading=\"lazy\" srcset=\"https:\/\/tpag.ch\/wp-content\/uploads\/2019\/09\/tp_10_SI_Campus_Delemont.jpg 1024w, https:\/\/tpag.ch\/wp-content\/uploads\/2019\/09\/tp_10_SI_Campus_Delemont-150x150.jpg 150w, https:\/\/tpag.ch\/wp-content\/uploads\/2019\/09\/tp_10_SI_Campus_Delemont-300x300.jpg 300w, https:\/\/tpag.ch\/wp-content\/uploads\/2019\/09\/tp_10_SI_Campus_Delemont-350x350.jpg 350w, https:\/\/tpag.ch\/wp-content\/uploads\/2019\/09\/tp_10_SI_Campus_Delemont-600x600.jpg 600w, https:\/\/tpag.ch\/wp-content\/uploads\/2019\/09\/tp_10_SI_Campus_Delemont-100x100.jpg 100w\" sizes=\"auto, (max-width: 1024px) 100vw, 1024px\" \/><\/div><\/div><div class=\"ult-spacer spacer-69e214d86f3c0\" data-id=\"69e214d86f3c0\" data-height=\"15\" data-height-mobile=\"15\" data-height-tab=\"15\" data-height-tab-portrait=\"\" data-height-mobile-landscape=\"\" style=\"clear:both;display:block;\"><\/div><div class=\"wpb_text_column\"><div class=\"wpb_wrapper\"><p>2016 | SI Campus NE \u2013 Jura SA, Del\u00e9mont<\/p>\n<p>Planning: Plumbing &amp; sprinkler systems<\/p>\n<p>Special feature: MINERGIE-certified. University building.<\/p>\n<p>Architecture: ipas Architectes, Neuch\u00e2tel<\/p>\n<\/div><\/div><div class=\"ult-spacer spacer-69e214d86f596\" data-id=\"69e214d86f596\" data-height=\"45\" data-height-mobile=\"45\" data-height-tab=\"45\" data-height-tab-portrait=\"\" data-height-mobile-landscape=\"\" style=\"clear:both;display:block;\"><\/div><\/div><\/div><\/div><\/div><div class=\"g-cols wpb_row via_flex valign_top type_default stacking_default\"><div class=\"vc_col-sm-4 wpb_column vc_column_container\"><div class=\"vc_column-inner\"><div class=\"wpb_wrapper\"><div class=\"w-image us_custom_e716c567 align_none\"><div class=\"w-image-h\"><img decoding=\"async\" width=\"1024\" height=\"1024\" src=\"https:\/\/tpag.ch\/wp-content\/uploads\/2019\/09\/tp_10_Tissot_Arena_Biel.jpg\" class=\"attachment-large size-large\" alt=\"\" loading=\"lazy\" srcset=\"https:\/\/tpag.ch\/wp-content\/uploads\/2019\/09\/tp_10_Tissot_Arena_Biel.jpg 1024w, https:\/\/tpag.ch\/wp-content\/uploads\/2019\/09\/tp_10_Tissot_Arena_Biel-150x150.jpg 150w, https:\/\/tpag.ch\/wp-content\/uploads\/2019\/09\/tp_10_Tissot_Arena_Biel-300x300.jpg 300w, https:\/\/tpag.ch\/wp-content\/uploads\/2019\/09\/tp_10_Tissot_Arena_Biel-350x350.jpg 350w, https:\/\/tpag.ch\/wp-content\/uploads\/2019\/09\/tp_10_Tissot_Arena_Biel-600x600.jpg 600w, https:\/\/tpag.ch\/wp-content\/uploads\/2019\/09\/tp_10_Tissot_Arena_Biel-100x100.jpg 100w\" sizes=\"auto, (max-width: 1024px) 100vw, 1024px\" \/><\/div><\/div><div class=\"ult-spacer spacer-69e214d86fd07\" data-id=\"69e214d86fd07\" data-height=\"15\" data-height-mobile=\"15\" data-height-tab=\"15\" data-height-tab-portrait=\"\" data-height-mobile-landscape=\"\" style=\"clear:both;display:block;\"><\/div><div class=\"wpb_text_column\"><div class=\"wpb_wrapper\"><p>2015 | Stades de Bienne, Tissot Arena, Biel<\/p>\n<p>Planning: HVAC, plumbing &amp; sprinkler systems<\/p>\n<p>Special feature: MINERGIE-certified. Multi-sport facility including ice hockey, football, curling, etc.<\/p>\n<p>Architecture: GLS Architekten, Biel \/ GD Architectes, Neuch\u00e2tel<\/p>\n<\/div><\/div><div class=\"ult-spacer spacer-69e214d86fef3\" data-id=\"69e214d86fef3\" data-height=\"45\" data-height-mobile=\"45\" data-height-tab=\"45\" data-height-tab-portrait=\"\" data-height-mobile-landscape=\"\" style=\"clear:both;display:block;\"><\/div><\/div><\/div><\/div><div class=\"vc_col-sm-4 wpb_column vc_column_container\"><div class=\"vc_column-inner\"><div class=\"wpb_wrapper\"><div class=\"w-image us_custom_e716c567 align_none\"><div class=\"w-image-h\"><img decoding=\"async\" width=\"1024\" height=\"1024\" src=\"https:\/\/tpag.ch\/wp-content\/uploads\/2019\/09\/tp_10_College_Delemont.jpg\" class=\"attachment-large size-large\" alt=\"\" loading=\"lazy\" srcset=\"https:\/\/tpag.ch\/wp-content\/uploads\/2019\/09\/tp_10_College_Delemont.jpg 1024w, https:\/\/tpag.ch\/wp-content\/uploads\/2019\/09\/tp_10_College_Delemont-150x150.jpg 150w, https:\/\/tpag.ch\/wp-content\/uploads\/2019\/09\/tp_10_College_Delemont-300x300.jpg 300w, https:\/\/tpag.ch\/wp-content\/uploads\/2019\/09\/tp_10_College_Delemont-350x350.jpg 350w, https:\/\/tpag.ch\/wp-content\/uploads\/2019\/09\/tp_10_College_Delemont-600x600.jpg 600w, https:\/\/tpag.ch\/wp-content\/uploads\/2019\/09\/tp_10_College_Delemont-100x100.jpg 100w\" sizes=\"auto, (max-width: 1024px) 100vw, 1024px\" \/><\/div><\/div><div class=\"ult-spacer spacer-69e214d870560\" data-id=\"69e214d870560\" data-height=\"15\" data-height-mobile=\"15\" data-height-tab=\"15\" data-height-tab-portrait=\"\" data-height-mobile-landscape=\"\" style=\"clear:both;display:block;\"><\/div><div class=\"wpb_text_column\"><div class=\"wpb_wrapper\"><p>2012 | Del\u00e9mont Secondary School<\/p>\n<p>Planning: HVAC &amp; plumbing<\/p>\n<p>Special feature: MINERGIE-certified. Timber construction with integrated building systems.<\/p>\n<p>Architecture: GXM Architekten, Zurich<\/p>\n<\/div><\/div><div class=\"ult-spacer spacer-69e214d870744\" data-id=\"69e214d870744\" data-height=\"45\" data-height-mobile=\"45\" data-height-tab=\"45\" data-height-tab-portrait=\"\" data-height-mobile-landscape=\"\" style=\"clear:both;display:block;\"><\/div><\/div><\/div><\/div><div class=\"vc_col-sm-4 wpb_column vc_column_container\"><div class=\"vc_column-inner\"><div class=\"wpb_wrapper\"><div class=\"w-image us_custom_e716c567 align_none\"><div class=\"w-image-h\"><img decoding=\"async\" width=\"1024\" height=\"1024\" src=\"https:\/\/tpag.ch\/wp-content\/uploads\/2019\/09\/tp_10_Maladiere_Neuchatel.jpg\" class=\"attachment-large size-large\" alt=\"\" loading=\"lazy\" srcset=\"https:\/\/tpag.ch\/wp-content\/uploads\/2019\/09\/tp_10_Maladiere_Neuchatel.jpg 1024w, https:\/\/tpag.ch\/wp-content\/uploads\/2019\/09\/tp_10_Maladiere_Neuchatel-150x150.jpg 150w, https:\/\/tpag.ch\/wp-content\/uploads\/2019\/09\/tp_10_Maladiere_Neuchatel-300x300.jpg 300w, https:\/\/tpag.ch\/wp-content\/uploads\/2019\/09\/tp_10_Maladiere_Neuchatel-350x350.jpg 350w, https:\/\/tpag.ch\/wp-content\/uploads\/2019\/09\/tp_10_Maladiere_Neuchatel-600x600.jpg 600w, https:\/\/tpag.ch\/wp-content\/uploads\/2019\/09\/tp_10_Maladiere_Neuchatel-100x100.jpg 100w\" sizes=\"auto, (max-width: 1024px) 100vw, 1024px\" \/><\/div><\/div><div class=\"ult-spacer spacer-69e214d870d5c\" data-id=\"69e214d870d5c\" data-height=\"15\" data-height-mobile=\"15\" data-height-tab=\"15\" data-height-tab-portrait=\"\" data-height-mobile-landscape=\"\" style=\"clear:both;display:block;\"><\/div><div class=\"wpb_text_column\"><div class=\"wpb_wrapper\"><p>2006 | La Maladi\u00e8re, Neuch\u00e2tel<\/p>\n<p>Planning: Plumbing &amp; sprinkler systems<\/p>\n<p>Special feature: Football stadium, triple gymnasium, fire station, shopping center.<\/p>\n<p>Architecture: GD Architectes, Neuch\u00e2tel<\/p>\n<\/div><\/div><div class=\"ult-spacer spacer-69e214d870f3f\" data-id=\"69e214d870f3f\" data-height=\"45\" data-height-mobile=\"45\" data-height-tab=\"45\" data-height-tab-portrait=\"\" data-height-mobile-landscape=\"\" style=\"clear:both;display:block;\"><\/div><\/div><\/div><\/div><\/div><\/div><\/div><\/div><\/div><\/div><\/section><section class=\"l-section wpb_row height_custom\"><div class=\"l-section-h i-cf\"><div class=\"g-cols vc_row via_flex valign_top type_default stacking_default\"><div class=\"vc_col-sm-12 wpb_column vc_column_container\"><div class=\"vc_column-inner\"><div class=\"wpb_wrapper\"><div class=\"wpb_text_column\"><div class=\"wpb_wrapper\"><h2>More reference projects<\/h2>\n<p>Multi-Purpose Facility, Port<\/p>\n<p>School complex, Carrouge<\/p>\n<p>Broye High School, Payerne<\/p>\n<p>Neue Schule Ante Portas, Port<\/p>\n<p>Sports center SPZ, Gstaad<\/p>\n<p>Kindergarten Champagne, Biel<\/p>\n<p>SI Campus HE \u2013 Jura SA, Del\u00e9mont<\/p>\n<p>Stades de Bienne, Tissot Arena, Biel<\/p>\n<p>School building B\u00e4rlet, Br\u00fcgg<\/p>\n<p>Daycare center Zukunft, Biel<\/p>\n<p>Swiss Federal Gymnastics Festival, Biel<\/p>\n<p>Del\u00e9mont Secondary School<\/p>\n<p>Moutier Vocational School<\/p>\n<p>Kindergarten and day school, Bellmund<\/p>\n<p>University of the Arts, Biel<\/p>\n<p>Cr\u00eat-du-Ch\u00eane Secondary School, Neuch\u00e2tel<\/p>\n<p>OSZ Madretsch, Biel<\/p>\n<p>La Maladi\u00e8re, Neuch\u00e2tel<\/p>\n<p>Triple gymnasium La Riveraine, Neuch\u00e2tel<\/p>\n<p>KSS Schaffhausen<\/p>\n<\/div><\/div><\/div><\/div><\/div><\/div><\/div><\/section><section class=\"l-section wpb_row height_custom\"><div class=\"l-section-h i-cf\"><div class=\"g-cols vc_row via_flex valign_top type_default stacking_default\"><div class=\"vc_col-sm-12 wpb_column vc_column_container\"><div class=\"vc_column-inner\"><div class=\"wpb_wrapper\"><div class=\"aio-icon-component   icon style_1\"><a class=\"aio-icon-box-link\" href=\"https:\/\/tpag.ch\/en\/project-portfolio\/\" title=\"Project portfolio\" ><div id=\"Info-box-wrap-4613\" class=\"aio-icon-box left-icon\" style=\"\"  ><div class=\"aio-icon-left\"><div class=\"ult-just-icon-wrapper  \"><div class=\"align-icon\" style=\"text-align:center;\">\n<div class=\"aio-icon-img \" style=\"font-size:100px;display:inline-block;\" >\n\t<img decoding=\"async\" class=\"img-icon\" alt=\"null\" src=\"https:\/\/tpag.ch\/wp-content\/uploads\/2019\/05\/tp-referenzen.jpg\"\/>\n<\/div><\/div><\/div><\/div><div class=\"aio-ibd-block\"><div class=\"aio-icon-description ult-responsive\"  data-ultimate-target='#Info-box-wrap-4613 .aio-icon-description'  data-responsive-json-new='{\"font-size\":\"\",\"line-height\":\"\"}'  style=\"color:#d90000;\">\n<h2>Back to the project portfolio <span class=\"invis\">\u2192<\/span><\/h2>\n<\/div> <!-- description --><\/div> <!-- aio-ibd-block --><\/div> <!-- aio-icon-box --><\/a><\/div> <!-- aio-icon-component --><\/div><\/div><\/div><\/div><\/div><\/section>\n","protected":false},"excerpt":{"rendered":"School Buildings \/ Multi-Purpose Facilities \/ Sports Facilities 2017 | Neue Schule Ante Portas, Port Planning: HVAC &amp; plumbing Special feature: MINERGIE-certified. Timber construction with integrated building systems. Architecture: skop Architekten, Zurich 2017 | Sports center SPZ, Gstaad Planning: HVAC &amp; plumbing Special feature: Pool renovation and expansion during ongoing operations. Architecture: K+L Architekten, St....","protected":false},"author":1,"featured_media":0,"parent":1093,"menu_order":0,"comment_status":"closed","ping_status":"closed","template":"","meta":{"footnotes":""},"class_list":["post-1168","page","type-page","status-publish","hentry"],"yoast_head":"<!-- This site is optimized with the Yoast SEO plugin v25.6 - https:\/\/yoast.com\/wordpress\/plugins\/seo\/ -->\n<title>School Buildings \/ Multi-Purpose Facilities \/ Sports Facilities - tp<\/title>\n<meta name=\"robots\" content=\"index, follow, max-snippet:-1, max-image-preview:large, max-video-preview:-1\" \/>\n<link rel=\"canonical\" href=\"https:\/\/tpag.ch\/en\/project-portfolio\/school-buildings-multi-purpose-facilities-sports-facilities\/\" \/>\n<meta property=\"og:locale\" content=\"en_US\" \/>\n<meta property=\"og:type\" content=\"article\" \/>\n<meta property=\"og:title\" content=\"School Buildings \/ Multi-Purpose Facilities \/ Sports Facilities - tp\" \/>\n<meta property=\"og:url\" content=\"https:\/\/tpag.ch\/en\/project-portfolio\/school-buildings-multi-purpose-facilities-sports-facilities\/\" \/>\n<meta property=\"og:site_name\" content=\"tp\" \/>\n<meta property=\"article:modified_time\" content=\"2025-07-10T09:11:23+00:00\" \/>\n<meta name=\"twitter:card\" content=\"summary_large_image\" \/>\n<meta name=\"twitter:label1\" content=\"Est. reading time\" \/>\n\t<meta name=\"twitter:data1\" content=\"2 minutes\" \/>\n<script type=\"application\/ld+json\" class=\"yoast-schema-graph\">{\"@context\":\"https:\/\/schema.org\",\"@graph\":[{\"@type\":\"WebPage\",\"@id\":\"https:\/\/tpag.ch\/en\/project-portfolio\/school-buildings-multi-purpose-facilities-sports-facilities\/\",\"url\":\"https:\/\/tpag.ch\/en\/project-portfolio\/school-buildings-multi-purpose-facilities-sports-facilities\/\",\"name\":\"School Buildings \/ Multi-Purpose Facilities \/ Sports Facilities - tp\",\"isPartOf\":{\"@id\":\"https:\/\/tpag.ch\/#website\"},\"datePublished\":\"2019-06-18T12:12:37+00:00\",\"dateModified\":\"2025-07-10T09:11:23+00:00\",\"breadcrumb\":{\"@id\":\"https:\/\/tpag.ch\/en\/project-portfolio\/school-buildings-multi-purpose-facilities-sports-facilities\/#breadcrumb\"},\"inLanguage\":\"en-US\",\"potentialAction\":[{\"@type\":\"ReadAction\",\"target\":[\"https:\/\/tpag.ch\/en\/project-portfolio\/school-buildings-multi-purpose-facilities-sports-facilities\/\"]}]},{\"@type\":\"BreadcrumbList\",\"@id\":\"https:\/\/tpag.ch\/en\/project-portfolio\/school-buildings-multi-purpose-facilities-sports-facilities\/#breadcrumb\",\"itemListElement\":[{\"@type\":\"ListItem\",\"position\":1,\"name\":\"Home\",\"item\":\"https:\/\/tpag.ch\/en\/\"},{\"@type\":\"ListItem\",\"position\":2,\"name\":\"Project portfolio\",\"item\":\"https:\/\/tpag.ch\/en\/project-portfolio\/\"},{\"@type\":\"ListItem\",\"position\":3,\"name\":\"School Buildings \/ Multi-Purpose Facilities \/ Sports Facilities\"}]},{\"@type\":\"WebSite\",\"@id\":\"https:\/\/tpag.ch\/#website\",\"url\":\"https:\/\/tpag.ch\/\",\"name\":\"tp\",\"description\":\"AG f\u00fcr technische Planungen\",\"potentialAction\":[{\"@type\":\"SearchAction\",\"target\":{\"@type\":\"EntryPoint\",\"urlTemplate\":\"https:\/\/tpag.ch\/?s={search_term_string}\"},\"query-input\":{\"@type\":\"PropertyValueSpecification\",\"valueRequired\":true,\"valueName\":\"search_term_string\"}}],\"inLanguage\":\"en-US\"}]}<\/script>\n<!-- \/ Yoast SEO plugin. -->","yoast_head_json":{"title":"School Buildings \/ Multi-Purpose Facilities \/ Sports Facilities - tp","robots":{"index":"index","follow":"follow","max-snippet":"max-snippet:-1","max-image-preview":"max-image-preview:large","max-video-preview":"max-video-preview:-1"},"canonical":"https:\/\/tpag.ch\/en\/project-portfolio\/school-buildings-multi-purpose-facilities-sports-facilities\/","og_locale":"en_US","og_type":"article","og_title":"School Buildings \/ Multi-Purpose Facilities \/ Sports Facilities - tp","og_url":"https:\/\/tpag.ch\/en\/project-portfolio\/school-buildings-multi-purpose-facilities-sports-facilities\/","og_site_name":"tp","article_modified_time":"2025-07-10T09:11:23+00:00","twitter_card":"summary_large_image","twitter_misc":{"Est. reading time":"2 minutes"},"schema":{"@context":"https:\/\/schema.org","@graph":[{"@type":"WebPage","@id":"https:\/\/tpag.ch\/en\/project-portfolio\/school-buildings-multi-purpose-facilities-sports-facilities\/","url":"https:\/\/tpag.ch\/en\/project-portfolio\/school-buildings-multi-purpose-facilities-sports-facilities\/","name":"School Buildings \/ Multi-Purpose Facilities \/ Sports Facilities - tp","isPartOf":{"@id":"https:\/\/tpag.ch\/#website"},"datePublished":"2019-06-18T12:12:37+00:00","dateModified":"2025-07-10T09:11:23+00:00","breadcrumb":{"@id":"https:\/\/tpag.ch\/en\/project-portfolio\/school-buildings-multi-purpose-facilities-sports-facilities\/#breadcrumb"},"inLanguage":"en-US","potentialAction":[{"@type":"ReadAction","target":["https:\/\/tpag.ch\/en\/project-portfolio\/school-buildings-multi-purpose-facilities-sports-facilities\/"]}]},{"@type":"BreadcrumbList","@id":"https:\/\/tpag.ch\/en\/project-portfolio\/school-buildings-multi-purpose-facilities-sports-facilities\/#breadcrumb","itemListElement":[{"@type":"ListItem","position":1,"name":"Home","item":"https:\/\/tpag.ch\/en\/"},{"@type":"ListItem","position":2,"name":"Project portfolio","item":"https:\/\/tpag.ch\/en\/project-portfolio\/"},{"@type":"ListItem","position":3,"name":"School Buildings \/ Multi-Purpose Facilities \/ Sports Facilities"}]},{"@type":"WebSite","@id":"https:\/\/tpag.ch\/#website","url":"https:\/\/tpag.ch\/","name":"tp","description":"AG f\u00fcr technische Planungen","potentialAction":[{"@type":"SearchAction","target":{"@type":"EntryPoint","urlTemplate":"https:\/\/tpag.ch\/?s={search_term_string}"},"query-input":{"@type":"PropertyValueSpecification","valueRequired":true,"valueName":"search_term_string"}}],"inLanguage":"en-US"}]}},"_links":{"self":[{"href":"https:\/\/tpag.ch\/en\/wp-json\/wp\/v2\/pages\/1168","targetHints":{"allow":["GET"]}}],"collection":[{"href":"https:\/\/tpag.ch\/en\/wp-json\/wp\/v2\/pages"}],"about":[{"href":"https:\/\/tpag.ch\/en\/wp-json\/wp\/v2\/types\/page"}],"author":[{"embeddable":true,"href":"https:\/\/tpag.ch\/en\/wp-json\/wp\/v2\/users\/1"}],"replies":[{"embeddable":true,"href":"https:\/\/tpag.ch\/en\/wp-json\/wp\/v2\/comments?post=1168"}],"version-history":[{"count":3,"href":"https:\/\/tpag.ch\/en\/wp-json\/wp\/v2\/pages\/1168\/revisions"}],"predecessor-version":[{"id":1171,"href":"https:\/\/tpag.ch\/en\/wp-json\/wp\/v2\/pages\/1168\/revisions\/1171"}],"up":[{"embeddable":true,"href":"https:\/\/tpag.ch\/en\/wp-json\/wp\/v2\/pages\/1093"}],"wp:attachment":[{"href":"https:\/\/tpag.ch\/en\/wp-json\/wp\/v2\/media?parent=1168"}],"curies":[{"name":"wp","href":"https:\/\/api.w.org\/{rel}","templated":true}]}}